{"id":14255,"date":"2025-10-27T11:20:13","date_gmt":"2025-10-27T11:20:13","guid":{"rendered":"https:\/\/enlineabarcelona.com\/producto\/lampra-montjuic\/"},"modified":"2025-10-27T11:20:25","modified_gmt":"2025-10-27T11:20:25","slug":"lampra-montjuic","status":"publish","type":"product","link":"https:\/\/enlineabarcelona.com\/ca\/producto\/lampra-montjuic\/","title":{"rendered":"L\u00e1mpara Montjuic"},"content":{"rendered":"\n<p>La silueta de Montjuic se caracteriza por la simetr\u00eda de las formas triangulares de la base y el difusor, en equilibrio sobre una esfera roja. La estructura est\u00e1 inspirada en la llama ol\u00edmpica de los Juegos de Verano de Barcelona, tambi\u00e9n retomada por el arquitecto Calatrava en la torre de telecomunicaciones de Montjuic, que se encuentra en el Parque Ol\u00edmpico de Barcelona.<\/p>\n\n\n\n<p><\/p>\n","protected":false},"excerpt":{"rendered":"<p>La silueta de Montjuic se caracteriza por la simetr\u00eda de las formas triangulares de la base y el difusor, en equilibrio sobre una esfera roja. La estructura est\u00e1 inspirada en la llama ol\u00edmpica de los Juegos de Verano de Barcelona, tambi\u00e9n retomada por el arquitecto Calatrava en la torre de telecomunicaciones de Montjuic, que se &#8230; <a title=\"L\u00e1mpara Montjuic\" class=\"read-more\" href=\"https:\/\/enlineabarcelona.com\/ca\/producto\/lampra-montjuic\/\" aria-label=\"M\u00e9s informaci\u00f3 sobre L\u00e1mpara Montjuic\">Llegiu m\u00e9s<\/a><\/p>\n","protected":false},"featured_media":12258,"comment_status":"closed","ping_status":"open","template":"","meta":{"_acf_changed":false},"product_cat":[1156,1200],"product_tag":[],"disenadores":[818],"marca":[1159],"class_list":{"0":"post-14255","1":"product","2":"type-product","3":"status-publish","4":"has-post-thumbnail","6":"product_cat-iluminacion","7":"product_cat-lamparas-de-pie","8":"disenadores-santiago-calatrava","9":"marca-artemide-iluminando-vidas-con-arte-y-diseno","10":"sales-flash-overlay","11":"woocommerce-text-align-center","12":"woocommerce-image-align-center","13":"do-quantity-buttons","15":"first","16":"instock","17":"purchasable","18":"product-type-simple"},"acf":[],"_links":{"self":[{"href":"https:\/\/enlineabarcelona.com\/ca\/wp-json\/wp\/v2\/product\/14255","targetHints":{"allow":["GET"]}}],"collection":[{"href":"https:\/\/enlineabarcelona.com\/ca\/wp-json\/wp\/v2\/product"}],"about":[{"href":"https:\/\/enlineabarcelona.com\/ca\/wp-json\/wp\/v2\/types\/product"}],"replies":[{"embeddable":true,"href":"https:\/\/enlineabarcelona.com\/ca\/wp-json\/wp\/v2\/comments?post=14255"}],"wp:featuredmedia":[{"embeddable":true,"href":"https:\/\/enlineabarcelona.com\/ca\/wp-json\/wp\/v2\/media\/12258"}],"wp:attachment":[{"href":"https:\/\/enlineabarcelona.com\/ca\/wp-json\/wp\/v2\/media?parent=14255"}],"wp:term":[{"taxonomy":"product_cat","embeddable":true,"href":"https:\/\/enlineabarcelona.com\/ca\/wp-json\/wp\/v2\/product_cat?post=14255"},{"taxonomy":"product_tag","embeddable":true,"href":"https:\/\/enlineabarcelona.com\/ca\/wp-json\/wp\/v2\/product_tag?post=14255"},{"taxonomy":"disenadores","embeddable":true,"href":"https:\/\/enlineabarcelona.com\/ca\/wp-json\/wp\/v2\/disenadores?post=14255"},{"taxonomy":"marca","embeddable":true,"href":"https:\/\/enlineabarcelona.com\/ca\/wp-json\/wp\/v2\/marca?post=14255"}],"curies":[{"name":"wp","href":"https:\/\/api.w.org\/{rel}","templated":true}]}}