{"id":14256,"date":"2025-10-27T11:20:13","date_gmt":"2025-10-27T11:20:13","guid":{"rendered":"https:\/\/enlineabarcelona.com\/producto\/lampara-pausania\/"},"modified":"2025-10-27T11:20:25","modified_gmt":"2025-10-27T11:20:25","slug":"lampara-pausania","status":"publish","type":"product","link":"https:\/\/enlineabarcelona.com\/ca\/producto\/lampara-pausania\/","title":{"rendered":"L\u00e1mpara Pausania"},"content":{"rendered":"\n<p>Reedici\u00f3n de la c\u00e9lebre l\u00e1mpara de Ettore Sottsass, actualizada en versi\u00f3n LED TW con luz blanca variable.<\/p>\n","protected":false},"excerpt":{"rendered":"<p>Reedici\u00f3n de la c\u00e9lebre l\u00e1mpara de Ettore Sottsass, actualizada en versi\u00f3n LED TW con luz blanca variable.<\/p>\n","protected":false},"featured_media":12262,"comment_status":"closed","ping_status":"open","template":"","meta":{"_acf_changed":false},"product_cat":[1156,1198],"product_tag":[],"disenadores":[821],"marca":[1159],"class_list":{"0":"post-14256","1":"product","2":"type-product","3":"status-publish","4":"has-post-thumbnail","6":"product_cat-iluminacion","7":"product_cat-lamparas-de-sobremesa","8":"disenadores-ettore-sottsass","9":"marca-artemide-iluminando-vidas-con-arte-y-diseno","10":"sales-flash-overlay","11":"woocommerce-text-align-center","12":"woocommerce-image-align-center","13":"do-quantity-buttons","14":"wc-has-gallery","16":"first","17":"instock","18":"purchasable","19":"product-type-simple"},"acf":[],"_links":{"self":[{"href":"https:\/\/enlineabarcelona.com\/ca\/wp-json\/wp\/v2\/product\/14256","targetHints":{"allow":["GET"]}}],"collection":[{"href":"https:\/\/enlineabarcelona.com\/ca\/wp-json\/wp\/v2\/product"}],"about":[{"href":"https:\/\/enlineabarcelona.com\/ca\/wp-json\/wp\/v2\/types\/product"}],"replies":[{"embeddable":true,"href":"https:\/\/enlineabarcelona.com\/ca\/wp-json\/wp\/v2\/comments?post=14256"}],"wp:featuredmedia":[{"embeddable":true,"href":"https:\/\/enlineabarcelona.com\/ca\/wp-json\/wp\/v2\/media\/12262"}],"wp:attachment":[{"href":"https:\/\/enlineabarcelona.com\/ca\/wp-json\/wp\/v2\/media?parent=14256"}],"wp:term":[{"taxonomy":"product_cat","embeddable":true,"href":"https:\/\/enlineabarcelona.com\/ca\/wp-json\/wp\/v2\/product_cat?post=14256"},{"taxonomy":"product_tag","embeddable":true,"href":"https:\/\/enlineabarcelona.com\/ca\/wp-json\/wp\/v2\/product_tag?post=14256"},{"taxonomy":"disenadores","embeddable":true,"href":"https:\/\/enlineabarcelona.com\/ca\/wp-json\/wp\/v2\/disenadores?post=14256"},{"taxonomy":"marca","embeddable":true,"href":"https:\/\/enlineabarcelona.com\/ca\/wp-json\/wp\/v2\/marca?post=14256"}],"curies":[{"name":"wp","href":"https:\/\/api.w.org\/{rel}","templated":true}]}}