{"id":14258,"date":"2025-10-27T11:20:13","date_gmt":"2025-10-27T11:20:13","guid":{"rendered":"https:\/\/enlineabarcelona.com\/producto\/sofa-mariusmarius\/"},"modified":"2025-10-27T11:20:27","modified_gmt":"2025-10-27T11:20:27","slug":"sofa-mariusmarius","status":"publish","type":"product","link":"https:\/\/enlineabarcelona.com\/ca\/producto\/sofa-mariusmarius\/","title":{"rendered":"Sof\u00e1 Marius&amp;Marius"},"content":{"rendered":"\n<p>Dise\u00f1ado originalmente por Mario Marenco en 1970, Marius&amp;Marius<em> <\/em>regresa como parte de la colecci\u00f3n 2025 de Arflex, reafirmando su estatus como un \u00edcono del dise\u00f1o italiano. Este sof\u00e1 distintivo captura el esp\u00edritu de una \u00e9poca en la que la creatividad, la iron\u00eda y el confort se combinaban con naturalidad para redefinir los l\u00edmites del habitar dom\u00e9stico. Con su silueta inconfundible y su car\u00e1cter l\u00fadico,\u00a0<em> <\/em>Marius&amp;Marius se convierte en s\u00edmbolo de un momento en que los dise\u00f1adores italianos se atrev\u00edan a ser audaces, originales y centrados en las personas. Hoy, Arflex reintroduce con orgullo esta pieza atemporal, preservando su personalidad \u00fanica y celebrando su vigencia en los interiores contempor\u00e1neos.<\/p>\n\n\n\n<p><\/p>\n","protected":false},"excerpt":{"rendered":"<p>Dise\u00f1ado originalmente por Mario Marenco en 1970, Marius&amp;Marius regresa como parte de la colecci\u00f3n 2025 de Arflex, reafirmando su estatus como un \u00edcono del dise\u00f1o italiano. Este sof\u00e1 distintivo captura el esp\u00edritu de una \u00e9poca en la que la creatividad, la iron\u00eda y el confort se combinaban con naturalidad para redefinir los l\u00edmites del habitar &#8230; <a title=\"Sof\u00e1 Marius&amp;Marius\" class=\"read-more\" href=\"https:\/\/enlineabarcelona.com\/ca\/producto\/sofa-mariusmarius\/\" aria-label=\"M\u00e9s informaci\u00f3 sobre Sof\u00e1 Marius&amp;Marius\">Llegiu m\u00e9s<\/a><\/p>\n","protected":false},"featured_media":12306,"comment_status":"closed","ping_status":"open","template":"","meta":{"_acf_changed":false},"product_cat":[298,1147],"product_tag":[],"disenadores":[952],"marca":[43],"class_list":{"0":"post-14258","1":"product","2":"type-product","3":"status-publish","4":"has-post-thumbnail","6":"product_cat-mobiliario","7":"product_cat-sofas","8":"disenadores-mario-marenco-ca","9":"marca-arflex","10":"sales-flash-overlay","11":"woocommerce-text-align-center","12":"woocommerce-image-align-center","13":"do-quantity-buttons","14":"wc-has-gallery","16":"first","17":"instock","18":"product-type-simple"},"acf":[],"_links":{"self":[{"href":"https:\/\/enlineabarcelona.com\/ca\/wp-json\/wp\/v2\/product\/14258","targetHints":{"allow":["GET"]}}],"collection":[{"href":"https:\/\/enlineabarcelona.com\/ca\/wp-json\/wp\/v2\/product"}],"about":[{"href":"https:\/\/enlineabarcelona.com\/ca\/wp-json\/wp\/v2\/types\/product"}],"replies":[{"embeddable":true,"href":"https:\/\/enlineabarcelona.com\/ca\/wp-json\/wp\/v2\/comments?post=14258"}],"wp:featuredmedia":[{"embeddable":true,"href":"https:\/\/enlineabarcelona.com\/ca\/wp-json\/wp\/v2\/media\/12306"}],"wp:attachment":[{"href":"https:\/\/enlineabarcelona.com\/ca\/wp-json\/wp\/v2\/media?parent=14258"}],"wp:term":[{"taxonomy":"product_cat","embeddable":true,"href":"https:\/\/enlineabarcelona.com\/ca\/wp-json\/wp\/v2\/product_cat?post=14258"},{"taxonomy":"product_tag","embeddable":true,"href":"https:\/\/enlineabarcelona.com\/ca\/wp-json\/wp\/v2\/product_tag?post=14258"},{"taxonomy":"disenadores","embeddable":true,"href":"https:\/\/enlineabarcelona.com\/ca\/wp-json\/wp\/v2\/disenadores?post=14258"},{"taxonomy":"marca","embeddable":true,"href":"https:\/\/enlineabarcelona.com\/ca\/wp-json\/wp\/v2\/marca?post=14258"}],"curies":[{"name":"wp","href":"https:\/\/api.w.org\/{rel}","templated":true}]}}