{"id":14259,"date":"2025-10-27T11:20:13","date_gmt":"2025-10-27T11:20:13","guid":{"rendered":"https:\/\/enlineabarcelona.com\/producto\/muecke-side-chair\/"},"modified":"2025-10-27T11:20:28","modified_gmt":"2025-10-27T11:20:28","slug":"muecke-side-chair","status":"publish","type":"product","link":"https:\/\/enlineabarcelona.com\/ca\/producto\/muecke-side-chair\/","title":{"rendered":"Muecke Side Chair"},"content":{"rendered":"\n<p>Jonathan Muecke aborda tanto el dise\u00f1o de mobiliario como la escultura con el objetivo de descubrir y expresar la l\u00f3gica inherente de los materiales que utiliza. La silla Muecke Wood\u00a0nace de su deseo de celebrar todas las cualidades de la madera, incluido el veteado de los extremos. Para lograrlo, transform\u00f3 la madera en listones redondeados y desarroll\u00f3 un sistema de ensamblaje que permite unirlos en los puntos donde se cruzan. \u201cPuedes entender la pieza de madera\u201d, afirma. \u201cNo est\u00e1 disfrazada. Est\u00e1 ah\u00ed para que la comprendas una y otra vez.\u201d<\/p>\n\n\n\n<p><br>La silla pone en valor la belleza natural de la madera, con listones redondeados que se cruzan en planos cercanos y se conectan mediante una uni\u00f3n tipo espiga flotante. Esta soluci\u00f3n constructiva, distintiva y visible, se repite a lo largo de toda la colecci\u00f3n.<br>Forma parte de la\u00a0Muecke Wood Collection.<\/p>\n\n\n\n<p><\/p>\n","protected":false},"excerpt":{"rendered":"<p>Jonathan Muecke aborda tanto el dise\u00f1o de mobiliario como la escultura con el objetivo de descubrir y expresar la l\u00f3gica inherente de los materiales que utiliza. La silla Muecke Wood\u00a0nace de su deseo de celebrar todas las cualidades de la madera, incluido el veteado de los extremos. Para lograrlo, transform\u00f3 la madera en listones redondeados &#8230; <a title=\"Muecke Side Chair\" class=\"read-more\" href=\"https:\/\/enlineabarcelona.com\/ca\/producto\/muecke-side-chair\/\" aria-label=\"M\u00e9s informaci\u00f3 sobre Muecke Side Chair\">Llegiu m\u00e9s<\/a><\/p>\n","protected":false},"featured_media":12331,"comment_status":"closed","ping_status":"open","template":"","meta":{"_acf_changed":false},"product_cat":[298,1139],"product_tag":[],"disenadores":[1251],"marca":[72],"class_list":{"0":"post-14259","1":"product","2":"type-product","3":"status-publish","4":"has-post-thumbnail","6":"product_cat-mobiliario","7":"product_cat-sillas","8":"disenadores-jonathan-muecke","9":"marca-knoll","10":"sales-flash-overlay","11":"woocommerce-text-align-center","12":"woocommerce-image-align-center","13":"do-quantity-buttons","14":"wc-has-gallery","16":"first","17":"instock","18":"purchasable","19":"product-type-simple"},"acf":[],"_links":{"self":[{"href":"https:\/\/enlineabarcelona.com\/ca\/wp-json\/wp\/v2\/product\/14259","targetHints":{"allow":["GET"]}}],"collection":[{"href":"https:\/\/enlineabarcelona.com\/ca\/wp-json\/wp\/v2\/product"}],"about":[{"href":"https:\/\/enlineabarcelona.com\/ca\/wp-json\/wp\/v2\/types\/product"}],"replies":[{"embeddable":true,"href":"https:\/\/enlineabarcelona.com\/ca\/wp-json\/wp\/v2\/comments?post=14259"}],"wp:featuredmedia":[{"embeddable":true,"href":"https:\/\/enlineabarcelona.com\/ca\/wp-json\/wp\/v2\/media\/12331"}],"wp:attachment":[{"href":"https:\/\/enlineabarcelona.com\/ca\/wp-json\/wp\/v2\/media?parent=14259"}],"wp:term":[{"taxonomy":"product_cat","embeddable":true,"href":"https:\/\/enlineabarcelona.com\/ca\/wp-json\/wp\/v2\/product_cat?post=14259"},{"taxonomy":"product_tag","embeddable":true,"href":"https:\/\/enlineabarcelona.com\/ca\/wp-json\/wp\/v2\/product_tag?post=14259"},{"taxonomy":"disenadores","embeddable":true,"href":"https:\/\/enlineabarcelona.com\/ca\/wp-json\/wp\/v2\/disenadores?post=14259"},{"taxonomy":"marca","embeddable":true,"href":"https:\/\/enlineabarcelona.com\/ca\/wp-json\/wp\/v2\/marca?post=14259"}],"curies":[{"name":"wp","href":"https:\/\/api.w.org\/{rel}","templated":true}]}}