{"id":14261,"date":"2025-10-27T11:20:31","date_gmt":"2025-10-27T11:20:31","guid":{"rendered":"https:\/\/enlineabarcelona.com\/producto\/risom-side-chair\/"},"modified":"2025-10-27T11:20:31","modified_gmt":"2025-10-27T11:20:31","slug":"risom-side-chair","status":"publish","type":"product","link":"https:\/\/enlineabarcelona.com\/ca\/producto\/risom-side-chair\/","title":{"rendered":"Risom Side Chair"},"content":{"rendered":"\n<p>Los dise\u00f1os de Jens Risom fueron las primeras piezas concebidas y fabricadas por Knoll. Debido a las restricciones de materiales durante la guerra, la Risom Side Chair se construy\u00f3 originalmente con sencillos armazones de arce y cintas de paraca\u00eddas descartadas. Descrita como un dise\u00f1o de mobiliario bueno y honesto, la colecci\u00f3n ayud\u00f3 a establecer a Knoll como una de las primeras fuentes del dise\u00f1o moderno en Estados Unidos.<\/p>\n\n\n\n<p><\/p>\n","protected":false},"excerpt":{"rendered":"<p>Los dise\u00f1os de Jens Risom fueron las primeras piezas concebidas y fabricadas por Knoll. Debido a las restricciones de materiales durante la guerra, la Risom Side Chair se construy\u00f3 originalmente con sencillos armazones de arce y cintas de paraca\u00eddas descartadas. Descrita como un dise\u00f1o de mobiliario bueno y honesto, la colecci\u00f3n ayud\u00f3 a establecer a &#8230; <a title=\"Risom Side Chair\" class=\"read-more\" href=\"https:\/\/enlineabarcelona.com\/ca\/producto\/risom-side-chair\/\" aria-label=\"M\u00e9s informaci\u00f3 sobre Risom Side Chair\">Llegiu m\u00e9s<\/a><\/p>\n","protected":false},"featured_media":12354,"comment_status":"closed","ping_status":"open","template":"","meta":{"_acf_changed":false},"product_cat":[298,1139],"product_tag":[],"disenadores":[846],"marca":[72],"class_list":{"0":"post-14261","1":"product","2":"type-product","3":"status-publish","4":"has-post-thumbnail","6":"product_cat-mobiliario","7":"product_cat-sillas","8":"disenadores-jens-risom","9":"marca-knoll","10":"sales-flash-overlay","11":"woocommerce-text-align-center","12":"woocommerce-image-align-center","13":"do-quantity-buttons","14":"wc-has-gallery","16":"first","17":"instock","18":"purchasable","19":"product-type-simple"},"acf":[],"_links":{"self":[{"href":"https:\/\/enlineabarcelona.com\/ca\/wp-json\/wp\/v2\/product\/14261","targetHints":{"allow":["GET"]}}],"collection":[{"href":"https:\/\/enlineabarcelona.com\/ca\/wp-json\/wp\/v2\/product"}],"about":[{"href":"https:\/\/enlineabarcelona.com\/ca\/wp-json\/wp\/v2\/types\/product"}],"replies":[{"embeddable":true,"href":"https:\/\/enlineabarcelona.com\/ca\/wp-json\/wp\/v2\/comments?post=14261"}],"wp:featuredmedia":[{"embeddable":true,"href":"https:\/\/enlineabarcelona.com\/ca\/wp-json\/wp\/v2\/media\/12354"}],"wp:attachment":[{"href":"https:\/\/enlineabarcelona.com\/ca\/wp-json\/wp\/v2\/media?parent=14261"}],"wp:term":[{"taxonomy":"product_cat","embeddable":true,"href":"https:\/\/enlineabarcelona.com\/ca\/wp-json\/wp\/v2\/product_cat?post=14261"},{"taxonomy":"product_tag","embeddable":true,"href":"https:\/\/enlineabarcelona.com\/ca\/wp-json\/wp\/v2\/product_tag?post=14261"},{"taxonomy":"disenadores","embeddable":true,"href":"https:\/\/enlineabarcelona.com\/ca\/wp-json\/wp\/v2\/disenadores?post=14261"},{"taxonomy":"marca","embeddable":true,"href":"https:\/\/enlineabarcelona.com\/ca\/wp-json\/wp\/v2\/marca?post=14261"}],"curies":[{"name":"wp","href":"https:\/\/api.w.org\/{rel}","templated":true}]}}