{"id":14262,"date":"2025-10-27T11:20:31","date_gmt":"2025-10-27T11:20:31","guid":{"rendered":"https:\/\/enlineabarcelona.com\/producto\/lampara-nesso\/"},"modified":"2025-10-27T11:20:32","modified_gmt":"2025-10-27T11:20:32","slug":"lampara-nesso","status":"publish","type":"product","link":"https:\/\/enlineabarcelona.com\/ca\/producto\/lampara-nesso\/","title":{"rendered":"L\u00e1mpara Nesso"},"content":{"rendered":"\n<p>Nesso es un icono del dise\u00f1o italiano de los a\u00f1os sesenta, una d\u00e9cada de conquista de la modernidad en la que el dise\u00f1o reinterpreta el paisaje dom\u00e9stico a trav\u00e9s de las primeras aplicaciones de materiales pl\u00e1sticos. Innovadora y democr\u00e1tica, su forma expresiva inspirada en la naturaleza interpreta y desaf\u00eda la tecnolog\u00eda de producci\u00f3n industrial.<\/p>\n","protected":false},"excerpt":{"rendered":"<p>Nesso es un icono del dise\u00f1o italiano de los a\u00f1os sesenta, una d\u00e9cada de conquista de la modernidad en la que el dise\u00f1o reinterpreta el paisaje dom\u00e9stico a trav\u00e9s de las primeras aplicaciones de materiales pl\u00e1sticos. Innovadora y democr\u00e1tica, su forma expresiva inspirada en la naturaleza interpreta y desaf\u00eda la tecnolog\u00eda de producci\u00f3n industrial.<\/p>\n","protected":false},"featured_media":12367,"comment_status":"closed","ping_status":"open","template":"","meta":{"_acf_changed":false},"product_cat":[1156,1198],"product_tag":[],"disenadores":[1252],"marca":[1159],"class_list":{"0":"post-14262","1":"product","2":"type-product","3":"status-publish","4":"has-post-thumbnail","6":"product_cat-iluminacion","7":"product_cat-lamparas-de-sobremesa","8":"disenadores-giancarlo-mattioligruppo-architetti-urbanisti-citta-nuova","9":"marca-artemide-iluminando-vidas-con-arte-y-diseno","10":"sales-flash-overlay","11":"woocommerce-text-align-center","12":"woocommerce-image-align-center","13":"do-quantity-buttons","14":"wc-has-gallery","16":"first","17":"instock","18":"purchasable","19":"product-type-simple"},"acf":[],"_links":{"self":[{"href":"https:\/\/enlineabarcelona.com\/ca\/wp-json\/wp\/v2\/product\/14262","targetHints":{"allow":["GET"]}}],"collection":[{"href":"https:\/\/enlineabarcelona.com\/ca\/wp-json\/wp\/v2\/product"}],"about":[{"href":"https:\/\/enlineabarcelona.com\/ca\/wp-json\/wp\/v2\/types\/product"}],"replies":[{"embeddable":true,"href":"https:\/\/enlineabarcelona.com\/ca\/wp-json\/wp\/v2\/comments?post=14262"}],"wp:featuredmedia":[{"embeddable":true,"href":"https:\/\/enlineabarcelona.com\/ca\/wp-json\/wp\/v2\/media\/12367"}],"wp:attachment":[{"href":"https:\/\/enlineabarcelona.com\/ca\/wp-json\/wp\/v2\/media?parent=14262"}],"wp:term":[{"taxonomy":"product_cat","embeddable":true,"href":"https:\/\/enlineabarcelona.com\/ca\/wp-json\/wp\/v2\/product_cat?post=14262"},{"taxonomy":"product_tag","embeddable":true,"href":"https:\/\/enlineabarcelona.com\/ca\/wp-json\/wp\/v2\/product_tag?post=14262"},{"taxonomy":"disenadores","embeddable":true,"href":"https:\/\/enlineabarcelona.com\/ca\/wp-json\/wp\/v2\/disenadores?post=14262"},{"taxonomy":"marca","embeddable":true,"href":"https:\/\/enlineabarcelona.com\/ca\/wp-json\/wp\/v2\/marca?post=14262"}],"curies":[{"name":"wp","href":"https:\/\/api.w.org\/{rel}","templated":true}]}}