{"id":14266,"date":"2025-10-27T11:20:31","date_gmt":"2025-10-27T11:20:31","guid":{"rendered":"https:\/\/enlineabarcelona.com\/producto\/sofa-levante\/"},"modified":"2025-10-27T11:20:34","modified_gmt":"2025-10-27T11:20:34","slug":"sofa-levante","status":"publish","type":"product","link":"https:\/\/enlineabarcelona.com\/ca\/producto\/sofa-levante\/","title":{"rendered":"Sof\u00e1 Levante"},"content":{"rendered":"\n<p>El sof\u00e1 LEVANTE de dos y tres plazas forma parte de la colecci\u00f3n firmada por Piero Lissoni, con su amplio y acogedor asiento dise\u00f1ado para embellecer y brindar comodidad a los ambientes exteriores. Levante nace del deseo de crear una colecci\u00f3n completa en teca: una vez m\u00e1s, RODA consigue sorprender con una l\u00ednea de muebles de exterior de altas prestaciones.<\/p>\n\n\n\n<p><\/p>\n","protected":false},"excerpt":{"rendered":"<p>El sof\u00e1 LEVANTE de dos y tres plazas forma parte de la colecci\u00f3n firmada por Piero Lissoni, con su amplio y acogedor asiento dise\u00f1ado para embellecer y brindar comodidad a los ambientes exteriores. Levante nace del deseo de crear una colecci\u00f3n completa en teca: una vez m\u00e1s, RODA consigue sorprender con una l\u00ednea de muebles &#8230; <a title=\"Sof\u00e1 Levante\" class=\"read-more\" href=\"https:\/\/enlineabarcelona.com\/ca\/producto\/sofa-levante\/\" aria-label=\"M\u00e9s informaci\u00f3 sobre Sof\u00e1 Levante\">Llegiu m\u00e9s<\/a><\/p>\n","protected":false},"featured_media":12416,"comment_status":"closed","ping_status":"open","template":"","meta":{"_acf_changed":false},"product_cat":[251,278],"product_tag":[],"disenadores":[905],"marca":[70],"class_list":{"0":"post-14266","1":"product","2":"type-product","3":"status-publish","4":"has-post-thumbnail","6":"product_cat-exterior","7":"product_cat-sofas-exterior-exterior","8":"disenadores-piero-lissoni","9":"marca-roda","10":"sales-flash-overlay","11":"woocommerce-text-align-center","12":"woocommerce-image-align-center","13":"do-quantity-buttons","14":"wc-has-gallery","16":"first","17":"instock","18":"purchasable","19":"product-type-simple"},"acf":[],"_links":{"self":[{"href":"https:\/\/enlineabarcelona.com\/ca\/wp-json\/wp\/v2\/product\/14266","targetHints":{"allow":["GET"]}}],"collection":[{"href":"https:\/\/enlineabarcelona.com\/ca\/wp-json\/wp\/v2\/product"}],"about":[{"href":"https:\/\/enlineabarcelona.com\/ca\/wp-json\/wp\/v2\/types\/product"}],"replies":[{"embeddable":true,"href":"https:\/\/enlineabarcelona.com\/ca\/wp-json\/wp\/v2\/comments?post=14266"}],"wp:featuredmedia":[{"embeddable":true,"href":"https:\/\/enlineabarcelona.com\/ca\/wp-json\/wp\/v2\/media\/12416"}],"wp:attachment":[{"href":"https:\/\/enlineabarcelona.com\/ca\/wp-json\/wp\/v2\/media?parent=14266"}],"wp:term":[{"taxonomy":"product_cat","embeddable":true,"href":"https:\/\/enlineabarcelona.com\/ca\/wp-json\/wp\/v2\/product_cat?post=14266"},{"taxonomy":"product_tag","embeddable":true,"href":"https:\/\/enlineabarcelona.com\/ca\/wp-json\/wp\/v2\/product_tag?post=14266"},{"taxonomy":"disenadores","embeddable":true,"href":"https:\/\/enlineabarcelona.com\/ca\/wp-json\/wp\/v2\/disenadores?post=14266"},{"taxonomy":"marca","embeddable":true,"href":"https:\/\/enlineabarcelona.com\/ca\/wp-json\/wp\/v2\/marca?post=14266"}],"curies":[{"name":"wp","href":"https:\/\/api.w.org\/{rel}","templated":true}]}}