{"id":14268,"date":"2025-10-27T11:20:31","date_gmt":"2025-10-27T11:20:31","guid":{"rendered":"https:\/\/enlineabarcelona.com\/producto\/sillon-levante\/"},"modified":"2025-10-27T11:20:36","modified_gmt":"2025-10-27T11:20:36","slug":"sillon-levante","status":"publish","type":"product","link":"https:\/\/enlineabarcelona.com\/ca\/producto\/sillon-levante\/","title":{"rendered":"Sill\u00f3n Levante 007"},"content":{"rendered":"\n<p>El sill\u00f3n LEVANTE, dise\u00f1ado por Piero Lissoni, forma parte de una colecci\u00f3n que nace del deseo de crear una l\u00ednea completa en teca. Con un dise\u00f1o elegante y un encanto atemporal, combina la calidez de la madera con la solidez del acero, ofreciendo una pieza de alto rendimiento ideal para espacios exteriores. Una vez m\u00e1s, RODA consigue sorprender con una propuesta que une estilo, funcionalidad y confort.<\/p>\n","protected":false},"excerpt":{"rendered":"<p>El sill\u00f3n LEVANTE, dise\u00f1ado por Piero Lissoni, forma parte de una colecci\u00f3n que nace del deseo de crear una l\u00ednea completa en teca. Con un dise\u00f1o elegante y un encanto atemporal, combina la calidez de la madera con la solidez del acero, ofreciendo una pieza de alto rendimiento ideal para espacios exteriores. Una vez m\u00e1s, &#8230; <a title=\"Sill\u00f3n Levante 007\" class=\"read-more\" href=\"https:\/\/enlineabarcelona.com\/ca\/producto\/sillon-levante\/\" aria-label=\"M\u00e9s informaci\u00f3 sobre Sill\u00f3n Levante 007\">Llegiu m\u00e9s<\/a><\/p>\n","protected":false},"featured_media":12439,"comment_status":"closed","ping_status":"open","template":"","meta":{"_acf_changed":false},"product_cat":[275,251],"product_tag":[],"disenadores":[905],"marca":[70],"class_list":{"0":"post-14268","1":"product","2":"type-product","3":"status-publish","4":"has-post-thumbnail","6":"product_cat-butacas-exterior-exterior","7":"product_cat-exterior","8":"disenadores-piero-lissoni","9":"marca-roda","10":"sales-flash-overlay","11":"woocommerce-text-align-center","12":"woocommerce-image-align-center","13":"do-quantity-buttons","14":"wc-has-gallery","16":"first","17":"instock","18":"product-type-simple"},"acf":[],"_links":{"self":[{"href":"https:\/\/enlineabarcelona.com\/ca\/wp-json\/wp\/v2\/product\/14268","targetHints":{"allow":["GET"]}}],"collection":[{"href":"https:\/\/enlineabarcelona.com\/ca\/wp-json\/wp\/v2\/product"}],"about":[{"href":"https:\/\/enlineabarcelona.com\/ca\/wp-json\/wp\/v2\/types\/product"}],"replies":[{"embeddable":true,"href":"https:\/\/enlineabarcelona.com\/ca\/wp-json\/wp\/v2\/comments?post=14268"}],"wp:featuredmedia":[{"embeddable":true,"href":"https:\/\/enlineabarcelona.com\/ca\/wp-json\/wp\/v2\/media\/12439"}],"wp:attachment":[{"href":"https:\/\/enlineabarcelona.com\/ca\/wp-json\/wp\/v2\/media?parent=14268"}],"wp:term":[{"taxonomy":"product_cat","embeddable":true,"href":"https:\/\/enlineabarcelona.com\/ca\/wp-json\/wp\/v2\/product_cat?post=14268"},{"taxonomy":"product_tag","embeddable":true,"href":"https:\/\/enlineabarcelona.com\/ca\/wp-json\/wp\/v2\/product_tag?post=14268"},{"taxonomy":"disenadores","embeddable":true,"href":"https:\/\/enlineabarcelona.com\/ca\/wp-json\/wp\/v2\/disenadores?post=14268"},{"taxonomy":"marca","embeddable":true,"href":"https:\/\/enlineabarcelona.com\/ca\/wp-json\/wp\/v2\/marca?post=14268"}],"curies":[{"name":"wp","href":"https:\/\/api.w.org\/{rel}","templated":true}]}}