{"id":14269,"date":"2025-10-27T11:20:31","date_gmt":"2025-10-27T11:20:31","guid":{"rendered":"https:\/\/enlineabarcelona.com\/producto\/chaise-longue-levante\/"},"modified":"2025-10-27T11:20:36","modified_gmt":"2025-10-27T11:20:36","slug":"chaise-longue-levante","status":"publish","type":"product","link":"https:\/\/enlineabarcelona.com\/ca\/producto\/chaise-longue-levante\/","title":{"rendered":"Chaise longue Levante 008"},"content":{"rendered":"\n<p>La chaise longue LEVANTE, dise\u00f1ada por Piero Lissoni, es la pieza perfecta para completar esta exclusiva colecci\u00f3n de muebles de exterior en teca. Nacida del deseo de crear una l\u00ednea completa que combine elegancia y funcionalidad, la chaise longue destaca por su dise\u00f1o sofisticado y su encanto atemporal. Con un elegante juego de listones en madera y acero, ofrece un confort excepcional, invitando a relajarse y disfrutar del aire libre con estilo. Adem\u00e1s, cuenta con una pr\u00e1ctica mesita lateral extra\u00edble de metal, ideal para apoyar bebidas u objetos personales, convirti\u00e9ndola en el complemento perfecto para momentos de descanso \u00fanicos en jardines, terrazas o junto a la piscina. Una vez m\u00e1s, RODA sorprende con una pieza de altas prestaciones que une dise\u00f1o, comodidad y durabilidad.<\/p>\n\n\n\n<p><\/p>\n","protected":false},"excerpt":{"rendered":"<p>La chaise longue LEVANTE, dise\u00f1ada por Piero Lissoni, es la pieza perfecta para completar esta exclusiva colecci\u00f3n de muebles de exterior en teca. Nacida del deseo de crear una l\u00ednea completa que combine elegancia y funcionalidad, la chaise longue destaca por su dise\u00f1o sofisticado y su encanto atemporal. Con un elegante juego de listones en &#8230; <a title=\"Chaise longue Levante 008\" class=\"read-more\" href=\"https:\/\/enlineabarcelona.com\/ca\/producto\/chaise-longue-levante\/\" aria-label=\"M\u00e9s informaci\u00f3 sobre Chaise longue Levante 008\">Llegiu m\u00e9s<\/a><\/p>\n","protected":false},"featured_media":12449,"comment_status":"closed","ping_status":"open","template":"","meta":{"_acf_changed":false},"product_cat":[1253,298],"product_tag":[],"disenadores":[905],"marca":[70],"class_list":{"0":"post-14269","1":"product","2":"type-product","3":"status-publish","4":"has-post-thumbnail","6":"product_cat-chaise-longueexterior","7":"product_cat-mobiliario","8":"disenadores-piero-lissoni","9":"marca-roda","10":"sales-flash-overlay","11":"woocommerce-text-align-center","12":"woocommerce-image-align-center","13":"do-quantity-buttons","14":"wc-has-gallery","16":"first","17":"instock","18":"purchasable","19":"product-type-simple"},"acf":[],"_links":{"self":[{"href":"https:\/\/enlineabarcelona.com\/ca\/wp-json\/wp\/v2\/product\/14269","targetHints":{"allow":["GET"]}}],"collection":[{"href":"https:\/\/enlineabarcelona.com\/ca\/wp-json\/wp\/v2\/product"}],"about":[{"href":"https:\/\/enlineabarcelona.com\/ca\/wp-json\/wp\/v2\/types\/product"}],"replies":[{"embeddable":true,"href":"https:\/\/enlineabarcelona.com\/ca\/wp-json\/wp\/v2\/comments?post=14269"}],"wp:featuredmedia":[{"embeddable":true,"href":"https:\/\/enlineabarcelona.com\/ca\/wp-json\/wp\/v2\/media\/12449"}],"wp:attachment":[{"href":"https:\/\/enlineabarcelona.com\/ca\/wp-json\/wp\/v2\/media?parent=14269"}],"wp:term":[{"taxonomy":"product_cat","embeddable":true,"href":"https:\/\/enlineabarcelona.com\/ca\/wp-json\/wp\/v2\/product_cat?post=14269"},{"taxonomy":"product_tag","embeddable":true,"href":"https:\/\/enlineabarcelona.com\/ca\/wp-json\/wp\/v2\/product_tag?post=14269"},{"taxonomy":"disenadores","embeddable":true,"href":"https:\/\/enlineabarcelona.com\/ca\/wp-json\/wp\/v2\/disenadores?post=14269"},{"taxonomy":"marca","embeddable":true,"href":"https:\/\/enlineabarcelona.com\/ca\/wp-json\/wp\/v2\/marca?post=14269"}],"curies":[{"name":"wp","href":"https:\/\/api.w.org\/{rel}","templated":true}]}}