{"id":14270,"date":"2025-10-27T11:20:31","date_gmt":"2025-10-27T11:20:31","guid":{"rendered":"https:\/\/enlineabarcelona.com\/producto\/tumbona-levante\/"},"modified":"2025-10-27T11:20:37","modified_gmt":"2025-10-27T11:20:37","slug":"tumbona-levante","status":"publish","type":"product","link":"https:\/\/enlineabarcelona.com\/ca\/producto\/tumbona-levante\/","title":{"rendered":"Tumbona Levante 009"},"content":{"rendered":"\n<p>La tumbona LEVANTE, dise\u00f1ada por Piero Lissoni, es una pieza emblem\u00e1tica dentro de esta refinada colecci\u00f3n de muebles de exterior en teca. Fiel al esp\u00edritu de la l\u00ednea, combina la elegancia del dise\u00f1o italiano con la funcionalidad y el confort necesarios para disfrutar al m\u00e1ximo de los espacios al aire libre. Su estructura, compuesta por un sofisticado juego de listones horizontales y verticales, aporta ligereza visual y solidez estructural.<\/p>\n\n\n\n<p><\/p>\n\n\n\n<p>Pensada para ofrecer una experiencia de descanso superior, la tumbona incluye una pr\u00e1ctica mesita lateral extra\u00edble de metal, perfecta para tener a mano una bebida, un libro o cualquier objeto personal. Ideal para jardines, terrazas o zonas de piscina, esta pieza no solo invita a la relajaci\u00f3n, sino que tambi\u00e9n aporta un toque de estilo atemporal al entorno. Con LEVANTE, RODA vuelve a sorprender, logrando que el dise\u00f1o, la comodidad y la durabilidad convivan en perfecta armon\u00eda.<\/p>\n","protected":false},"excerpt":{"rendered":"<p>La tumbona LEVANTE, dise\u00f1ada por Piero Lissoni, es una pieza emblem\u00e1tica dentro de esta refinada colecci\u00f3n de muebles de exterior en teca. Fiel al esp\u00edritu de la l\u00ednea, combina la elegancia del dise\u00f1o italiano con la funcionalidad y el confort necesarios para disfrutar al m\u00e1ximo de los espacios al aire libre. Su estructura, compuesta por &#8230; <a title=\"Tumbona Levante 009\" class=\"read-more\" href=\"https:\/\/enlineabarcelona.com\/ca\/producto\/tumbona-levante\/\" aria-label=\"M\u00e9s informaci\u00f3 sobre Tumbona Levante 009\">Llegiu m\u00e9s<\/a><\/p>\n","protected":false},"featured_media":12459,"comment_status":"closed","ping_status":"open","template":"","meta":{"_acf_changed":false},"product_cat":[251,288],"product_tag":[],"disenadores":[905],"marca":[70],"class_list":{"0":"post-14270","1":"product","2":"type-product","3":"status-publish","4":"has-post-thumbnail","6":"product_cat-exterior","7":"product_cat-tumbonas","8":"disenadores-piero-lissoni","9":"marca-roda","10":"sales-flash-overlay","11":"woocommerce-text-align-center","12":"woocommerce-image-align-center","13":"do-quantity-buttons","14":"wc-has-gallery","16":"first","17":"instock","18":"purchasable","19":"product-type-simple"},"acf":[],"_links":{"self":[{"href":"https:\/\/enlineabarcelona.com\/ca\/wp-json\/wp\/v2\/product\/14270","targetHints":{"allow":["GET"]}}],"collection":[{"href":"https:\/\/enlineabarcelona.com\/ca\/wp-json\/wp\/v2\/product"}],"about":[{"href":"https:\/\/enlineabarcelona.com\/ca\/wp-json\/wp\/v2\/types\/product"}],"replies":[{"embeddable":true,"href":"https:\/\/enlineabarcelona.com\/ca\/wp-json\/wp\/v2\/comments?post=14270"}],"wp:featuredmedia":[{"embeddable":true,"href":"https:\/\/enlineabarcelona.com\/ca\/wp-json\/wp\/v2\/media\/12459"}],"wp:attachment":[{"href":"https:\/\/enlineabarcelona.com\/ca\/wp-json\/wp\/v2\/media?parent=14270"}],"wp:term":[{"taxonomy":"product_cat","embeddable":true,"href":"https:\/\/enlineabarcelona.com\/ca\/wp-json\/wp\/v2\/product_cat?post=14270"},{"taxonomy":"product_tag","embeddable":true,"href":"https:\/\/enlineabarcelona.com\/ca\/wp-json\/wp\/v2\/product_tag?post=14270"},{"taxonomy":"disenadores","embeddable":true,"href":"https:\/\/enlineabarcelona.com\/ca\/wp-json\/wp\/v2\/disenadores?post=14270"},{"taxonomy":"marca","embeddable":true,"href":"https:\/\/enlineabarcelona.com\/ca\/wp-json\/wp\/v2\/marca?post=14270"}],"curies":[{"name":"wp","href":"https:\/\/api.w.org\/{rel}","templated":true}]}}