{"id":14271,"date":"2025-10-27T11:20:31","date_gmt":"2025-10-27T11:20:31","guid":{"rendered":"https:\/\/enlineabarcelona.com\/producto\/mesita-lateral-levante-010\/"},"modified":"2025-10-27T11:20:37","modified_gmt":"2025-10-27T11:20:37","slug":"mesita-lateral-levante-010","status":"publish","type":"product","link":"https:\/\/enlineabarcelona.com\/ca\/producto\/mesita-lateral-levante-010\/","title":{"rendered":"Mesita Lateral Levante 010"},"content":{"rendered":"\n<p>La mesita lateral LEVANTE 010, dise\u00f1ada por Piero Lissoni, es el complemento perfecto para enriquecer los espacios exteriores con funcionalidad y estilo. Parte esencial de esta sofisticada colecci\u00f3n en teca, la mesita combina materiales nobles como la madera y el metal en una pieza vers\u00e1til y discreta. Su dise\u00f1o minimalista y elegante permite integrarla con naturalidad en jardines, terrazas o junto a una tumbona, aportando practicidad sin renunciar a la est\u00e9tica.<\/p>\n\n\n\n<p><\/p>\n\n\n\n<p>Ligera y f\u00e1cil de mover, es ideal para apoyar bebidas, libros u objetos personales, convirti\u00e9ndose en una aliada indispensable para los momentos de relax al aire libre. Fiel a la filosof\u00eda de RODA, la mesita lateral LEVANTE a\u00fana durabilidad, dise\u00f1o y confort en perfecta armon\u00eda.<\/p>\n","protected":false},"excerpt":{"rendered":"<p>La mesita lateral LEVANTE 010, dise\u00f1ada por Piero Lissoni, es el complemento perfecto para enriquecer los espacios exteriores con funcionalidad y estilo. Parte esencial de esta sofisticada colecci\u00f3n en teca, la mesita combina materiales nobles como la madera y el metal en una pieza vers\u00e1til y discreta. Su dise\u00f1o minimalista y elegante permite integrarla con &#8230; <a title=\"Mesita Lateral Levante 010\" class=\"read-more\" href=\"https:\/\/enlineabarcelona.com\/ca\/producto\/mesita-lateral-levante-010\/\" aria-label=\"M\u00e9s informaci\u00f3 sobre Mesita Lateral Levante 010\">Llegiu m\u00e9s<\/a><\/p>\n","protected":false},"featured_media":12469,"comment_status":"closed","ping_status":"open","template":"","meta":{"_acf_changed":false},"product_cat":[251,294],"product_tag":[],"disenadores":[905],"marca":[70],"class_list":{"0":"post-14271","1":"product","2":"type-product","3":"status-publish","4":"has-post-thumbnail","6":"product_cat-exterior","7":"product_cat-mesas-exterior","8":"disenadores-piero-lissoni","9":"marca-roda","10":"sales-flash-overlay","11":"woocommerce-text-align-center","12":"woocommerce-image-align-center","13":"do-quantity-buttons","14":"wc-has-gallery","16":"first","17":"instock","18":"purchasable","19":"product-type-simple"},"acf":[],"_links":{"self":[{"href":"https:\/\/enlineabarcelona.com\/ca\/wp-json\/wp\/v2\/product\/14271","targetHints":{"allow":["GET"]}}],"collection":[{"href":"https:\/\/enlineabarcelona.com\/ca\/wp-json\/wp\/v2\/product"}],"about":[{"href":"https:\/\/enlineabarcelona.com\/ca\/wp-json\/wp\/v2\/types\/product"}],"replies":[{"embeddable":true,"href":"https:\/\/enlineabarcelona.com\/ca\/wp-json\/wp\/v2\/comments?post=14271"}],"wp:featuredmedia":[{"embeddable":true,"href":"https:\/\/enlineabarcelona.com\/ca\/wp-json\/wp\/v2\/media\/12469"}],"wp:attachment":[{"href":"https:\/\/enlineabarcelona.com\/ca\/wp-json\/wp\/v2\/media?parent=14271"}],"wp:term":[{"taxonomy":"product_cat","embeddable":true,"href":"https:\/\/enlineabarcelona.com\/ca\/wp-json\/wp\/v2\/product_cat?post=14271"},{"taxonomy":"product_tag","embeddable":true,"href":"https:\/\/enlineabarcelona.com\/ca\/wp-json\/wp\/v2\/product_tag?post=14271"},{"taxonomy":"disenadores","embeddable":true,"href":"https:\/\/enlineabarcelona.com\/ca\/wp-json\/wp\/v2\/disenadores?post=14271"},{"taxonomy":"marca","embeddable":true,"href":"https:\/\/enlineabarcelona.com\/ca\/wp-json\/wp\/v2\/marca?post=14271"}],"curies":[{"name":"wp","href":"https:\/\/api.w.org\/{rel}","templated":true}]}}