{"id":14272,"date":"2025-10-27T11:20:31","date_gmt":"2025-10-27T11:20:31","guid":{"rendered":"https:\/\/enlineabarcelona.com\/producto\/mesa-levante\/"},"modified":"2025-10-27T11:20:38","modified_gmt":"2025-10-27T11:20:38","slug":"mesa-levante","status":"publish","type":"product","link":"https:\/\/enlineabarcelona.com\/ca\/producto\/mesa-levante\/","title":{"rendered":"Mesa Levante"},"content":{"rendered":"\n<p>La mesa\u00a0LEVANTE, dise\u00f1ada por\u00a0Piero Lissoni, es una pieza emblem\u00e1tica de la colecci\u00f3n hom\u00f3nima de RODA, creada con la intenci\u00f3n de ofrecer una l\u00ednea completa de muebles de exterior en\u00a0teca\u00a0de alt\u00edsima calidad. Disponible en\u00a0seis tama\u00f1os, esta mesa destaca por su dise\u00f1o\u00a0moderno, elegante y atemporal, adapt\u00e1ndose con naturalidad tanto a un patio como a la cubierta de un yate, como si siempre hubiera formado parte del entorno.<\/p>\n\n\n\n<p>Con una estructura que combina la\u00a0calidez de la madera\u00a0con la\u00a0sobriedad del acero, la mesa LEVANTE refleja un equilibrio perfecto entre\u00a0funcionalidad y estilo. Su versatilidad la convierte en un elemento\u00a0transversal, ideal para quienes buscan una decoraci\u00f3n refinada sin renunciar a la practicidad.<\/p>\n\n\n\n<p>Perfectamente combinable con la silla de la misma colecci\u00f3n, fabricada completamente en teca, la mesa LEVANTE no es solo un mueble: es una expresi\u00f3n de dise\u00f1o pensado para\u00a0vivir al aire libre con sofisticaci\u00f3n.<\/p>\n\n\n\n<p><\/p>\n","protected":false},"excerpt":{"rendered":"<p>La mesa\u00a0LEVANTE, dise\u00f1ada por\u00a0Piero Lissoni, es una pieza emblem\u00e1tica de la colecci\u00f3n hom\u00f3nima de RODA, creada con la intenci\u00f3n de ofrecer una l\u00ednea completa de muebles de exterior en\u00a0teca\u00a0de alt\u00edsima calidad. Disponible en\u00a0seis tama\u00f1os, esta mesa destaca por su dise\u00f1o\u00a0moderno, elegante y atemporal, adapt\u00e1ndose con naturalidad tanto a un patio como a la cubierta de &#8230; <a title=\"Mesa Levante\" class=\"read-more\" href=\"https:\/\/enlineabarcelona.com\/ca\/producto\/mesa-levante\/\" aria-label=\"M\u00e9s informaci\u00f3 sobre Mesa Levante\">Llegiu m\u00e9s<\/a><\/p>\n","protected":false},"featured_media":12485,"comment_status":"closed","ping_status":"open","template":"","meta":{"_acf_changed":false},"product_cat":[251,294],"product_tag":[],"disenadores":[905],"marca":[70],"class_list":{"0":"post-14272","1":"product","2":"type-product","3":"status-publish","4":"has-post-thumbnail","6":"product_cat-exterior","7":"product_cat-mesas-exterior","8":"disenadores-piero-lissoni","9":"marca-roda","10":"sales-flash-overlay","11":"woocommerce-text-align-center","12":"woocommerce-image-align-center","13":"do-quantity-buttons","14":"wc-has-gallery","16":"first","17":"instock","18":"purchasable","19":"product-type-simple"},"acf":[],"_links":{"self":[{"href":"https:\/\/enlineabarcelona.com\/ca\/wp-json\/wp\/v2\/product\/14272","targetHints":{"allow":["GET"]}}],"collection":[{"href":"https:\/\/enlineabarcelona.com\/ca\/wp-json\/wp\/v2\/product"}],"about":[{"href":"https:\/\/enlineabarcelona.com\/ca\/wp-json\/wp\/v2\/types\/product"}],"replies":[{"embeddable":true,"href":"https:\/\/enlineabarcelona.com\/ca\/wp-json\/wp\/v2\/comments?post=14272"}],"wp:featuredmedia":[{"embeddable":true,"href":"https:\/\/enlineabarcelona.com\/ca\/wp-json\/wp\/v2\/media\/12485"}],"wp:attachment":[{"href":"https:\/\/enlineabarcelona.com\/ca\/wp-json\/wp\/v2\/media?parent=14272"}],"wp:term":[{"taxonomy":"product_cat","embeddable":true,"href":"https:\/\/enlineabarcelona.com\/ca\/wp-json\/wp\/v2\/product_cat?post=14272"},{"taxonomy":"product_tag","embeddable":true,"href":"https:\/\/enlineabarcelona.com\/ca\/wp-json\/wp\/v2\/product_tag?post=14272"},{"taxonomy":"disenadores","embeddable":true,"href":"https:\/\/enlineabarcelona.com\/ca\/wp-json\/wp\/v2\/disenadores?post=14272"},{"taxonomy":"marca","embeddable":true,"href":"https:\/\/enlineabarcelona.com\/ca\/wp-json\/wp\/v2\/marca?post=14272"}],"curies":[{"name":"wp","href":"https:\/\/api.w.org\/{rel}","templated":true}]}}