{"id":14273,"date":"2025-10-27T11:20:31","date_gmt":"2025-10-27T11:20:31","guid":{"rendered":"https:\/\/enlineabarcelona.com\/producto\/mesita-centro-levante\/"},"modified":"2025-10-27T11:20:39","modified_gmt":"2025-10-27T11:20:39","slug":"mesita-centro-levante","status":"publish","type":"product","link":"https:\/\/enlineabarcelona.com\/ca\/producto\/mesita-centro-levante\/","title":{"rendered":"Mesita centro Levante"},"content":{"rendered":"\n<p>Parte de la colecci\u00f3n\u00a0LEVANTE\u00a0dise\u00f1ada para\u00a0RODA, la\u00a0mesita de centro LEVANTE\u00a0reinterpreta la cl\u00e1sica mesa baja con una elegancia atemporal y la calidez natural de la madera. Fabricada \u00edntegramente en\u00a0madera de teca de primera calidad, refleja el compromiso de la marca con los materiales nobles y la artesan\u00eda refinada.<\/p>\n\n\n\n<p>Con una superficie generosa y proporciones equilibradas, esta mesa de centro se convierte en el punto focal natural de cualquier zona lounge exterior, ideal para encuentros, momentos de relax o para expresar el estilo personal en la decoraci\u00f3n. El tono c\u00e1lido y la textura de la teca garantizan un envejecimiento elegante, adquiriendo car\u00e1cter con el paso del tiempo.<\/p>\n\n\n\n<p>Dise\u00f1ada para combinar de forma armoniosa con el resto de la colecci\u00f3n LEVANTE, esta pieza une funcionalidad y dise\u00f1o en un lenguaje propio del estilo de vida exterior m\u00e1s sofisticado.<\/p>\n\n\n\n<p><\/p>\n","protected":false},"excerpt":{"rendered":"<p>Parte de la colecci\u00f3n\u00a0LEVANTE\u00a0dise\u00f1ada para\u00a0RODA, la\u00a0mesita de centro LEVANTE\u00a0reinterpreta la cl\u00e1sica mesa baja con una elegancia atemporal y la calidez natural de la madera. Fabricada \u00edntegramente en\u00a0madera de teca de primera calidad, refleja el compromiso de la marca con los materiales nobles y la artesan\u00eda refinada. Con una superficie generosa y proporciones equilibradas, esta mesa &#8230; <a title=\"Mesita centro Levante\" class=\"read-more\" href=\"https:\/\/enlineabarcelona.com\/ca\/producto\/mesita-centro-levante\/\" aria-label=\"M\u00e9s informaci\u00f3 sobre Mesita centro Levante\">Llegiu m\u00e9s<\/a><\/p>\n","protected":false},"featured_media":12501,"comment_status":"closed","ping_status":"open","template":"","meta":{"_acf_changed":false},"product_cat":[251,294],"product_tag":[],"disenadores":[905],"marca":[70],"class_list":{"0":"post-14273","1":"product","2":"type-product","3":"status-publish","4":"has-post-thumbnail","6":"product_cat-exterior","7":"product_cat-mesas-exterior","8":"disenadores-piero-lissoni","9":"marca-roda","10":"sales-flash-overlay","11":"woocommerce-text-align-center","12":"woocommerce-image-align-center","13":"do-quantity-buttons","14":"wc-has-gallery","16":"first","17":"instock","18":"purchasable","19":"product-type-simple"},"acf":[],"_links":{"self":[{"href":"https:\/\/enlineabarcelona.com\/ca\/wp-json\/wp\/v2\/product\/14273","targetHints":{"allow":["GET"]}}],"collection":[{"href":"https:\/\/enlineabarcelona.com\/ca\/wp-json\/wp\/v2\/product"}],"about":[{"href":"https:\/\/enlineabarcelona.com\/ca\/wp-json\/wp\/v2\/types\/product"}],"replies":[{"embeddable":true,"href":"https:\/\/enlineabarcelona.com\/ca\/wp-json\/wp\/v2\/comments?post=14273"}],"wp:featuredmedia":[{"embeddable":true,"href":"https:\/\/enlineabarcelona.com\/ca\/wp-json\/wp\/v2\/media\/12501"}],"wp:attachment":[{"href":"https:\/\/enlineabarcelona.com\/ca\/wp-json\/wp\/v2\/media?parent=14273"}],"wp:term":[{"taxonomy":"product_cat","embeddable":true,"href":"https:\/\/enlineabarcelona.com\/ca\/wp-json\/wp\/v2\/product_cat?post=14273"},{"taxonomy":"product_tag","embeddable":true,"href":"https:\/\/enlineabarcelona.com\/ca\/wp-json\/wp\/v2\/product_tag?post=14273"},{"taxonomy":"disenadores","embeddable":true,"href":"https:\/\/enlineabarcelona.com\/ca\/wp-json\/wp\/v2\/disenadores?post=14273"},{"taxonomy":"marca","embeddable":true,"href":"https:\/\/enlineabarcelona.com\/ca\/wp-json\/wp\/v2\/marca?post=14273"}],"curies":[{"name":"wp","href":"https:\/\/api.w.org\/{rel}","templated":true}]}}