{"id":14274,"date":"2025-10-27T11:20:31","date_gmt":"2025-10-27T11:20:31","guid":{"rendered":"https:\/\/enlineabarcelona.com\/producto\/sofa-piper\/"},"modified":"2025-10-27T11:20:39","modified_gmt":"2025-10-27T11:20:39","slug":"sofa-piper","status":"publish","type":"product","link":"https:\/\/enlineabarcelona.com\/ca\/producto\/sofa-piper\/","title":{"rendered":"Sof\u00e1 Piper"},"content":{"rendered":"\n<p>Los sof\u00e1s de la colecci\u00f3n PIPER se destacan por su dise\u00f1o con materiales combinados, aluminio\/correa y aluminio\/batyline, ofreciendo la opci\u00f3n de elegir entre un conjunto con coj\u00edn de asiento y de respaldo, o un kit de cojines envolventes que cubren toda la estructura. Estos sof\u00e1s son ideales para disfrutar y utilizar al aire libre, brindando una sensaci\u00f3n de libertad y confort inigualables.<\/p>\n","protected":false},"excerpt":{"rendered":"<p>Los sof\u00e1s de la colecci\u00f3n PIPER se destacan por su dise\u00f1o con materiales combinados, aluminio\/correa y aluminio\/batyline, ofreciendo la opci\u00f3n de elegir entre un conjunto con coj\u00edn de asiento y de respaldo, o un kit de cojines envolventes que cubren toda la estructura. Estos sof\u00e1s son ideales para disfrutar y utilizar al aire libre, brindando &#8230; <a title=\"Sof\u00e1 Piper\" class=\"read-more\" href=\"https:\/\/enlineabarcelona.com\/ca\/producto\/sofa-piper\/\" aria-label=\"M\u00e9s informaci\u00f3 sobre Sof\u00e1 Piper\">Llegiu m\u00e9s<\/a><\/p>\n","protected":false},"featured_media":12511,"comment_status":"closed","ping_status":"open","template":"","meta":{"_acf_changed":false},"product_cat":[251,278],"product_tag":[],"disenadores":[794],"marca":[70],"class_list":{"0":"post-14274","1":"product","2":"type-product","3":"status-publish","4":"has-post-thumbnail","6":"product_cat-exterior","7":"product_cat-sofas-exterior-exterior","8":"disenadores-rodolfo-dordoni","9":"marca-roda","10":"sales-flash-overlay","11":"woocommerce-text-align-center","12":"woocommerce-image-align-center","13":"do-quantity-buttons","14":"wc-has-gallery","16":"first","17":"instock","18":"purchasable","19":"product-type-simple"},"acf":[],"_links":{"self":[{"href":"https:\/\/enlineabarcelona.com\/ca\/wp-json\/wp\/v2\/product\/14274","targetHints":{"allow":["GET"]}}],"collection":[{"href":"https:\/\/enlineabarcelona.com\/ca\/wp-json\/wp\/v2\/product"}],"about":[{"href":"https:\/\/enlineabarcelona.com\/ca\/wp-json\/wp\/v2\/types\/product"}],"replies":[{"embeddable":true,"href":"https:\/\/enlineabarcelona.com\/ca\/wp-json\/wp\/v2\/comments?post=14274"}],"wp:featuredmedia":[{"embeddable":true,"href":"https:\/\/enlineabarcelona.com\/ca\/wp-json\/wp\/v2\/media\/12511"}],"wp:attachment":[{"href":"https:\/\/enlineabarcelona.com\/ca\/wp-json\/wp\/v2\/media?parent=14274"}],"wp:term":[{"taxonomy":"product_cat","embeddable":true,"href":"https:\/\/enlineabarcelona.com\/ca\/wp-json\/wp\/v2\/product_cat?post=14274"},{"taxonomy":"product_tag","embeddable":true,"href":"https:\/\/enlineabarcelona.com\/ca\/wp-json\/wp\/v2\/product_tag?post=14274"},{"taxonomy":"disenadores","embeddable":true,"href":"https:\/\/enlineabarcelona.com\/ca\/wp-json\/wp\/v2\/disenadores?post=14274"},{"taxonomy":"marca","embeddable":true,"href":"https:\/\/enlineabarcelona.com\/ca\/wp-json\/wp\/v2\/marca?post=14274"}],"curies":[{"name":"wp","href":"https:\/\/api.w.org\/{rel}","templated":true}]}}