{"id":14275,"date":"2025-10-27T11:20:31","date_gmt":"2025-10-27T11:20:31","guid":{"rendered":"https:\/\/enlineabarcelona.com\/producto\/silla-piper\/"},"modified":"2025-10-27T11:20:40","modified_gmt":"2025-10-27T11:20:40","slug":"silla-piper","status":"publish","type":"product","link":"https:\/\/enlineabarcelona.com\/ca\/producto\/silla-piper\/","title":{"rendered":"Silla Piper"},"content":{"rendered":"\n<p>El coj\u00edn, provisto de pasador que se encaja en la ranura de desag\u00fce del asiento, est\u00e1 realizado con los tejidos de exterior de la amplia oferta RODA para lograr combinaciones de colores in\u00e9ditas y originales. Con una gran variedad de acabados disponibles, las sillas y sillones de la colecci\u00f3n PIPER se adaptan f\u00e1cilmente a todas las mesas de jard\u00edn de madera o metal, mientras que la posibilidad de apilarlos y su f\u00e1cil mantenimiento hacen que sean perfectos para los espacios externos de restaurantes y hoteles.<\/p>\n\n\n\n<p><\/p>\n","protected":false},"excerpt":{"rendered":"<p>El coj\u00edn, provisto de pasador que se encaja en la ranura de desag\u00fce del asiento, est\u00e1 realizado con los tejidos de exterior de la amplia oferta RODA para lograr combinaciones de colores in\u00e9ditas y originales. Con una gran variedad de acabados disponibles, las sillas y sillones de la colecci\u00f3n PIPER se adaptan f\u00e1cilmente a todas &#8230; <a title=\"Silla Piper\" class=\"read-more\" href=\"https:\/\/enlineabarcelona.com\/ca\/producto\/silla-piper\/\" aria-label=\"M\u00e9s informaci\u00f3 sobre Silla Piper\">Llegiu m\u00e9s<\/a><\/p>\n","protected":false},"featured_media":12524,"comment_status":"closed","ping_status":"open","template":"","meta":{"_acf_changed":false},"product_cat":[251,284],"product_tag":[],"disenadores":[794],"marca":[70],"class_list":{"0":"post-14275","1":"product","2":"type-product","3":"status-publish","4":"has-post-thumbnail","6":"product_cat-exterior","7":"product_cat-sillas-exterior","8":"disenadores-rodolfo-dordoni","9":"marca-roda","10":"sales-flash-overlay","11":"woocommerce-text-align-center","12":"woocommerce-image-align-center","13":"do-quantity-buttons","14":"wc-has-gallery","16":"first","17":"instock","18":"purchasable","19":"product-type-simple"},"acf":[],"_links":{"self":[{"href":"https:\/\/enlineabarcelona.com\/ca\/wp-json\/wp\/v2\/product\/14275","targetHints":{"allow":["GET"]}}],"collection":[{"href":"https:\/\/enlineabarcelona.com\/ca\/wp-json\/wp\/v2\/product"}],"about":[{"href":"https:\/\/enlineabarcelona.com\/ca\/wp-json\/wp\/v2\/types\/product"}],"replies":[{"embeddable":true,"href":"https:\/\/enlineabarcelona.com\/ca\/wp-json\/wp\/v2\/comments?post=14275"}],"wp:featuredmedia":[{"embeddable":true,"href":"https:\/\/enlineabarcelona.com\/ca\/wp-json\/wp\/v2\/media\/12524"}],"wp:attachment":[{"href":"https:\/\/enlineabarcelona.com\/ca\/wp-json\/wp\/v2\/media?parent=14275"}],"wp:term":[{"taxonomy":"product_cat","embeddable":true,"href":"https:\/\/enlineabarcelona.com\/ca\/wp-json\/wp\/v2\/product_cat?post=14275"},{"taxonomy":"product_tag","embeddable":true,"href":"https:\/\/enlineabarcelona.com\/ca\/wp-json\/wp\/v2\/product_tag?post=14275"},{"taxonomy":"disenadores","embeddable":true,"href":"https:\/\/enlineabarcelona.com\/ca\/wp-json\/wp\/v2\/disenadores?post=14275"},{"taxonomy":"marca","embeddable":true,"href":"https:\/\/enlineabarcelona.com\/ca\/wp-json\/wp\/v2\/marca?post=14275"}],"curies":[{"name":"wp","href":"https:\/\/api.w.org\/{rel}","templated":true}]}}