{"id":14276,"date":"2025-10-27T11:20:31","date_gmt":"2025-10-27T11:20:31","guid":{"rendered":"https:\/\/enlineabarcelona.com\/producto\/tumbona-piper\/"},"modified":"2025-10-27T11:20:40","modified_gmt":"2025-10-27T11:20:40","slug":"tumbona-piper","status":"publish","type":"product","link":"https:\/\/enlineabarcelona.com\/ca\/producto\/tumbona-piper\/","title":{"rendered":"Tumbona Piper"},"content":{"rendered":"\n<p>Una gran tumbona completa la colecci\u00f3n PIPER con estilo y gran elegancia. Apilable, con estructura de aluminio pintado y un c\u00f3modo asiento de tejido t\u00e9cnico disponible en los tonos propuestos para los sof\u00e1s de la misma colecci\u00f3n.<\/p>\n","protected":false},"excerpt":{"rendered":"<p>Una gran tumbona completa la colecci\u00f3n PIPER con estilo y gran elegancia. Apilable, con estructura de aluminio pintado y un c\u00f3modo asiento de tejido t\u00e9cnico disponible en los tonos propuestos para los sof\u00e1s de la misma colecci\u00f3n.<\/p>\n","protected":false},"featured_media":12534,"comment_status":"closed","ping_status":"open","template":"","meta":{"_acf_changed":false},"product_cat":[251,288],"product_tag":[],"disenadores":[794],"marca":[70],"class_list":{"0":"post-14276","1":"product","2":"type-product","3":"status-publish","4":"has-post-thumbnail","6":"product_cat-exterior","7":"product_cat-tumbonas","8":"disenadores-rodolfo-dordoni","9":"marca-roda","10":"sales-flash-overlay","11":"woocommerce-text-align-center","12":"woocommerce-image-align-center","13":"do-quantity-buttons","14":"wc-has-gallery","16":"first","17":"instock","18":"purchasable","19":"product-type-simple"},"acf":[],"_links":{"self":[{"href":"https:\/\/enlineabarcelona.com\/ca\/wp-json\/wp\/v2\/product\/14276","targetHints":{"allow":["GET"]}}],"collection":[{"href":"https:\/\/enlineabarcelona.com\/ca\/wp-json\/wp\/v2\/product"}],"about":[{"href":"https:\/\/enlineabarcelona.com\/ca\/wp-json\/wp\/v2\/types\/product"}],"replies":[{"embeddable":true,"href":"https:\/\/enlineabarcelona.com\/ca\/wp-json\/wp\/v2\/comments?post=14276"}],"wp:featuredmedia":[{"embeddable":true,"href":"https:\/\/enlineabarcelona.com\/ca\/wp-json\/wp\/v2\/media\/12534"}],"wp:attachment":[{"href":"https:\/\/enlineabarcelona.com\/ca\/wp-json\/wp\/v2\/media?parent=14276"}],"wp:term":[{"taxonomy":"product_cat","embeddable":true,"href":"https:\/\/enlineabarcelona.com\/ca\/wp-json\/wp\/v2\/product_cat?post=14276"},{"taxonomy":"product_tag","embeddable":true,"href":"https:\/\/enlineabarcelona.com\/ca\/wp-json\/wp\/v2\/product_tag?post=14276"},{"taxonomy":"disenadores","embeddable":true,"href":"https:\/\/enlineabarcelona.com\/ca\/wp-json\/wp\/v2\/disenadores?post=14276"},{"taxonomy":"marca","embeddable":true,"href":"https:\/\/enlineabarcelona.com\/ca\/wp-json\/wp\/v2\/marca?post=14276"}],"curies":[{"name":"wp","href":"https:\/\/api.w.org\/{rel}","templated":true}]}}