{"id":14278,"date":"2025-10-27T11:20:31","date_gmt":"2025-10-27T11:20:31","guid":{"rendered":"https:\/\/enlineabarcelona.com\/producto\/mesa-extensible-piper\/"},"modified":"2025-10-27T11:20:41","modified_gmt":"2025-10-27T11:20:41","slug":"mesa-extensible-piper","status":"publish","type":"product","link":"https:\/\/enlineabarcelona.com\/ca\/producto\/mesa-extensible-piper\/","title":{"rendered":"Mesa extensible Piper"},"content":{"rendered":"\n<p>Este \u00faltimo material, una innovadora piedra sinterizada de \u201ccuerpo completo\u201d, combina prestigio est\u00e9tico y excelentes propiedades f\u00edsicas y mec\u00e1nicas gracias al potencial de la porcelana t\u00e9cnica y a la consistencia y elegancia de la piedra natural. Para la mesa PIPER, RODA ha optado por utilizar la variaci\u00f3n de color mole, un tono transversal que es f\u00e1cil de combinar con los asientos de la misma colecci\u00f3n o con otras l\u00edneas de exterior.<br><\/p>\n","protected":false},"excerpt":{"rendered":"<p>Este \u00faltimo material, una innovadora piedra sinterizada de \u201ccuerpo completo\u201d, combina prestigio est\u00e9tico y excelentes propiedades f\u00edsicas y mec\u00e1nicas gracias al potencial de la porcelana t\u00e9cnica y a la consistencia y elegancia de la piedra natural. Para la mesa PIPER, RODA ha optado por utilizar la variaci\u00f3n de color mole, un tono transversal que es &#8230; <a title=\"Mesa extensible Piper\" class=\"read-more\" href=\"https:\/\/enlineabarcelona.com\/ca\/producto\/mesa-extensible-piper\/\" aria-label=\"M\u00e9s informaci\u00f3 sobre Mesa extensible Piper\">Llegiu m\u00e9s<\/a><\/p>\n","protected":false},"featured_media":12554,"comment_status":"closed","ping_status":"open","template":"","meta":{"_acf_changed":false},"product_cat":[251,294],"product_tag":[],"disenadores":[794],"marca":[70],"class_list":{"0":"post-14278","1":"product","2":"type-product","3":"status-publish","4":"has-post-thumbnail","6":"product_cat-exterior","7":"product_cat-mesas-exterior","8":"disenadores-rodolfo-dordoni","9":"marca-roda","10":"sales-flash-overlay","11":"woocommerce-text-align-center","12":"woocommerce-image-align-center","13":"do-quantity-buttons","14":"wc-has-gallery","16":"first","17":"instock","18":"purchasable","19":"product-type-simple"},"acf":[],"_links":{"self":[{"href":"https:\/\/enlineabarcelona.com\/ca\/wp-json\/wp\/v2\/product\/14278","targetHints":{"allow":["GET"]}}],"collection":[{"href":"https:\/\/enlineabarcelona.com\/ca\/wp-json\/wp\/v2\/product"}],"about":[{"href":"https:\/\/enlineabarcelona.com\/ca\/wp-json\/wp\/v2\/types\/product"}],"replies":[{"embeddable":true,"href":"https:\/\/enlineabarcelona.com\/ca\/wp-json\/wp\/v2\/comments?post=14278"}],"wp:featuredmedia":[{"embeddable":true,"href":"https:\/\/enlineabarcelona.com\/ca\/wp-json\/wp\/v2\/media\/12554"}],"wp:attachment":[{"href":"https:\/\/enlineabarcelona.com\/ca\/wp-json\/wp\/v2\/media?parent=14278"}],"wp:term":[{"taxonomy":"product_cat","embeddable":true,"href":"https:\/\/enlineabarcelona.com\/ca\/wp-json\/wp\/v2\/product_cat?post=14278"},{"taxonomy":"product_tag","embeddable":true,"href":"https:\/\/enlineabarcelona.com\/ca\/wp-json\/wp\/v2\/product_tag?post=14278"},{"taxonomy":"disenadores","embeddable":true,"href":"https:\/\/enlineabarcelona.com\/ca\/wp-json\/wp\/v2\/disenadores?post=14278"},{"taxonomy":"marca","embeddable":true,"href":"https:\/\/enlineabarcelona.com\/ca\/wp-json\/wp\/v2\/marca?post=14278"}],"curies":[{"name":"wp","href":"https:\/\/api.w.org\/{rel}","templated":true}]}}