{"id":14280,"date":"2025-10-27T11:20:44","date_gmt":"2025-10-27T11:20:44","guid":{"rendered":"https:\/\/enlineabarcelona.com\/producto\/silla-s-243-svp\/"},"modified":"2025-10-27T11:20:44","modified_gmt":"2025-10-27T11:20:44","slug":"silla-s-243-svp","status":"publish","type":"product","link":"https:\/\/enlineabarcelona.com\/ca\/producto\/silla-s-243-svp\/","title":{"rendered":"Silla\u00a0S 243 SVP"},"content":{"rendered":"\n<p>La S 243 tiene un armaz\u00f3n de tubo de acero y un asiento y respaldo de contrachapado moldeado. El dise\u00f1ador Frank Rettenbacher ha reducido los materiales para maximizar la forma y la funci\u00f3n, creando una silla apilable ligera de cuatro patas que cumple todos los requisitos de los hogares y espacios de trabajo actuales. La S 243 tiene un dise\u00f1o claro y l\u00f3gico: las dos patas traseras tienen un di\u00e1metro de 25 mm, mientras que el di\u00e1metro de las patas delanteras es de 18 mm. Las patas delanteras forman una l\u00ednea continua visible desde la parte frontal hasta donde se unen y conectan con las patas traseras, lo que confiere a la silla su aspecto ligero y ligero.<\/p>\n\n\n\n<p><\/p>\n","protected":false},"excerpt":{"rendered":"<p>La S 243 tiene un armaz\u00f3n de tubo de acero y un asiento y respaldo de contrachapado moldeado. El dise\u00f1ador Frank Rettenbacher ha reducido los materiales para maximizar la forma y la funci\u00f3n, creando una silla apilable ligera de cuatro patas que cumple todos los requisitos de los hogares y espacios de trabajo actuales. La &#8230; <a title=\"Silla\u00a0S 243 SVP\" class=\"read-more\" href=\"https:\/\/enlineabarcelona.com\/ca\/producto\/silla-s-243-svp\/\" aria-label=\"M\u00e9s informaci\u00f3 sobre Silla\u00a0S 243 SVP\">Llegiu m\u00e9s<\/a><\/p>\n","protected":false},"featured_media":12577,"comment_status":"closed","ping_status":"open","template":"","meta":{"_acf_changed":false},"product_cat":[298,1139],"product_tag":[],"disenadores":[766],"marca":[1254],"class_list":{"0":"post-14280","1":"product","2":"type-product","3":"status-publish","4":"has-post-thumbnail","6":"product_cat-mobiliario","7":"product_cat-sillas","8":"disenadores-frank-rettenbacher","9":"marca-thonet","10":"sales-flash-overlay","11":"woocommerce-text-align-center","12":"woocommerce-image-align-center","13":"do-quantity-buttons","14":"wc-has-gallery","16":"first","17":"instock","18":"product-type-simple"},"acf":[],"_links":{"self":[{"href":"https:\/\/enlineabarcelona.com\/ca\/wp-json\/wp\/v2\/product\/14280","targetHints":{"allow":["GET"]}}],"collection":[{"href":"https:\/\/enlineabarcelona.com\/ca\/wp-json\/wp\/v2\/product"}],"about":[{"href":"https:\/\/enlineabarcelona.com\/ca\/wp-json\/wp\/v2\/types\/product"}],"replies":[{"embeddable":true,"href":"https:\/\/enlineabarcelona.com\/ca\/wp-json\/wp\/v2\/comments?post=14280"}],"wp:featuredmedia":[{"embeddable":true,"href":"https:\/\/enlineabarcelona.com\/ca\/wp-json\/wp\/v2\/media\/12577"}],"wp:attachment":[{"href":"https:\/\/enlineabarcelona.com\/ca\/wp-json\/wp\/v2\/media?parent=14280"}],"wp:term":[{"taxonomy":"product_cat","embeddable":true,"href":"https:\/\/enlineabarcelona.com\/ca\/wp-json\/wp\/v2\/product_cat?post=14280"},{"taxonomy":"product_tag","embeddable":true,"href":"https:\/\/enlineabarcelona.com\/ca\/wp-json\/wp\/v2\/product_tag?post=14280"},{"taxonomy":"disenadores","embeddable":true,"href":"https:\/\/enlineabarcelona.com\/ca\/wp-json\/wp\/v2\/disenadores?post=14280"},{"taxonomy":"marca","embeddable":true,"href":"https:\/\/enlineabarcelona.com\/ca\/wp-json\/wp\/v2\/marca?post=14280"}],"curies":[{"name":"wp","href":"https:\/\/api.w.org\/{rel}","templated":true}]}}