{"id":14281,"date":"2025-10-27T11:20:44","date_gmt":"2025-10-27T11:20:44","guid":{"rendered":"https:\/\/enlineabarcelona.com\/producto\/mesas-set-b-9\/"},"modified":"2025-10-27T11:20:45","modified_gmt":"2025-10-27T11:20:45","slug":"mesas-set-b-9","status":"publish","type":"product","link":"https:\/\/enlineabarcelona.com\/ca\/producto\/mesas-set-b-9\/","title":{"rendered":"Mesas Set B 9"},"content":{"rendered":"\n<p>La t\u00e9cnica de la madera curvada perfeccionada por Michael Thonet fue fuente de inspiraci\u00f3n para los experimentos de Marcel Breuer con el acero tubular curvado. El juego de cuatro mesas nido B 9 se desarroll\u00f3 a partir de esta idea. Las mesitas pueden utilizarse de muchas maneras: como mesas auxiliares en grupos de asientos, como pr\u00e1cticas superficies de almacenamiento o como el lugar perfecto para un jarr\u00f3n con flores frescas. Despu\u00e9s de utilizarlas, las mesas pueden colocarse f\u00e1cilmente una debajo de otra para ahorrar espacio. La caracter\u00edstica especial de esta gama es su simplicidad funcional: el juego de mesas consta \u00fanicamente de acero tubular cromado y curvado y paneles rectangulares.<\/p>\n\n\n\n<p>Durante su estancia en la Bauhaus, Marcel Breuer experiment\u00f3 con el acero y el acero tubular, un material nuevo y prometedor para el mobiliario. Breuer estaba en estrecho contacto con el fabricante de aviones Junkers en Dessau, lo que aceler\u00f3 el proceso de desarrollo. Sus primeros dise\u00f1os incluyeron las mesas nido B 9, as\u00ed como diversas estanter\u00edas y muebles auxiliares. El cat\u00e1logo de Thonet de 1930\/31 inclu\u00eda toda la gama de productos. Breuer dise\u00f1\u00f3 originalmente la B 9 para la cafeter\u00eda del edificio de la Bauhaus en Dessau. La peque\u00f1a y vers\u00e1til mesa tambi\u00e9n se utiliz\u00f3 mucho en los apartamentos de estudiantes de Walter Gropius y en las Casas de los Maestros.<\/p>\n","protected":false},"excerpt":{"rendered":"<p>La t\u00e9cnica de la madera curvada perfeccionada por Michael Thonet fue fuente de inspiraci\u00f3n para los experimentos de Marcel Breuer con el acero tubular curvado. El juego de cuatro mesas nido B 9 se desarroll\u00f3 a partir de esta idea. Las mesitas pueden utilizarse de muchas maneras: como mesas auxiliares en grupos de asientos, como &#8230; <a title=\"Mesas Set B 9\" class=\"read-more\" href=\"https:\/\/enlineabarcelona.com\/ca\/producto\/mesas-set-b-9\/\" aria-label=\"M\u00e9s informaci\u00f3 sobre Mesas Set B 9\">Llegiu m\u00e9s<\/a><\/p>\n","protected":false},"featured_media":12593,"comment_status":"closed","ping_status":"open","template":"","meta":{"_acf_changed":false},"product_cat":[289,298],"product_tag":[],"disenadores":[928],"marca":[1254],"class_list":{"0":"post-14281","1":"product","2":"type-product","3":"status-publish","4":"has-post-thumbnail","6":"product_cat-mesas","7":"product_cat-mobiliario","8":"disenadores-marcel-breuer","9":"marca-thonet","10":"sales-flash-overlay","11":"woocommerce-text-align-center","12":"woocommerce-image-align-center","13":"do-quantity-buttons","14":"wc-has-gallery","16":"first","17":"instock","18":"purchasable","19":"product-type-simple"},"acf":[],"_links":{"self":[{"href":"https:\/\/enlineabarcelona.com\/ca\/wp-json\/wp\/v2\/product\/14281","targetHints":{"allow":["GET"]}}],"collection":[{"href":"https:\/\/enlineabarcelona.com\/ca\/wp-json\/wp\/v2\/product"}],"about":[{"href":"https:\/\/enlineabarcelona.com\/ca\/wp-json\/wp\/v2\/types\/product"}],"replies":[{"embeddable":true,"href":"https:\/\/enlineabarcelona.com\/ca\/wp-json\/wp\/v2\/comments?post=14281"}],"wp:featuredmedia":[{"embeddable":true,"href":"https:\/\/enlineabarcelona.com\/ca\/wp-json\/wp\/v2\/media\/12593"}],"wp:attachment":[{"href":"https:\/\/enlineabarcelona.com\/ca\/wp-json\/wp\/v2\/media?parent=14281"}],"wp:term":[{"taxonomy":"product_cat","embeddable":true,"href":"https:\/\/enlineabarcelona.com\/ca\/wp-json\/wp\/v2\/product_cat?post=14281"},{"taxonomy":"product_tag","embeddable":true,"href":"https:\/\/enlineabarcelona.com\/ca\/wp-json\/wp\/v2\/product_tag?post=14281"},{"taxonomy":"disenadores","embeddable":true,"href":"https:\/\/enlineabarcelona.com\/ca\/wp-json\/wp\/v2\/disenadores?post=14281"},{"taxonomy":"marca","embeddable":true,"href":"https:\/\/enlineabarcelona.com\/ca\/wp-json\/wp\/v2\/marca?post=14281"}],"curies":[{"name":"wp","href":"https:\/\/api.w.org\/{rel}","templated":true}]}}