{"id":14282,"date":"2025-10-27T11:20:44","date_gmt":"2025-10-27T11:20:44","guid":{"rendered":"https:\/\/enlineabarcelona.com\/producto\/mesas-set-b-97\/"},"modified":"2025-10-27T11:20:46","modified_gmt":"2025-10-27T11:20:46","slug":"mesas-set-b-97","status":"publish","type":"product","link":"https:\/\/enlineabarcelona.com\/ca\/producto\/mesas-set-b-97\/","title":{"rendered":"Mesas Set B 97"},"content":{"rendered":"\n<p>Elegante, flexible y apto para m\u00faltiples usos. Por sus dimensiones, el juego de mesas B 97 recuerda a la mesa nido B 9 de Marcel Breuer. Su construcci\u00f3n modificada, sin embargo, ofrece una ventaja pr\u00e1ctica: gracias a la abertura de un lado, las mesas pueden colocarse sobre el borde de un sof\u00e1, un sill\u00f3n o una cama. Tambi\u00e9n se pueden empujar c\u00f3modamente una contra otra. El dise\u00f1o de Thonet de 1933 es uno de los cl\u00e1sicos de los muebles de tubo de acero.<\/p>\n","protected":false},"excerpt":{"rendered":"<p>Elegante, flexible y apto para m\u00faltiples usos. Por sus dimensiones, el juego de mesas B 97 recuerda a la mesa nido B 9 de Marcel Breuer. Su construcci\u00f3n modificada, sin embargo, ofrece una ventaja pr\u00e1ctica: gracias a la abertura de un lado, las mesas pueden colocarse sobre el borde de un sof\u00e1, un sill\u00f3n o &#8230; <a title=\"Mesas Set B 97\" class=\"read-more\" href=\"https:\/\/enlineabarcelona.com\/ca\/producto\/mesas-set-b-97\/\" aria-label=\"M\u00e9s informaci\u00f3 sobre Mesas Set B 97\">Llegiu m\u00e9s<\/a><\/p>\n","protected":false},"featured_media":12606,"comment_status":"closed","ping_status":"open","template":"","meta":{"_acf_changed":false},"product_cat":[289,298],"product_tag":[],"disenadores":[751],"marca":[1254],"class_list":{"0":"post-14282","1":"product","2":"type-product","3":"status-publish","4":"has-post-thumbnail","6":"product_cat-mesas","7":"product_cat-mobiliario","8":"disenadores-michael-thonet","9":"marca-thonet","10":"sales-flash-overlay","11":"woocommerce-text-align-center","12":"woocommerce-image-align-center","13":"do-quantity-buttons","14":"wc-has-gallery","16":"first","17":"instock","18":"purchasable","19":"product-type-simple"},"acf":[],"_links":{"self":[{"href":"https:\/\/enlineabarcelona.com\/ca\/wp-json\/wp\/v2\/product\/14282","targetHints":{"allow":["GET"]}}],"collection":[{"href":"https:\/\/enlineabarcelona.com\/ca\/wp-json\/wp\/v2\/product"}],"about":[{"href":"https:\/\/enlineabarcelona.com\/ca\/wp-json\/wp\/v2\/types\/product"}],"replies":[{"embeddable":true,"href":"https:\/\/enlineabarcelona.com\/ca\/wp-json\/wp\/v2\/comments?post=14282"}],"wp:featuredmedia":[{"embeddable":true,"href":"https:\/\/enlineabarcelona.com\/ca\/wp-json\/wp\/v2\/media\/12606"}],"wp:attachment":[{"href":"https:\/\/enlineabarcelona.com\/ca\/wp-json\/wp\/v2\/media?parent=14282"}],"wp:term":[{"taxonomy":"product_cat","embeddable":true,"href":"https:\/\/enlineabarcelona.com\/ca\/wp-json\/wp\/v2\/product_cat?post=14282"},{"taxonomy":"product_tag","embeddable":true,"href":"https:\/\/enlineabarcelona.com\/ca\/wp-json\/wp\/v2\/product_tag?post=14282"},{"taxonomy":"disenadores","embeddable":true,"href":"https:\/\/enlineabarcelona.com\/ca\/wp-json\/wp\/v2\/disenadores?post=14282"},{"taxonomy":"marca","embeddable":true,"href":"https:\/\/enlineabarcelona.com\/ca\/wp-json\/wp\/v2\/marca?post=14282"}],"curies":[{"name":"wp","href":"https:\/\/api.w.org\/{rel}","templated":true}]}}