{"id":14283,"date":"2025-10-27T11:20:44","date_gmt":"2025-10-27T11:20:44","guid":{"rendered":"https:\/\/enlineabarcelona.com\/producto\/mesa-s-285-1\/"},"modified":"2025-10-27T11:20:46","modified_gmt":"2025-10-27T11:20:46","slug":"mesa-s-285-1","status":"publish","type":"product","link":"https:\/\/enlineabarcelona.com\/ca\/producto\/mesa-s-285-1\/","title":{"rendered":"Mesa S 285\/1"},"content":{"rendered":"\n<p>Es como si Marcel Breuer se hubiera anticipado a las oficinas dom\u00e9sticas y los ordenadores port\u00e1tiles de hoy en d\u00eda: El compacto escritorio de tubo de acero S 285 que dise\u00f1\u00f3 es un elegante compa\u00f1ero para el trabajo y el estilo de vida modernos. El escritorio de tubo de acero S 285 de Marcel Breuer para Thonet es un exitoso ejemplo de la pretensi\u00f3n program\u00e1tica de la Bauhaus de combinar arte y tecnolog\u00eda en una nueva entidad. Breuer era carpintero de formaci\u00f3n y combin\u00f3 su conocimiento del acero tubular como material con su experiencia en dise\u00f1o de interiores. El tablero y los elementos de almacenamiento de madera barnizada o te\u00f1ida encajan armoniosamente en el armaz\u00f3n de tubo de acero. La estructura portante est\u00e1 formada por una l\u00ednea curva, y los elementos de madera caracterizados por formas claras parecen flotar en ella. Este mueble de proporciones formalmente equilibradas representa una pieza importante de la historia contempor\u00e1nea, conocida como \u00abLa nueva objetividad\u00bb. Thonet produce varias versiones de este llamativo modelo.<\/p>\n","protected":false},"excerpt":{"rendered":"<p>Es como si Marcel Breuer se hubiera anticipado a las oficinas dom\u00e9sticas y los ordenadores port\u00e1tiles de hoy en d\u00eda: El compacto escritorio de tubo de acero S 285 que dise\u00f1\u00f3 es un elegante compa\u00f1ero para el trabajo y el estilo de vida modernos. El escritorio de tubo de acero S 285 de Marcel Breuer &#8230; <a title=\"Mesa S 285\/1\" class=\"read-more\" href=\"https:\/\/enlineabarcelona.com\/ca\/producto\/mesa-s-285-1\/\" aria-label=\"M\u00e9s informaci\u00f3 sobre Mesa S 285\/1\">Llegiu m\u00e9s<\/a><\/p>\n","protected":false},"featured_media":12622,"comment_status":"closed","ping_status":"open","template":"","meta":{"_acf_changed":false},"product_cat":[289,298],"product_tag":[],"disenadores":[928],"marca":[1254],"class_list":{"0":"post-14283","1":"product","2":"type-product","3":"status-publish","4":"has-post-thumbnail","6":"product_cat-mesas","7":"product_cat-mobiliario","8":"disenadores-marcel-breuer","9":"marca-thonet","10":"sales-flash-overlay","11":"woocommerce-text-align-center","12":"woocommerce-image-align-center","13":"do-quantity-buttons","14":"wc-has-gallery","16":"first","17":"instock","18":"purchasable","19":"product-type-simple"},"acf":[],"_links":{"self":[{"href":"https:\/\/enlineabarcelona.com\/ca\/wp-json\/wp\/v2\/product\/14283","targetHints":{"allow":["GET"]}}],"collection":[{"href":"https:\/\/enlineabarcelona.com\/ca\/wp-json\/wp\/v2\/product"}],"about":[{"href":"https:\/\/enlineabarcelona.com\/ca\/wp-json\/wp\/v2\/types\/product"}],"replies":[{"embeddable":true,"href":"https:\/\/enlineabarcelona.com\/ca\/wp-json\/wp\/v2\/comments?post=14283"}],"wp:featuredmedia":[{"embeddable":true,"href":"https:\/\/enlineabarcelona.com\/ca\/wp-json\/wp\/v2\/media\/12622"}],"wp:attachment":[{"href":"https:\/\/enlineabarcelona.com\/ca\/wp-json\/wp\/v2\/media?parent=14283"}],"wp:term":[{"taxonomy":"product_cat","embeddable":true,"href":"https:\/\/enlineabarcelona.com\/ca\/wp-json\/wp\/v2\/product_cat?post=14283"},{"taxonomy":"product_tag","embeddable":true,"href":"https:\/\/enlineabarcelona.com\/ca\/wp-json\/wp\/v2\/product_tag?post=14283"},{"taxonomy":"disenadores","embeddable":true,"href":"https:\/\/enlineabarcelona.com\/ca\/wp-json\/wp\/v2\/disenadores?post=14283"},{"taxonomy":"marca","embeddable":true,"href":"https:\/\/enlineabarcelona.com\/ca\/wp-json\/wp\/v2\/marca?post=14283"}],"curies":[{"name":"wp","href":"https:\/\/api.w.org\/{rel}","templated":true}]}}