{"id":14284,"date":"2025-10-27T11:20:44","date_gmt":"2025-10-27T11:20:44","guid":{"rendered":"https:\/\/enlineabarcelona.com\/producto\/silla-119-f\/"},"modified":"2025-10-27T11:20:47","modified_gmt":"2025-10-27T11:20:47","slug":"silla-119-f","status":"publish","type":"product","link":"https:\/\/enlineabarcelona.com\/ca\/producto\/silla-119-f\/","title":{"rendered":"Silla 119 F"},"content":{"rendered":"\n<p>Materiales naturales como la madera curvada y el canwork, reducidos a lo esencial. La silla 119, dise\u00f1ada por Sebastian Herkner, es una pieza cl\u00e1sica de Thonet que dejar\u00e1 huella en cualquier ambiente. Puede colocarse sola o en pareja en salones como elegante contrapunto a un sof\u00e1. Tambi\u00e9n puede colocarse en el vest\u00edbulo de un hotel o en el entorno de New Work. Su amplio respaldo, suavemente inclinado, y su profundo asiento, que se inclina 5,5 grados, han sido dise\u00f1ados para ofrecer una postura relajada. Para un confort a\u00fan mayor, tambi\u00e9n hay un coj\u00edn de asiento opcional, que puede atarse a las patas traseras de la tumbona. El dise\u00f1o ha surgido org\u00e1nicamente de la exitosa gama 118. Por ejemplo, la forma de las patas del sill\u00f3n, redondeadas por detr\u00e1s y con bordes suaves por delante, retoma la forma de herradura de la base del asiento. El asiento de la 119, al igual que el de la colecci\u00f3n 118, est\u00e1 rodeado por un armaz\u00f3n de madera curvada; ambas colecciones est\u00e1n disponibles con revestimiento de canutillo o asiento de contrachapado moldeado. La silla puede adquirirse en una gama de colores de tinte y lacados de alto brillo.<\/p>\n","protected":false},"excerpt":{"rendered":"<p>Materiales naturales como la madera curvada y el canwork, reducidos a lo esencial. La silla 119, dise\u00f1ada por Sebastian Herkner, es una pieza cl\u00e1sica de Thonet que dejar\u00e1 huella en cualquier ambiente. Puede colocarse sola o en pareja en salones como elegante contrapunto a un sof\u00e1. Tambi\u00e9n puede colocarse en el vest\u00edbulo de un hotel &#8230; <a title=\"Silla 119 F\" class=\"read-more\" href=\"https:\/\/enlineabarcelona.com\/ca\/producto\/silla-119-f\/\" aria-label=\"M\u00e9s informaci\u00f3 sobre Silla 119 F\">Llegiu m\u00e9s<\/a><\/p>\n","protected":false},"featured_media":12638,"comment_status":"closed","ping_status":"open","template":"","meta":{"_acf_changed":false},"product_cat":[298,1139],"product_tag":[],"disenadores":[],"marca":[1254],"class_list":{"0":"post-14284","1":"product","2":"type-product","3":"status-publish","4":"has-post-thumbnail","6":"product_cat-mobiliario","7":"product_cat-sillas","8":"marca-thonet","9":"sales-flash-overlay","10":"woocommerce-text-align-center","11":"woocommerce-image-align-center","12":"do-quantity-buttons","13":"wc-has-gallery","15":"first","16":"instock","17":"purchasable","18":"product-type-simple"},"acf":[],"_links":{"self":[{"href":"https:\/\/enlineabarcelona.com\/ca\/wp-json\/wp\/v2\/product\/14284","targetHints":{"allow":["GET"]}}],"collection":[{"href":"https:\/\/enlineabarcelona.com\/ca\/wp-json\/wp\/v2\/product"}],"about":[{"href":"https:\/\/enlineabarcelona.com\/ca\/wp-json\/wp\/v2\/types\/product"}],"replies":[{"embeddable":true,"href":"https:\/\/enlineabarcelona.com\/ca\/wp-json\/wp\/v2\/comments?post=14284"}],"wp:featuredmedia":[{"embeddable":true,"href":"https:\/\/enlineabarcelona.com\/ca\/wp-json\/wp\/v2\/media\/12638"}],"wp:attachment":[{"href":"https:\/\/enlineabarcelona.com\/ca\/wp-json\/wp\/v2\/media?parent=14284"}],"wp:term":[{"taxonomy":"product_cat","embeddable":true,"href":"https:\/\/enlineabarcelona.com\/ca\/wp-json\/wp\/v2\/product_cat?post=14284"},{"taxonomy":"product_tag","embeddable":true,"href":"https:\/\/enlineabarcelona.com\/ca\/wp-json\/wp\/v2\/product_tag?post=14284"},{"taxonomy":"disenadores","embeddable":true,"href":"https:\/\/enlineabarcelona.com\/ca\/wp-json\/wp\/v2\/disenadores?post=14284"},{"taxonomy":"marca","embeddable":true,"href":"https:\/\/enlineabarcelona.com\/ca\/wp-json\/wp\/v2\/marca?post=14284"}],"curies":[{"name":"wp","href":"https:\/\/api.w.org\/{rel}","templated":true}]}}