{"id":14285,"date":"2025-10-27T11:20:44","date_gmt":"2025-10-27T11:20:44","guid":{"rendered":"https:\/\/enlineabarcelona.com\/producto\/mesa-auxiliar-b-117\/"},"modified":"2025-10-27T11:20:48","modified_gmt":"2025-10-27T11:20:48","slug":"mesa-auxiliar-b-117","status":"publish","type":"product","link":"https:\/\/enlineabarcelona.com\/ca\/producto\/mesa-auxiliar-b-117\/","title":{"rendered":"Mesa auxiliar B 117"},"content":{"rendered":"\n<p>Este mueble auxiliar tiene un dise\u00f1o formalmente claro y un uso adicional: la mesa baja con caj\u00f3n encaja bien junto a una cama o una tumbona. Est\u00e1 concebida de tal forma que se puede pasar por encima del borde de la cama o del sal\u00f3n, ahorrando espacio durante el d\u00eda. Es un cl\u00e1sico dise\u00f1ado por Thonet en 1934 y durante muchos a\u00f1os ha formado parte inherente de la extensa colecci\u00f3n de muebles de tubo de acero, que incluye principalmente dise\u00f1os de arquitectos como Breuer, Mies van der Rohe y Stam.<\/p>\n\n\n\n<p><\/p>\n","protected":false},"excerpt":{"rendered":"<p>Este mueble auxiliar tiene un dise\u00f1o formalmente claro y un uso adicional: la mesa baja con caj\u00f3n encaja bien junto a una cama o una tumbona. Est\u00e1 concebida de tal forma que se puede pasar por encima del borde de la cama o del sal\u00f3n, ahorrando espacio durante el d\u00eda. Es un cl\u00e1sico dise\u00f1ado por &#8230; <a title=\"Mesa auxiliar B 117\" class=\"read-more\" href=\"https:\/\/enlineabarcelona.com\/ca\/producto\/mesa-auxiliar-b-117\/\" aria-label=\"M\u00e9s informaci\u00f3 sobre Mesa auxiliar B 117\">Llegiu m\u00e9s<\/a><\/p>\n","protected":false},"featured_media":12654,"comment_status":"closed","ping_status":"open","template":"","meta":{"_acf_changed":false},"product_cat":[289,298],"product_tag":[],"disenadores":[1255],"marca":[1254],"class_list":{"0":"post-14285","1":"product","2":"type-product","3":"status-publish","4":"has-post-thumbnail","6":"product_cat-mesas","7":"product_cat-mobiliario","8":"disenadores-equipo-de-thonet","9":"marca-thonet","10":"sales-flash-overlay","11":"woocommerce-text-align-center","12":"woocommerce-image-align-center","13":"do-quantity-buttons","14":"wc-has-gallery","16":"first","17":"instock","18":"purchasable","19":"product-type-simple"},"acf":[],"_links":{"self":[{"href":"https:\/\/enlineabarcelona.com\/ca\/wp-json\/wp\/v2\/product\/14285","targetHints":{"allow":["GET"]}}],"collection":[{"href":"https:\/\/enlineabarcelona.com\/ca\/wp-json\/wp\/v2\/product"}],"about":[{"href":"https:\/\/enlineabarcelona.com\/ca\/wp-json\/wp\/v2\/types\/product"}],"replies":[{"embeddable":true,"href":"https:\/\/enlineabarcelona.com\/ca\/wp-json\/wp\/v2\/comments?post=14285"}],"wp:featuredmedia":[{"embeddable":true,"href":"https:\/\/enlineabarcelona.com\/ca\/wp-json\/wp\/v2\/media\/12654"}],"wp:attachment":[{"href":"https:\/\/enlineabarcelona.com\/ca\/wp-json\/wp\/v2\/media?parent=14285"}],"wp:term":[{"taxonomy":"product_cat","embeddable":true,"href":"https:\/\/enlineabarcelona.com\/ca\/wp-json\/wp\/v2\/product_cat?post=14285"},{"taxonomy":"product_tag","embeddable":true,"href":"https:\/\/enlineabarcelona.com\/ca\/wp-json\/wp\/v2\/product_tag?post=14285"},{"taxonomy":"disenadores","embeddable":true,"href":"https:\/\/enlineabarcelona.com\/ca\/wp-json\/wp\/v2\/disenadores?post=14285"},{"taxonomy":"marca","embeddable":true,"href":"https:\/\/enlineabarcelona.com\/ca\/wp-json\/wp\/v2\/marca?post=14285"}],"curies":[{"name":"wp","href":"https:\/\/api.w.org\/{rel}","templated":true}]}}