{"id":14286,"date":"2025-10-27T11:20:44","date_gmt":"2025-10-27T11:20:44","guid":{"rendered":"https:\/\/enlineabarcelona.com\/producto\/aparador-tiller\/"},"modified":"2025-10-27T11:20:48","modified_gmt":"2025-10-27T11:20:48","slug":"aparador-tiller","status":"publish","type":"product","link":"https:\/\/enlineabarcelona.com\/ca\/producto\/aparador-tiller\/","title":{"rendered":"Aparador Tiller"},"content":{"rendered":"\n<p>El aparador Tiller est\u00e1 disponible en dos modelos, uno vertical, de 1600 mm de longitud, y otro horizontal, de 2330 mm. Tiller exhibe 4 puertas que se abren, una sobre otra a 180\u00b0, un detalle que cambia agradablemente el dise\u00f1o de su cara. Elevado sobre 4 pies met\u00e1licos mates desde el suelo, el aparador destaca una vez m\u00e1s por la pericia t\u00e9cnica de la marca, capaz de probar nuevos sistemas y tecnolog\u00edas de apertura. Tiller se fabrica con estructura de eucalipto o palissandro santos y estantes internos de cristal, y ambos modelos pueden equiparse con cajones internos en el mismo acabado.<\/p>\n\n\n\n<p><\/p>\n","protected":false},"excerpt":{"rendered":"<p>El aparador Tiller est\u00e1 disponible en dos modelos, uno vertical, de 1600 mm de longitud, y otro horizontal, de 2330 mm. Tiller exhibe 4 puertas que se abren, una sobre otra a 180\u00b0, un detalle que cambia agradablemente el dise\u00f1o de su cara. Elevado sobre 4 pies met\u00e1licos mates desde el suelo, el aparador destaca &#8230; <a title=\"Aparador Tiller\" class=\"read-more\" href=\"https:\/\/enlineabarcelona.com\/ca\/producto\/aparador-tiller\/\" aria-label=\"M\u00e9s informaci\u00f3 sobre Aparador Tiller\">Llegiu m\u00e9s<\/a><\/p>\n","protected":false},"featured_media":12670,"comment_status":"closed","ping_status":"open","template":"","meta":{"_acf_changed":false},"product_cat":[282,298],"product_tag":[],"disenadores":[905],"marca":[21],"class_list":{"0":"post-14286","1":"product","2":"type-product","3":"status-publish","4":"has-post-thumbnail","6":"product_cat-aparadores","7":"product_cat-mobiliario","8":"disenadores-piero-lissoni","9":"marca-porro","10":"sales-flash-overlay","11":"woocommerce-text-align-center","12":"woocommerce-image-align-center","13":"do-quantity-buttons","14":"wc-has-gallery","16":"first","17":"instock","18":"purchasable","19":"product-type-simple"},"acf":[],"_links":{"self":[{"href":"https:\/\/enlineabarcelona.com\/ca\/wp-json\/wp\/v2\/product\/14286","targetHints":{"allow":["GET"]}}],"collection":[{"href":"https:\/\/enlineabarcelona.com\/ca\/wp-json\/wp\/v2\/product"}],"about":[{"href":"https:\/\/enlineabarcelona.com\/ca\/wp-json\/wp\/v2\/types\/product"}],"replies":[{"embeddable":true,"href":"https:\/\/enlineabarcelona.com\/ca\/wp-json\/wp\/v2\/comments?post=14286"}],"wp:featuredmedia":[{"embeddable":true,"href":"https:\/\/enlineabarcelona.com\/ca\/wp-json\/wp\/v2\/media\/12670"}],"wp:attachment":[{"href":"https:\/\/enlineabarcelona.com\/ca\/wp-json\/wp\/v2\/media?parent=14286"}],"wp:term":[{"taxonomy":"product_cat","embeddable":true,"href":"https:\/\/enlineabarcelona.com\/ca\/wp-json\/wp\/v2\/product_cat?post=14286"},{"taxonomy":"product_tag","embeddable":true,"href":"https:\/\/enlineabarcelona.com\/ca\/wp-json\/wp\/v2\/product_tag?post=14286"},{"taxonomy":"disenadores","embeddable":true,"href":"https:\/\/enlineabarcelona.com\/ca\/wp-json\/wp\/v2\/disenadores?post=14286"},{"taxonomy":"marca","embeddable":true,"href":"https:\/\/enlineabarcelona.com\/ca\/wp-json\/wp\/v2\/marca?post=14286"}],"curies":[{"name":"wp","href":"https:\/\/api.w.org\/{rel}","templated":true}]}}