{"id":14288,"date":"2025-10-27T11:20:44","date_gmt":"2025-10-27T11:20:44","guid":{"rendered":"https:\/\/enlineabarcelona.com\/producto\/silla-118\/"},"modified":"2025-10-27T11:20:50","modified_gmt":"2025-10-27T11:20:50","slug":"silla-118","status":"publish","type":"product","link":"https:\/\/enlineabarcelona.com\/ca\/producto\/silla-118\/","title":{"rendered":"Silla 118"},"content":{"rendered":"\n<p>Minimalista y honesta, a la vez que elegante y fina: la silla 118 es una silla cl\u00e1sica de madera que aporta una sutil elegancia a cualquier mesa de comedor o restaurante. El principio de reducir una silla al menor n\u00famero posible de elementos fue introducido por Michael Thonet a mediados del siglo XIX. La silla 118 es una continuaci\u00f3n de este principio y, con un gui\u00f1o a la herencia de la empresa, lo lleva un paso m\u00e1s all\u00e1. Sebastian Herkner ha a\u00f1adido detalles sofisticados que hacen que el dise\u00f1o sea menos dominante y, por tanto, a\u00fan m\u00e1s distinguido. La forma de las patas de la silla es otra caracter\u00edstica especial: redondeadas en la parte exterior y rectas en la interior, un dise\u00f1o que alude a la forma de herradura de la superficie de asiento. El armaz\u00f3n del asiento de madera curvada y el asiento artesanal recubierto de canes\u00fa remiten a la 214, el arquetipo de silla Thonet. La gama se ha ampliado con los taburetes 118 H. El miembro m\u00e1s reciente de esta gama de sillas es el 118 FV, un acogedor sill\u00f3n que ofrece a\u00fan m\u00e1s espacio y comodidad. Este dise\u00f1o fue creado por Sebastian Herkner espec\u00edficamente para ambientes de alta cocina y cuenta con un asiento m\u00e1s grande y un respaldo m\u00e1s ancho y ligeramente m\u00e1s reclinado.<\/p>\n","protected":false},"excerpt":{"rendered":"<p>Minimalista y honesta, a la vez que elegante y fina: la silla 118 es una silla cl\u00e1sica de madera que aporta una sutil elegancia a cualquier mesa de comedor o restaurante. El principio de reducir una silla al menor n\u00famero posible de elementos fue introducido por Michael Thonet a mediados del siglo XIX. La silla &#8230; <a title=\"Silla 118\" class=\"read-more\" href=\"https:\/\/enlineabarcelona.com\/ca\/producto\/silla-118\/\" aria-label=\"M\u00e9s informaci\u00f3 sobre Silla 118\">Llegiu m\u00e9s<\/a><\/p>\n","protected":false},"featured_media":12699,"comment_status":"closed","ping_status":"open","template":"","meta":{"_acf_changed":false},"product_cat":[298,1139],"product_tag":[],"disenadores":[866],"marca":[1254],"class_list":{"0":"post-14288","1":"product","2":"type-product","3":"status-publish","4":"has-post-thumbnail","6":"product_cat-mobiliario","7":"product_cat-sillas","8":"disenadores-sebastian-herkner","9":"marca-thonet","10":"sales-flash-overlay","11":"woocommerce-text-align-center","12":"woocommerce-image-align-center","13":"do-quantity-buttons","14":"wc-has-gallery","16":"first","17":"instock","18":"purchasable","19":"product-type-simple"},"acf":[],"_links":{"self":[{"href":"https:\/\/enlineabarcelona.com\/ca\/wp-json\/wp\/v2\/product\/14288","targetHints":{"allow":["GET"]}}],"collection":[{"href":"https:\/\/enlineabarcelona.com\/ca\/wp-json\/wp\/v2\/product"}],"about":[{"href":"https:\/\/enlineabarcelona.com\/ca\/wp-json\/wp\/v2\/types\/product"}],"replies":[{"embeddable":true,"href":"https:\/\/enlineabarcelona.com\/ca\/wp-json\/wp\/v2\/comments?post=14288"}],"wp:featuredmedia":[{"embeddable":true,"href":"https:\/\/enlineabarcelona.com\/ca\/wp-json\/wp\/v2\/media\/12699"}],"wp:attachment":[{"href":"https:\/\/enlineabarcelona.com\/ca\/wp-json\/wp\/v2\/media?parent=14288"}],"wp:term":[{"taxonomy":"product_cat","embeddable":true,"href":"https:\/\/enlineabarcelona.com\/ca\/wp-json\/wp\/v2\/product_cat?post=14288"},{"taxonomy":"product_tag","embeddable":true,"href":"https:\/\/enlineabarcelona.com\/ca\/wp-json\/wp\/v2\/product_tag?post=14288"},{"taxonomy":"disenadores","embeddable":true,"href":"https:\/\/enlineabarcelona.com\/ca\/wp-json\/wp\/v2\/disenadores?post=14288"},{"taxonomy":"marca","embeddable":true,"href":"https:\/\/enlineabarcelona.com\/ca\/wp-json\/wp\/v2\/marca?post=14288"}],"curies":[{"name":"wp","href":"https:\/\/api.w.org\/{rel}","templated":true}]}}