{"id":14292,"date":"2025-10-27T11:20:44","date_gmt":"2025-10-27T11:20:44","guid":{"rendered":"https:\/\/enlineabarcelona.com\/producto\/silla-oru\/"},"modified":"2025-10-27T11:20:52","modified_gmt":"2025-10-27T11:20:52","slug":"silla-oru","status":"publish","type":"product","link":"https:\/\/enlineabarcelona.com\/ca\/producto\/silla-oru\/","title":{"rendered":"Silla Oru"},"content":{"rendered":"\n<p>Inspirada con el dise\u00f1o de los a\u00f1os 70 y con una cierta influencia del sentimiento y estado de \u00e1nimo japon\u00e9s, nace la colecci\u00f3n Oru. Un dise\u00f1o audaz que se conjuga con la sorprendente arquitectura de 3 pies. La colecci\u00f3n Oru incorpora banquetas en dos alturas, con asiento tapizado y respaldo en madera maciza, el cual puede solicitarse tapizado. Posee formas ideales para la incorporaci\u00f3n en espacios residenciales y hosteleros.<\/p>\n","protected":false},"excerpt":{"rendered":"<p>Inspirada con el dise\u00f1o de los a\u00f1os 70 y con una cierta influencia del sentimiento y estado de \u00e1nimo japon\u00e9s, nace la colecci\u00f3n Oru. Un dise\u00f1o audaz que se conjuga con la sorprendente arquitectura de 3 pies. La colecci\u00f3n Oru incorpora banquetas en dos alturas, con asiento tapizado y respaldo en madera maciza, el cual &#8230; <a title=\"Silla Oru\" class=\"read-more\" href=\"https:\/\/enlineabarcelona.com\/ca\/producto\/silla-oru\/\" aria-label=\"M\u00e9s informaci\u00f3 sobre Silla Oru\">Llegiu m\u00e9s<\/a><\/p>\n","protected":false},"featured_media":12730,"comment_status":"closed","ping_status":"open","template":"","meta":{"_acf_changed":false},"product_cat":[298,1139],"product_tag":[],"disenadores":[935],"marca":[1257],"class_list":{"0":"post-14292","1":"product","2":"type-product","3":"status-publish","4":"has-post-thumbnail","6":"product_cat-mobiliario","7":"product_cat-sillas","8":"disenadores-patricia-urquiola-ca","9":"marca-andreu-world","10":"sales-flash-overlay","11":"woocommerce-text-align-center","12":"woocommerce-image-align-center","13":"do-quantity-buttons","14":"wc-has-gallery","16":"first","17":"instock","18":"product-type-simple"},"acf":[],"_links":{"self":[{"href":"https:\/\/enlineabarcelona.com\/ca\/wp-json\/wp\/v2\/product\/14292","targetHints":{"allow":["GET"]}}],"collection":[{"href":"https:\/\/enlineabarcelona.com\/ca\/wp-json\/wp\/v2\/product"}],"about":[{"href":"https:\/\/enlineabarcelona.com\/ca\/wp-json\/wp\/v2\/types\/product"}],"replies":[{"embeddable":true,"href":"https:\/\/enlineabarcelona.com\/ca\/wp-json\/wp\/v2\/comments?post=14292"}],"wp:featuredmedia":[{"embeddable":true,"href":"https:\/\/enlineabarcelona.com\/ca\/wp-json\/wp\/v2\/media\/12730"}],"wp:attachment":[{"href":"https:\/\/enlineabarcelona.com\/ca\/wp-json\/wp\/v2\/media?parent=14292"}],"wp:term":[{"taxonomy":"product_cat","embeddable":true,"href":"https:\/\/enlineabarcelona.com\/ca\/wp-json\/wp\/v2\/product_cat?post=14292"},{"taxonomy":"product_tag","embeddable":true,"href":"https:\/\/enlineabarcelona.com\/ca\/wp-json\/wp\/v2\/product_tag?post=14292"},{"taxonomy":"disenadores","embeddable":true,"href":"https:\/\/enlineabarcelona.com\/ca\/wp-json\/wp\/v2\/disenadores?post=14292"},{"taxonomy":"marca","embeddable":true,"href":"https:\/\/enlineabarcelona.com\/ca\/wp-json\/wp\/v2\/marca?post=14292"}],"curies":[{"name":"wp","href":"https:\/\/api.w.org\/{rel}","templated":true}]}}