{"id":14293,"date":"2025-10-27T11:20:44","date_gmt":"2025-10-27T11:20:44","guid":{"rendered":"https:\/\/enlineabarcelona.com\/producto\/silla-bolete\/"},"modified":"2025-10-27T11:20:53","modified_gmt":"2025-10-27T11:20:53","slug":"silla-bolete","status":"publish","type":"product","link":"https:\/\/enlineabarcelona.com\/ca\/producto\/silla-bolete\/","title":{"rendered":"Silla Bolete"},"content":{"rendered":"\n<p>La nueva silla Bolete Chair transforma entornos p\u00fablicos y privados con su car\u00e1cter \u00fanico y formas org\u00e1nicas. Destaca por su ergonom\u00eda, gracias a la geometr\u00eda distintiva del asiento y su generosa anchura, proporcionando un soporte \u00f3ptimo. La tapicer\u00eda se aplica sobre una carcasa de termopol\u00edmero Pure ECO\u00ae, 100% reciclado y reciclable.<\/p>\n","protected":false},"excerpt":{"rendered":"<p>La nueva silla Bolete Chair transforma entornos p\u00fablicos y privados con su car\u00e1cter \u00fanico y formas org\u00e1nicas. Destaca por su ergonom\u00eda, gracias a la geometr\u00eda distintiva del asiento y su generosa anchura, proporcionando un soporte \u00f3ptimo. La tapicer\u00eda se aplica sobre una carcasa de termopol\u00edmero Pure ECO\u00ae, 100% reciclado y reciclable.<\/p>\n","protected":false},"featured_media":12749,"comment_status":"closed","ping_status":"open","template":"","meta":{"_acf_changed":false},"product_cat":[298,1139],"product_tag":[],"disenadores":[935],"marca":[1257],"class_list":{"0":"post-14293","1":"product","2":"type-product","3":"status-publish","4":"has-post-thumbnail","6":"product_cat-mobiliario","7":"product_cat-sillas","8":"disenadores-patricia-urquiola-ca","9":"marca-andreu-world","10":"sales-flash-overlay","11":"woocommerce-text-align-center","12":"woocommerce-image-align-center","13":"do-quantity-buttons","14":"wc-has-gallery","16":"first","17":"instock","18":"product-type-simple"},"acf":[],"_links":{"self":[{"href":"https:\/\/enlineabarcelona.com\/ca\/wp-json\/wp\/v2\/product\/14293","targetHints":{"allow":["GET"]}}],"collection":[{"href":"https:\/\/enlineabarcelona.com\/ca\/wp-json\/wp\/v2\/product"}],"about":[{"href":"https:\/\/enlineabarcelona.com\/ca\/wp-json\/wp\/v2\/types\/product"}],"replies":[{"embeddable":true,"href":"https:\/\/enlineabarcelona.com\/ca\/wp-json\/wp\/v2\/comments?post=14293"}],"wp:featuredmedia":[{"embeddable":true,"href":"https:\/\/enlineabarcelona.com\/ca\/wp-json\/wp\/v2\/media\/12749"}],"wp:attachment":[{"href":"https:\/\/enlineabarcelona.com\/ca\/wp-json\/wp\/v2\/media?parent=14293"}],"wp:term":[{"taxonomy":"product_cat","embeddable":true,"href":"https:\/\/enlineabarcelona.com\/ca\/wp-json\/wp\/v2\/product_cat?post=14293"},{"taxonomy":"product_tag","embeddable":true,"href":"https:\/\/enlineabarcelona.com\/ca\/wp-json\/wp\/v2\/product_tag?post=14293"},{"taxonomy":"disenadores","embeddable":true,"href":"https:\/\/enlineabarcelona.com\/ca\/wp-json\/wp\/v2\/disenadores?post=14293"},{"taxonomy":"marca","embeddable":true,"href":"https:\/\/enlineabarcelona.com\/ca\/wp-json\/wp\/v2\/marca?post=14293"}],"curies":[{"name":"wp","href":"https:\/\/api.w.org\/{rel}","templated":true}]}}