{"id":14294,"date":"2025-10-27T11:20:44","date_gmt":"2025-10-27T11:20:44","guid":{"rendered":"https:\/\/enlineabarcelona.com\/producto\/silla-capri-executive\/"},"modified":"2025-10-27T11:20:53","modified_gmt":"2025-10-27T11:20:53","slug":"silla-capri-executive","status":"publish","type":"product","link":"https:\/\/enlineabarcelona.com\/ca\/producto\/silla-capri-executive\/","title":{"rendered":"Silla Capri Executive"},"content":{"rendered":"\n<p>Con una presencia singular, Capri Executive est\u00e1 disponible en diferentes versiones: sin brazos o con brazos tapizados, en tres alturas de respaldo y bases de cuatro aspas o cinco ruedas fabricadas en aluminio 100% reciclable. Opcionalmente, se encuentra con respaldo de nogal, que le dota de elegancia y calidez. Su dise\u00f1o se adapta a distintos entornos y usos corporativos o ejecutivos, pero tambi\u00e9n la hacen id\u00f3nea para espacios m\u00e1s privados.<\/p>\n","protected":false},"excerpt":{"rendered":"<p>Con una presencia singular, Capri Executive est\u00e1 disponible en diferentes versiones: sin brazos o con brazos tapizados, en tres alturas de respaldo y bases de cuatro aspas o cinco ruedas fabricadas en aluminio 100% reciclable. Opcionalmente, se encuentra con respaldo de nogal, que le dota de elegancia y calidez. Su dise\u00f1o se adapta a distintos &#8230; <a title=\"Silla Capri Executive\" class=\"read-more\" href=\"https:\/\/enlineabarcelona.com\/ca\/producto\/silla-capri-executive\/\" aria-label=\"M\u00e9s informaci\u00f3 sobre Silla Capri Executive\">Llegiu m\u00e9s<\/a><\/p>\n","protected":false},"featured_media":12765,"comment_status":"closed","ping_status":"open","template":"","meta":{"_acf_changed":false},"product_cat":[298,1139],"product_tag":[],"disenadores":[827],"marca":[1257],"class_list":{"0":"post-14294","1":"product","2":"type-product","3":"status-publish","4":"has-post-thumbnail","6":"product_cat-mobiliario","7":"product_cat-sillas","8":"disenadores-piergiorgio-cazzaniga","9":"marca-andreu-world","10":"sales-flash-overlay","11":"woocommerce-text-align-center","12":"woocommerce-image-align-center","13":"do-quantity-buttons","14":"wc-has-gallery","16":"first","17":"instock","18":"product-type-simple"},"acf":[],"_links":{"self":[{"href":"https:\/\/enlineabarcelona.com\/ca\/wp-json\/wp\/v2\/product\/14294","targetHints":{"allow":["GET"]}}],"collection":[{"href":"https:\/\/enlineabarcelona.com\/ca\/wp-json\/wp\/v2\/product"}],"about":[{"href":"https:\/\/enlineabarcelona.com\/ca\/wp-json\/wp\/v2\/types\/product"}],"replies":[{"embeddable":true,"href":"https:\/\/enlineabarcelona.com\/ca\/wp-json\/wp\/v2\/comments?post=14294"}],"wp:featuredmedia":[{"embeddable":true,"href":"https:\/\/enlineabarcelona.com\/ca\/wp-json\/wp\/v2\/media\/12765"}],"wp:attachment":[{"href":"https:\/\/enlineabarcelona.com\/ca\/wp-json\/wp\/v2\/media?parent=14294"}],"wp:term":[{"taxonomy":"product_cat","embeddable":true,"href":"https:\/\/enlineabarcelona.com\/ca\/wp-json\/wp\/v2\/product_cat?post=14294"},{"taxonomy":"product_tag","embeddable":true,"href":"https:\/\/enlineabarcelona.com\/ca\/wp-json\/wp\/v2\/product_tag?post=14294"},{"taxonomy":"disenadores","embeddable":true,"href":"https:\/\/enlineabarcelona.com\/ca\/wp-json\/wp\/v2\/disenadores?post=14294"},{"taxonomy":"marca","embeddable":true,"href":"https:\/\/enlineabarcelona.com\/ca\/wp-json\/wp\/v2\/marca?post=14294"}],"curies":[{"name":"wp","href":"https:\/\/api.w.org\/{rel}","templated":true}]}}