{"id":14295,"date":"2025-10-27T11:20:44","date_gmt":"2025-10-27T11:20:44","guid":{"rendered":"https:\/\/enlineabarcelona.com\/producto\/silla-lake\/"},"modified":"2025-10-27T11:20:54","modified_gmt":"2025-10-27T11:20:54","slug":"silla-lake","status":"publish","type":"product","link":"https:\/\/enlineabarcelona.com\/ca\/producto\/silla-lake\/","title":{"rendered":"Silla Lake"},"content":{"rendered":"\n<p>Lake es una reinterpretaci\u00f3n contempor\u00e1nea de las sillas cl\u00e1sicas mediterr\u00e1neas. Est\u00e1 desarrollada desde un cuidadoso trabajo de ebanister\u00eda. Es apilable y est\u00e1 realizada con estructura de madera maciza de haya. Dispone de tres versiones diferentes de asiento: de madera, tapizado o con asiento en cuerda.<\/p>\n","protected":false},"excerpt":{"rendered":"<p>Lake es una reinterpretaci\u00f3n contempor\u00e1nea de las sillas cl\u00e1sicas mediterr\u00e1neas. Est\u00e1 desarrollada desde un cuidadoso trabajo de ebanister\u00eda. Es apilable y est\u00e1 realizada con estructura de madera maciza de haya. Dispone de tres versiones diferentes de asiento: de madera, tapizado o con asiento en cuerda.<\/p>\n","protected":false},"featured_media":12784,"comment_status":"closed","ping_status":"open","template":"","meta":{"_acf_changed":false},"product_cat":[298,1139],"product_tag":[],"disenadores":[827],"marca":[1257],"class_list":{"0":"post-14295","1":"product","2":"type-product","3":"status-publish","4":"has-post-thumbnail","6":"product_cat-mobiliario","7":"product_cat-sillas","8":"disenadores-piergiorgio-cazzaniga","9":"marca-andreu-world","10":"sales-flash-overlay","11":"woocommerce-text-align-center","12":"woocommerce-image-align-center","13":"do-quantity-buttons","14":"wc-has-gallery","16":"first","17":"instock","18":"product-type-simple"},"acf":[],"_links":{"self":[{"href":"https:\/\/enlineabarcelona.com\/ca\/wp-json\/wp\/v2\/product\/14295","targetHints":{"allow":["GET"]}}],"collection":[{"href":"https:\/\/enlineabarcelona.com\/ca\/wp-json\/wp\/v2\/product"}],"about":[{"href":"https:\/\/enlineabarcelona.com\/ca\/wp-json\/wp\/v2\/types\/product"}],"replies":[{"embeddable":true,"href":"https:\/\/enlineabarcelona.com\/ca\/wp-json\/wp\/v2\/comments?post=14295"}],"wp:featuredmedia":[{"embeddable":true,"href":"https:\/\/enlineabarcelona.com\/ca\/wp-json\/wp\/v2\/media\/12784"}],"wp:attachment":[{"href":"https:\/\/enlineabarcelona.com\/ca\/wp-json\/wp\/v2\/media?parent=14295"}],"wp:term":[{"taxonomy":"product_cat","embeddable":true,"href":"https:\/\/enlineabarcelona.com\/ca\/wp-json\/wp\/v2\/product_cat?post=14295"},{"taxonomy":"product_tag","embeddable":true,"href":"https:\/\/enlineabarcelona.com\/ca\/wp-json\/wp\/v2\/product_tag?post=14295"},{"taxonomy":"disenadores","embeddable":true,"href":"https:\/\/enlineabarcelona.com\/ca\/wp-json\/wp\/v2\/disenadores?post=14295"},{"taxonomy":"marca","embeddable":true,"href":"https:\/\/enlineabarcelona.com\/ca\/wp-json\/wp\/v2\/marca?post=14295"}],"curies":[{"name":"wp","href":"https:\/\/api.w.org\/{rel}","templated":true}]}}