{"id":14296,"date":"2025-10-27T11:20:44","date_gmt":"2025-10-27T11:20:44","guid":{"rendered":"https:\/\/enlineabarcelona.com\/producto\/silla-nuez-lounge-bio\/"},"modified":"2025-10-27T11:20:55","modified_gmt":"2025-10-27T11:20:55","slug":"silla-nuez-lounge-bio","status":"publish","type":"product","link":"https:\/\/enlineabarcelona.com\/ca\/producto\/silla-nuez-lounge-bio\/","title":{"rendered":"Silla Nuez Lounge BIO"},"content":{"rendered":"\n<p>Nuez Lounge BIO supone un paso m\u00e1s all\u00e1 en la sostenibilidad. Su carcasa est\u00e1 creada a partir de un termopol\u00edmero de origen natural, 100% biodegradable y compostable. Est\u00e1 dise\u00f1ada para que se pueda separar f\u00e1cilmente los materiales que la integran. Est\u00e1 disponible en cuatro colores para su carcasa. El interior siempre va tapizado, con el coj\u00edn de asiento incluido y un coj\u00edn lumbar accesorio. Orientada a espacios de espera activa, lobbies, zonas colaborativas o espacios p\u00fablicos y privados de relax.<\/p>\n\n\n\n<p><\/p>\n","protected":false},"excerpt":{"rendered":"<p>Nuez Lounge BIO supone un paso m\u00e1s all\u00e1 en la sostenibilidad. Su carcasa est\u00e1 creada a partir de un termopol\u00edmero de origen natural, 100% biodegradable y compostable. Est\u00e1 dise\u00f1ada para que se pueda separar f\u00e1cilmente los materiales que la integran. Est\u00e1 disponible en cuatro colores para su carcasa. El interior siempre va tapizado, con el &#8230; <a title=\"Silla Nuez Lounge BIO\" class=\"read-more\" href=\"https:\/\/enlineabarcelona.com\/ca\/producto\/silla-nuez-lounge-bio\/\" aria-label=\"M\u00e9s informaci\u00f3 sobre Silla Nuez Lounge BIO\">Llegiu m\u00e9s<\/a><\/p>\n","protected":false},"featured_media":12803,"comment_status":"closed","ping_status":"open","template":"","meta":{"_acf_changed":false},"product_cat":[298,1139],"product_tag":[],"disenadores":[935],"marca":[1257],"class_list":{"0":"post-14296","1":"product","2":"type-product","3":"status-publish","4":"has-post-thumbnail","6":"product_cat-mobiliario","7":"product_cat-sillas","8":"disenadores-patricia-urquiola-ca","9":"marca-andreu-world","10":"sales-flash-overlay","11":"woocommerce-text-align-center","12":"woocommerce-image-align-center","13":"do-quantity-buttons","14":"wc-has-gallery","16":"first","17":"instock","18":"product-type-simple"},"acf":[],"_links":{"self":[{"href":"https:\/\/enlineabarcelona.com\/ca\/wp-json\/wp\/v2\/product\/14296","targetHints":{"allow":["GET"]}}],"collection":[{"href":"https:\/\/enlineabarcelona.com\/ca\/wp-json\/wp\/v2\/product"}],"about":[{"href":"https:\/\/enlineabarcelona.com\/ca\/wp-json\/wp\/v2\/types\/product"}],"replies":[{"embeddable":true,"href":"https:\/\/enlineabarcelona.com\/ca\/wp-json\/wp\/v2\/comments?post=14296"}],"wp:featuredmedia":[{"embeddable":true,"href":"https:\/\/enlineabarcelona.com\/ca\/wp-json\/wp\/v2\/media\/12803"}],"wp:attachment":[{"href":"https:\/\/enlineabarcelona.com\/ca\/wp-json\/wp\/v2\/media?parent=14296"}],"wp:term":[{"taxonomy":"product_cat","embeddable":true,"href":"https:\/\/enlineabarcelona.com\/ca\/wp-json\/wp\/v2\/product_cat?post=14296"},{"taxonomy":"product_tag","embeddable":true,"href":"https:\/\/enlineabarcelona.com\/ca\/wp-json\/wp\/v2\/product_tag?post=14296"},{"taxonomy":"disenadores","embeddable":true,"href":"https:\/\/enlineabarcelona.com\/ca\/wp-json\/wp\/v2\/disenadores?post=14296"},{"taxonomy":"marca","embeddable":true,"href":"https:\/\/enlineabarcelona.com\/ca\/wp-json\/wp\/v2\/marca?post=14296"}],"curies":[{"name":"wp","href":"https:\/\/api.w.org\/{rel}","templated":true}]}}