{"id":14298,"date":"2025-10-27T11:20:44","date_gmt":"2025-10-27T11:20:44","guid":{"rendered":"https:\/\/enlineabarcelona.com\/producto\/lampara-fortuny\/"},"modified":"2025-10-27T11:20:56","modified_gmt":"2025-10-27T11:20:56","slug":"lampara-fortuny","status":"publish","type":"product","link":"https:\/\/enlineabarcelona.com\/ca\/producto\/lampara-fortuny\/","title":{"rendered":"L\u00e1mpara Fortuny"},"content":{"rendered":"\n<p>Concebida por Mariano Fortuny en 1907, la l\u00e1mpara de pie Fortuny sigue consider\u00e1ndose hoy en d\u00eda un icono contempor\u00e1neo e intemporal. El saber hacer y el talento del ecl\u00e9ctico artista dieron forma al dise\u00f1o de la l\u00e1mpara Fortuny, con la que revolucion\u00f3 la iluminaci\u00f3n esc\u00e9nica y experiment\u00f3 un nuevo sistema de iluminaci\u00f3n indirecta para el escenario. La idea de la base surgi\u00f3 del tr\u00edpode de la c\u00e1mara fotogr\u00e1fica, con su pata regulable, mientras que para la pantalla Mariano Fortuny invirti\u00f3 las pantallas t\u00edpicas de la \u00e9poca, haci\u00e9ndolas inclinables y creando as\u00ed un instrumento de orientaci\u00f3n de la luz. En la historia del dise\u00f1o, hay pocos proyectos capaces de prestarse a nuevas interpretaciones, manteniendo una personalidad inconfundible. La nueva versi\u00f3n con tejido Silver de la famosa tejedur\u00eda Rubelli es un ejemplo m\u00e1s.<\/p>\n","protected":false},"excerpt":{"rendered":"<p>Concebida por Mariano Fortuny en 1907, la l\u00e1mpara de pie Fortuny sigue consider\u00e1ndose hoy en d\u00eda un icono contempor\u00e1neo e intemporal. El saber hacer y el talento del ecl\u00e9ctico artista dieron forma al dise\u00f1o de la l\u00e1mpara Fortuny, con la que revolucion\u00f3 la iluminaci\u00f3n esc\u00e9nica y experiment\u00f3 un nuevo sistema de iluminaci\u00f3n indirecta para el &#8230; <a title=\"L\u00e1mpara Fortuny\" class=\"read-more\" href=\"https:\/\/enlineabarcelona.com\/ca\/producto\/lampara-fortuny\/\" aria-label=\"M\u00e9s informaci\u00f3 sobre L\u00e1mpara Fortuny\">Llegiu m\u00e9s<\/a><\/p>\n","protected":false},"featured_media":12835,"comment_status":"closed","ping_status":"open","template":"","meta":{"_acf_changed":false},"product_cat":[1156,1200],"product_tag":[],"disenadores":[1258],"marca":[1259],"class_list":{"0":"post-14298","1":"product","2":"type-product","3":"status-publish","4":"has-post-thumbnail","6":"product_cat-iluminacion","7":"product_cat-lamparas-de-pie","8":"disenadores-mariano-fortuny-y-madrazo","9":"marca-pallucco","10":"sales-flash-overlay","11":"woocommerce-text-align-center","12":"woocommerce-image-align-center","13":"do-quantity-buttons","14":"wc-has-gallery","16":"first","17":"instock","18":"product-type-simple"},"acf":[],"_links":{"self":[{"href":"https:\/\/enlineabarcelona.com\/ca\/wp-json\/wp\/v2\/product\/14298","targetHints":{"allow":["GET"]}}],"collection":[{"href":"https:\/\/enlineabarcelona.com\/ca\/wp-json\/wp\/v2\/product"}],"about":[{"href":"https:\/\/enlineabarcelona.com\/ca\/wp-json\/wp\/v2\/types\/product"}],"replies":[{"embeddable":true,"href":"https:\/\/enlineabarcelona.com\/ca\/wp-json\/wp\/v2\/comments?post=14298"}],"wp:featuredmedia":[{"embeddable":true,"href":"https:\/\/enlineabarcelona.com\/ca\/wp-json\/wp\/v2\/media\/12835"}],"wp:attachment":[{"href":"https:\/\/enlineabarcelona.com\/ca\/wp-json\/wp\/v2\/media?parent=14298"}],"wp:term":[{"taxonomy":"product_cat","embeddable":true,"href":"https:\/\/enlineabarcelona.com\/ca\/wp-json\/wp\/v2\/product_cat?post=14298"},{"taxonomy":"product_tag","embeddable":true,"href":"https:\/\/enlineabarcelona.com\/ca\/wp-json\/wp\/v2\/product_tag?post=14298"},{"taxonomy":"disenadores","embeddable":true,"href":"https:\/\/enlineabarcelona.com\/ca\/wp-json\/wp\/v2\/disenadores?post=14298"},{"taxonomy":"marca","embeddable":true,"href":"https:\/\/enlineabarcelona.com\/ca\/wp-json\/wp\/v2\/marca?post=14298"}],"curies":[{"name":"wp","href":"https:\/\/api.w.org\/{rel}","templated":true}]}}