{"id":14299,"date":"2025-10-27T11:20:44","date_gmt":"2025-10-27T11:20:44","guid":{"rendered":"https:\/\/enlineabarcelona.com\/producto\/silla-basket-club-interior\/"},"modified":"2025-10-27T11:20:57","modified_gmt":"2025-10-27T11:20:57","slug":"silla-basket-club-interior","status":"publish","type":"product","link":"https:\/\/enlineabarcelona.com\/ca\/producto\/silla-basket-club-interior\/","title":{"rendered":"Silla Basket Club &#8211; Interior"},"content":{"rendered":"\n<p>Kettal edita la silla Basket, creada en los a\u00f1os 50 por los dise\u00f1adores daneses Nanna y J\u00f8rgen Ditzel. La silla Basket, fabricada en roble, se presenta en su versi\u00f3n original creada por los Ditzel, trenzada a mano en mimbre, y en una versi\u00f3n de exterior, realizada en fibra artificial y teca.<\/p>\n","protected":false},"excerpt":{"rendered":"<p>Kettal edita la silla Basket, creada en los a\u00f1os 50 por los dise\u00f1adores daneses Nanna y J\u00f8rgen Ditzel. La silla Basket, fabricada en roble, se presenta en su versi\u00f3n original creada por los Ditzel, trenzada a mano en mimbre, y en una versi\u00f3n de exterior, realizada en fibra artificial y teca.<\/p>\n","protected":false},"featured_media":12851,"comment_status":"closed","ping_status":"open","template":"","meta":{"_acf_changed":false},"product_cat":[298,1139],"product_tag":[],"disenadores":[1260],"marca":[1261],"class_list":{"0":"post-14299","1":"product","2":"type-product","3":"status-publish","4":"has-post-thumbnail","6":"product_cat-mobiliario","7":"product_cat-sillas","8":"disenadores-nanna-ditzeljorgen-ditzel","9":"marca-kettal","10":"sales-flash-overlay","11":"woocommerce-text-align-center","12":"woocommerce-image-align-center","13":"do-quantity-buttons","14":"wc-has-gallery","16":"first","17":"instock","18":"product-type-simple"},"acf":[],"_links":{"self":[{"href":"https:\/\/enlineabarcelona.com\/ca\/wp-json\/wp\/v2\/product\/14299","targetHints":{"allow":["GET"]}}],"collection":[{"href":"https:\/\/enlineabarcelona.com\/ca\/wp-json\/wp\/v2\/product"}],"about":[{"href":"https:\/\/enlineabarcelona.com\/ca\/wp-json\/wp\/v2\/types\/product"}],"replies":[{"embeddable":true,"href":"https:\/\/enlineabarcelona.com\/ca\/wp-json\/wp\/v2\/comments?post=14299"}],"wp:featuredmedia":[{"embeddable":true,"href":"https:\/\/enlineabarcelona.com\/ca\/wp-json\/wp\/v2\/media\/12851"}],"wp:attachment":[{"href":"https:\/\/enlineabarcelona.com\/ca\/wp-json\/wp\/v2\/media?parent=14299"}],"wp:term":[{"taxonomy":"product_cat","embeddable":true,"href":"https:\/\/enlineabarcelona.com\/ca\/wp-json\/wp\/v2\/product_cat?post=14299"},{"taxonomy":"product_tag","embeddable":true,"href":"https:\/\/enlineabarcelona.com\/ca\/wp-json\/wp\/v2\/product_tag?post=14299"},{"taxonomy":"disenadores","embeddable":true,"href":"https:\/\/enlineabarcelona.com\/ca\/wp-json\/wp\/v2\/disenadores?post=14299"},{"taxonomy":"marca","embeddable":true,"href":"https:\/\/enlineabarcelona.com\/ca\/wp-json\/wp\/v2\/marca?post=14299"}],"curies":[{"name":"wp","href":"https:\/\/api.w.org\/{rel}","templated":true}]}}