{"id":14301,"date":"2025-10-27T11:21:01","date_gmt":"2025-10-27T11:21:01","guid":{"rendered":"https:\/\/enlineabarcelona.com\/producto\/silla-de-comedor-plegable-eolias-lipari-2200-x-1100\/"},"modified":"2025-10-27T11:21:02","modified_gmt":"2025-10-27T11:21:02","slug":"silla-de-comedor-plegable-eolias-lipari-2200-x-1100","status":"publish","type":"product","link":"https:\/\/enlineabarcelona.com\/ca\/producto\/silla-de-comedor-plegable-eolias-lipari-2200-x-1100\/","title":{"rendered":"Mesa de comedor plegable Eolias Lipari 2200 x 1100"},"content":{"rendered":"\n<p>La colecci\u00f3n Eolias de Kettal naci\u00f3 con el objetivo de crear productos vers\u00e1tiles, que funcionen tanto en exteriores como en interiores. Se centra en la sostenibilidad, gracias al uso de materiales naturales y sint\u00e9ticos como el aluminio y el mimbre.<\/p>\n","protected":false},"excerpt":{"rendered":"<p>La colecci\u00f3n Eolias de Kettal naci\u00f3 con el objetivo de crear productos vers\u00e1tiles, que funcionen tanto en exteriores como en interiores. Se centra en la sostenibilidad, gracias al uso de materiales naturales y sint\u00e9ticos como el aluminio y el mimbre.<\/p>\n","protected":false},"featured_media":12873,"comment_status":"closed","ping_status":"open","template":"","meta":{"_acf_changed":false},"product_cat":[289,298],"product_tag":[],"disenadores":[884],"marca":[1261],"class_list":{"0":"post-14301","1":"product","2":"type-product","3":"status-publish","4":"has-post-thumbnail","6":"product_cat-mesas","7":"product_cat-mobiliario","8":"disenadores-antonio-citterio","9":"marca-kettal","10":"sales-flash-overlay","11":"woocommerce-text-align-center","12":"woocommerce-image-align-center","13":"do-quantity-buttons","14":"wc-has-gallery","16":"first","17":"instock","18":"product-type-simple"},"acf":[],"_links":{"self":[{"href":"https:\/\/enlineabarcelona.com\/ca\/wp-json\/wp\/v2\/product\/14301","targetHints":{"allow":["GET"]}}],"collection":[{"href":"https:\/\/enlineabarcelona.com\/ca\/wp-json\/wp\/v2\/product"}],"about":[{"href":"https:\/\/enlineabarcelona.com\/ca\/wp-json\/wp\/v2\/types\/product"}],"replies":[{"embeddable":true,"href":"https:\/\/enlineabarcelona.com\/ca\/wp-json\/wp\/v2\/comments?post=14301"}],"wp:featuredmedia":[{"embeddable":true,"href":"https:\/\/enlineabarcelona.com\/ca\/wp-json\/wp\/v2\/media\/12873"}],"wp:attachment":[{"href":"https:\/\/enlineabarcelona.com\/ca\/wp-json\/wp\/v2\/media?parent=14301"}],"wp:term":[{"taxonomy":"product_cat","embeddable":true,"href":"https:\/\/enlineabarcelona.com\/ca\/wp-json\/wp\/v2\/product_cat?post=14301"},{"taxonomy":"product_tag","embeddable":true,"href":"https:\/\/enlineabarcelona.com\/ca\/wp-json\/wp\/v2\/product_tag?post=14301"},{"taxonomy":"disenadores","embeddable":true,"href":"https:\/\/enlineabarcelona.com\/ca\/wp-json\/wp\/v2\/disenadores?post=14301"},{"taxonomy":"marca","embeddable":true,"href":"https:\/\/enlineabarcelona.com\/ca\/wp-json\/wp\/v2\/marca?post=14301"}],"curies":[{"name":"wp","href":"https:\/\/api.w.org\/{rel}","templated":true}]}}