{"id":14304,"date":"2025-10-27T11:21:01","date_gmt":"2025-10-27T11:21:01","guid":{"rendered":"https:\/\/enlineabarcelona.com\/producto\/aplique-giratorio-de-un-brazo\/"},"modified":"2025-10-27T11:21:03","modified_gmt":"2025-10-27T11:21:03","slug":"aplique-giratorio-de-un-brazo","status":"publish","type":"product","link":"https:\/\/enlineabarcelona.com\/ca\/producto\/aplique-giratorio-de-un-brazo\/","title":{"rendered":"Aplique giratorio de un brazo"},"content":{"rendered":"\n<p>Este aplique de Serge\u202fMouille, creado en 1954, presenta un brazo giratorio de acero lacado con una pantalla de aluminio y uni\u00f3n desplazable de lat\u00f3n, lo que permite una rotaci\u00f3n horizontal de hasta 270\u00b0 y una inclinaci\u00f3n ajustable para ofrecer una iluminaci\u00f3n precisa y flexible. Su dise\u00f1o minimalista y cin\u00e9tico evoca una est\u00e9tica casi escult\u00f3rica y liviana, caracter\u00edstica de la visi\u00f3n modernista de Mouille.<\/p>\n\n\n\n<p><\/p>\n","protected":false},"excerpt":{"rendered":"<p>Este aplique de Serge\u202fMouille, creado en 1954, presenta un brazo giratorio de acero lacado con una pantalla de aluminio y uni\u00f3n desplazable de lat\u00f3n, lo que permite una rotaci\u00f3n horizontal de hasta 270\u00b0 y una inclinaci\u00f3n ajustable para ofrecer una iluminaci\u00f3n precisa y flexible. Su dise\u00f1o minimalista y cin\u00e9tico evoca una est\u00e9tica casi escult\u00f3rica y &#8230; <a title=\"Aplique giratorio de un brazo\" class=\"read-more\" href=\"https:\/\/enlineabarcelona.com\/ca\/producto\/aplique-giratorio-de-un-brazo\/\" aria-label=\"M\u00e9s informaci\u00f3 sobre Aplique giratorio de un brazo\">Llegiu m\u00e9s<\/a><\/p>\n","protected":false},"featured_media":12907,"comment_status":"closed","ping_status":"open","template":"","meta":{"_acf_changed":false},"product_cat":[1199,1156],"product_tag":[],"disenadores":[752],"marca":[1262],"class_list":{"0":"post-14304","1":"product","2":"type-product","3":"status-publish","4":"has-post-thumbnail","6":"product_cat-apliques","7":"product_cat-iluminacion","8":"disenadores-serge-mouille","9":"marca-serge-mouille","10":"sales-flash-overlay","11":"woocommerce-text-align-center","12":"woocommerce-image-align-center","13":"do-quantity-buttons","15":"first","16":"instock","17":"product-type-simple"},"acf":[],"_links":{"self":[{"href":"https:\/\/enlineabarcelona.com\/ca\/wp-json\/wp\/v2\/product\/14304","targetHints":{"allow":["GET"]}}],"collection":[{"href":"https:\/\/enlineabarcelona.com\/ca\/wp-json\/wp\/v2\/product"}],"about":[{"href":"https:\/\/enlineabarcelona.com\/ca\/wp-json\/wp\/v2\/types\/product"}],"replies":[{"embeddable":true,"href":"https:\/\/enlineabarcelona.com\/ca\/wp-json\/wp\/v2\/comments?post=14304"}],"wp:featuredmedia":[{"embeddable":true,"href":"https:\/\/enlineabarcelona.com\/ca\/wp-json\/wp\/v2\/media\/12907"}],"wp:attachment":[{"href":"https:\/\/enlineabarcelona.com\/ca\/wp-json\/wp\/v2\/media?parent=14304"}],"wp:term":[{"taxonomy":"product_cat","embeddable":true,"href":"https:\/\/enlineabarcelona.com\/ca\/wp-json\/wp\/v2\/product_cat?post=14304"},{"taxonomy":"product_tag","embeddable":true,"href":"https:\/\/enlineabarcelona.com\/ca\/wp-json\/wp\/v2\/product_tag?post=14304"},{"taxonomy":"disenadores","embeddable":true,"href":"https:\/\/enlineabarcelona.com\/ca\/wp-json\/wp\/v2\/disenadores?post=14304"},{"taxonomy":"marca","embeddable":true,"href":"https:\/\/enlineabarcelona.com\/ca\/wp-json\/wp\/v2\/marca?post=14304"}],"curies":[{"name":"wp","href":"https:\/\/api.w.org\/{rel}","templated":true}]}}