{"id":14306,"date":"2025-10-27T11:21:01","date_gmt":"2025-10-27T11:21:01","guid":{"rendered":"https:\/\/enlineabarcelona.com\/producto\/butaca-vendicari-silver\/"},"modified":"2025-10-27T11:21:04","modified_gmt":"2025-10-27T11:21:04","slug":"butaca-vendicari-silver","status":"publish","type":"product","link":"https:\/\/enlineabarcelona.com\/ca\/producto\/butaca-vendicari-silver\/","title":{"rendered":"Butaca Vendicari Silver"},"content":{"rendered":"\n<p>Nacido como evoluci\u00f3n del flamante sill\u00f3n de exterior Vendicari Lido, dise\u00f1ado por Jangir Maddadi, Vendicari Silver se fabrica en edici\u00f3n limitada, con una producci\u00f3n de s\u00f3lo nueve piezas.<\/p>\n\n\n\n<p>La estructura es enteramente de aluminio con acabado transparente, que revela los signos del cepillado a mano, y todos los elementos del sill\u00f3n est\u00e1n sujetos con tornillos de acero inoxidable, que confieren al producto un aspecto extremadamente industrial. Vendicari Silver es una pieza muy ic\u00f3nica, perfecta para un p\u00fablico en busca de un producto exclusivo que mejore su valor con el paso del tiempo.<\/p>\n\n\n\n<p><\/p>\n","protected":false},"excerpt":{"rendered":"<p>Nacido como evoluci\u00f3n del flamante sill\u00f3n de exterior Vendicari Lido, dise\u00f1ado por Jangir Maddadi, Vendicari Silver se fabrica en edici\u00f3n limitada, con una producci\u00f3n de s\u00f3lo nueve piezas. La estructura es enteramente de aluminio con acabado transparente, que revela los signos del cepillado a mano, y todos los elementos del sill\u00f3n est\u00e1n sujetos con tornillos &#8230; <a title=\"Butaca Vendicari Silver\" class=\"read-more\" href=\"https:\/\/enlineabarcelona.com\/ca\/producto\/butaca-vendicari-silver\/\" aria-label=\"M\u00e9s informaci\u00f3 sobre Butaca Vendicari Silver\">Llegiu m\u00e9s<\/a><\/p>\n","protected":false},"featured_media":12915,"comment_status":"closed","ping_status":"open","template":"","meta":{"_acf_changed":false},"product_cat":[275,251],"product_tag":[],"disenadores":[1023],"marca":[1184],"class_list":{"0":"post-14306","1":"product","2":"type-product","3":"status-publish","4":"has-post-thumbnail","6":"product_cat-butacas-exterior-exterior","7":"product_cat-exterior","8":"disenadores-jangir-maddadi-en","9":"marca-capellini","10":"sales-flash-overlay","11":"woocommerce-text-align-center","12":"woocommerce-image-align-center","13":"do-quantity-buttons","14":"wc-has-gallery","16":"first","17":"instock","18":"product-type-simple"},"acf":[],"_links":{"self":[{"href":"https:\/\/enlineabarcelona.com\/ca\/wp-json\/wp\/v2\/product\/14306","targetHints":{"allow":["GET"]}}],"collection":[{"href":"https:\/\/enlineabarcelona.com\/ca\/wp-json\/wp\/v2\/product"}],"about":[{"href":"https:\/\/enlineabarcelona.com\/ca\/wp-json\/wp\/v2\/types\/product"}],"replies":[{"embeddable":true,"href":"https:\/\/enlineabarcelona.com\/ca\/wp-json\/wp\/v2\/comments?post=14306"}],"wp:featuredmedia":[{"embeddable":true,"href":"https:\/\/enlineabarcelona.com\/ca\/wp-json\/wp\/v2\/media\/12915"}],"wp:attachment":[{"href":"https:\/\/enlineabarcelona.com\/ca\/wp-json\/wp\/v2\/media?parent=14306"}],"wp:term":[{"taxonomy":"product_cat","embeddable":true,"href":"https:\/\/enlineabarcelona.com\/ca\/wp-json\/wp\/v2\/product_cat?post=14306"},{"taxonomy":"product_tag","embeddable":true,"href":"https:\/\/enlineabarcelona.com\/ca\/wp-json\/wp\/v2\/product_tag?post=14306"},{"taxonomy":"disenadores","embeddable":true,"href":"https:\/\/enlineabarcelona.com\/ca\/wp-json\/wp\/v2\/disenadores?post=14306"},{"taxonomy":"marca","embeddable":true,"href":"https:\/\/enlineabarcelona.com\/ca\/wp-json\/wp\/v2\/marca?post=14306"}],"curies":[{"name":"wp","href":"https:\/\/api.w.org\/{rel}","templated":true}]}}