{"id":14307,"date":"2025-10-27T11:21:01","date_gmt":"2025-10-27T11:21:01","guid":{"rendered":"https:\/\/enlineabarcelona.com\/producto\/silla-thinking-mans\/"},"modified":"2025-10-27T11:21:05","modified_gmt":"2025-10-27T11:21:05","slug":"silla-thinking-mans","status":"publish","type":"product","link":"https:\/\/enlineabarcelona.com\/ca\/producto\/silla-thinking-mans\/","title":{"rendered":"Silla Thinking Man&#8217;s"},"content":{"rendered":"\n<p>Un nombre elocuente para un producto que invita a la contemplaci\u00f3n. Para la Thinking Man&#8217;s Chair, Jasper Morrison imagin\u00f3 un dise\u00f1o en el que todos los elementos son aportaciones funcionales que garantizan la comodidad del asiento para per\u00edodos prolongados de relajaci\u00f3n y cavilaci\u00f3n: las zonas que soportan el cuerpo son de barras planas y la estructura principal es tubular; el sill\u00f3n tiene reposabrazos equipados con reposabebrazos integrados.<\/p>\n\n\n\n<p>La silla del Thinking Man\u2019s es de metal barnizado y est\u00e1 disponible en blanco puro, azul violeta y rojo \u00f3xido. La versi\u00f3n en rojo \u00f3xido tambi\u00e9n se presenta en una edici\u00f3n especial adornada con una inscripci\u00f3n que resalta el radio de curvatura de la estructura met\u00e1lica.<\/p>\n","protected":false},"excerpt":{"rendered":"<p>Un nombre elocuente para un producto que invita a la contemplaci\u00f3n. Para la Thinking Man&#8217;s Chair, Jasper Morrison imagin\u00f3 un dise\u00f1o en el que todos los elementos son aportaciones funcionales que garantizan la comodidad del asiento para per\u00edodos prolongados de relajaci\u00f3n y cavilaci\u00f3n: las zonas que soportan el cuerpo son de barras planas y la &#8230; <a title=\"Silla Thinking Man&#8217;s\" class=\"read-more\" href=\"https:\/\/enlineabarcelona.com\/ca\/producto\/silla-thinking-mans\/\" aria-label=\"M\u00e9s informaci\u00f3 sobre Silla Thinking Man&#8217;s\">Llegiu m\u00e9s<\/a><\/p>\n","protected":false},"featured_media":12931,"comment_status":"closed","ping_status":"open","template":"","meta":{"_acf_changed":false},"product_cat":[275,251],"product_tag":[],"disenadores":[870],"marca":[1184],"class_list":{"0":"post-14307","1":"product","2":"type-product","3":"status-publish","4":"has-post-thumbnail","6":"product_cat-butacas-exterior-exterior","7":"product_cat-exterior","8":"disenadores-jasper-morrison","9":"marca-capellini","10":"sales-flash-overlay","11":"woocommerce-text-align-center","12":"woocommerce-image-align-center","13":"do-quantity-buttons","14":"wc-has-gallery","16":"first","17":"instock","18":"product-type-simple"},"acf":[],"_links":{"self":[{"href":"https:\/\/enlineabarcelona.com\/ca\/wp-json\/wp\/v2\/product\/14307","targetHints":{"allow":["GET"]}}],"collection":[{"href":"https:\/\/enlineabarcelona.com\/ca\/wp-json\/wp\/v2\/product"}],"about":[{"href":"https:\/\/enlineabarcelona.com\/ca\/wp-json\/wp\/v2\/types\/product"}],"replies":[{"embeddable":true,"href":"https:\/\/enlineabarcelona.com\/ca\/wp-json\/wp\/v2\/comments?post=14307"}],"wp:featuredmedia":[{"embeddable":true,"href":"https:\/\/enlineabarcelona.com\/ca\/wp-json\/wp\/v2\/media\/12931"}],"wp:attachment":[{"href":"https:\/\/enlineabarcelona.com\/ca\/wp-json\/wp\/v2\/media?parent=14307"}],"wp:term":[{"taxonomy":"product_cat","embeddable":true,"href":"https:\/\/enlineabarcelona.com\/ca\/wp-json\/wp\/v2\/product_cat?post=14307"},{"taxonomy":"product_tag","embeddable":true,"href":"https:\/\/enlineabarcelona.com\/ca\/wp-json\/wp\/v2\/product_tag?post=14307"},{"taxonomy":"disenadores","embeddable":true,"href":"https:\/\/enlineabarcelona.com\/ca\/wp-json\/wp\/v2\/disenadores?post=14307"},{"taxonomy":"marca","embeddable":true,"href":"https:\/\/enlineabarcelona.com\/ca\/wp-json\/wp\/v2\/marca?post=14307"}],"curies":[{"name":"wp","href":"https:\/\/api.w.org\/{rel}","templated":true}]}}