{"id":14308,"date":"2025-10-27T11:21:01","date_gmt":"2025-10-27T11:21:01","guid":{"rendered":"https:\/\/enlineabarcelona.com\/producto\/carrito-de-bebidas-pipe\/"},"modified":"2025-10-27T11:21:05","modified_gmt":"2025-10-27T11:21:05","slug":"carrito-de-bebidas-pipe","status":"publish","type":"product","link":"https:\/\/enlineabarcelona.com\/ca\/producto\/carrito-de-bebidas-pipe\/","title":{"rendered":"Carrito de Bebidas Pipe"},"content":{"rendered":"\n<p>Dise\u00f1ado originalmente en 1968, el Carrito de bebidas de tubo de acero, de Shiro Kuramata, sigue siendo sorprendentemente contempor\u00e1neo, un reflejo de la investigaci\u00f3n en el que la forma y la funci\u00f3n son inmediatamente evidentes, pero que se contradistingue por la refinada est\u00e9tica del c\u00e9lebre dise\u00f1ador que, aqu\u00ed, hace una clara referencia a las curvas del Sof\u00e1 con brazos.<\/p>\n\n\n\n<p>En virtud de la colaboraci\u00f3n de d\u00e9cadas con Shiro Kuramata -tras su fallecimiento a trav\u00e9s de la fundaci\u00f3n hom\u00f3nima dedicada a continuar los estudios filol\u00f3gicos de los innumerables proyectos del artista\/dise\u00f1ador-, en 2014 naci\u00f3 un nuevo objeto sorprendentemente sencillo e intuitivo: un carrito con ruedas con armaz\u00f3n de tubos de hierro barnizados con polvo epoxi de acabado negro mate y estantes de laminado blanco, con ruedecillas negras mate y ruedas de pl\u00e1stico gris, apto para superficies delicadas. Este ic\u00f3nico proyecto est\u00e1 disponible en las tonalidades que m\u00e1s caracterizan las obras del dise\u00f1ador.<\/p>\n","protected":false},"excerpt":{"rendered":"<p>Dise\u00f1ado originalmente en 1968, el Carrito de bebidas de tubo de acero, de Shiro Kuramata, sigue siendo sorprendentemente contempor\u00e1neo, un reflejo de la investigaci\u00f3n en el que la forma y la funci\u00f3n son inmediatamente evidentes, pero que se contradistingue por la refinada est\u00e9tica del c\u00e9lebre dise\u00f1ador que, aqu\u00ed, hace una clara referencia a las curvas &#8230; <a title=\"Carrito de Bebidas Pipe\" class=\"read-more\" href=\"https:\/\/enlineabarcelona.com\/ca\/producto\/carrito-de-bebidas-pipe\/\" aria-label=\"M\u00e9s informaci\u00f3 sobre Carrito de Bebidas Pipe\">Llegiu m\u00e9s<\/a><\/p>\n","protected":false},"featured_media":12953,"comment_status":"closed","ping_status":"open","template":"","meta":{"_acf_changed":false},"product_cat":[299],"product_tag":[],"disenadores":[793],"marca":[1184],"class_list":{"0":"post-14308","1":"product","2":"type-product","3":"status-publish","4":"has-post-thumbnail","6":"product_cat-cocina","7":"disenadores-shiro-kuramata","8":"marca-capellini","9":"sales-flash-overlay","10":"woocommerce-text-align-center","11":"woocommerce-image-align-center","12":"do-quantity-buttons","13":"wc-has-gallery","15":"first","16":"instock","17":"product-type-simple"},"acf":[],"_links":{"self":[{"href":"https:\/\/enlineabarcelona.com\/ca\/wp-json\/wp\/v2\/product\/14308","targetHints":{"allow":["GET"]}}],"collection":[{"href":"https:\/\/enlineabarcelona.com\/ca\/wp-json\/wp\/v2\/product"}],"about":[{"href":"https:\/\/enlineabarcelona.com\/ca\/wp-json\/wp\/v2\/types\/product"}],"replies":[{"embeddable":true,"href":"https:\/\/enlineabarcelona.com\/ca\/wp-json\/wp\/v2\/comments?post=14308"}],"wp:featuredmedia":[{"embeddable":true,"href":"https:\/\/enlineabarcelona.com\/ca\/wp-json\/wp\/v2\/media\/12953"}],"wp:attachment":[{"href":"https:\/\/enlineabarcelona.com\/ca\/wp-json\/wp\/v2\/media?parent=14308"}],"wp:term":[{"taxonomy":"product_cat","embeddable":true,"href":"https:\/\/enlineabarcelona.com\/ca\/wp-json\/wp\/v2\/product_cat?post=14308"},{"taxonomy":"product_tag","embeddable":true,"href":"https:\/\/enlineabarcelona.com\/ca\/wp-json\/wp\/v2\/product_tag?post=14308"},{"taxonomy":"disenadores","embeddable":true,"href":"https:\/\/enlineabarcelona.com\/ca\/wp-json\/wp\/v2\/disenadores?post=14308"},{"taxonomy":"marca","embeddable":true,"href":"https:\/\/enlineabarcelona.com\/ca\/wp-json\/wp\/v2\/marca?post=14308"}],"curies":[{"name":"wp","href":"https:\/\/api.w.org\/{rel}","templated":true}]}}