{"id":14309,"date":"2025-10-27T11:21:01","date_gmt":"2025-10-27T11:21:01","guid":{"rendered":"https:\/\/enlineabarcelona.com\/producto\/silla-tube\/"},"modified":"2025-10-27T11:21:06","modified_gmt":"2025-10-27T11:21:06","slug":"silla-tube","status":"publish","type":"product","link":"https:\/\/enlineabarcelona.com\/ca\/producto\/silla-tube\/","title":{"rendered":"Silla Tube"},"content":{"rendered":"\n<p>Modular y flexible, esencial y personalizable: la Tube Chair -presencia ic\u00f3nica en las colecciones permanentes de la Triennale de Mil\u00e1n, y el MoMA y el Metropolitan Museum of Art de Nueva York- ha sido objeto de una renovaci\u00f3n contempor\u00e1nea utilizando nuevos avances t\u00e9cnicos de vanguardia que garantizan que todas las caracter\u00edsticas del dise\u00f1o original de Joe Colombo permanezcan inalteradas. Cruce entre chaise longue y canap\u00e9, objeto de dise\u00f1o y aut\u00e9ntico reflejo de un estilo de vida, Tube Chair desaf\u00eda al tiempo con su aspecto emblem\u00e1tico y mutable.<\/p>\n\n\n\n<p>Creado en 1969, el asiento se basa en un dise\u00f1o completamente desestructurado: De hecho, se compone de cuatro cilindros huecos realizados con un proceso de moldeo rotacional para obtener elementos intercambiables que pueden ensamblarse a voluntad y fijarse entre s\u00ed de forma compacta. Desde el respaldo hasta el asiento, cada unidad puede colocarse en m\u00faltiples posiciones, dando vida a un elemento de dise\u00f1o que refleja las necesidades y gustos individuales.<\/p>\n\n\n\n<p><\/p>\n\n\n\n<p><\/p>\n","protected":false},"excerpt":{"rendered":"<p>Modular y flexible, esencial y personalizable: la Tube Chair -presencia ic\u00f3nica en las colecciones permanentes de la Triennale de Mil\u00e1n, y el MoMA y el Metropolitan Museum of Art de Nueva York- ha sido objeto de una renovaci\u00f3n contempor\u00e1nea utilizando nuevos avances t\u00e9cnicos de vanguardia que garantizan que todas las caracter\u00edsticas del dise\u00f1o original de &#8230; <a title=\"Silla Tube\" class=\"read-more\" href=\"https:\/\/enlineabarcelona.com\/ca\/producto\/silla-tube\/\" aria-label=\"M\u00e9s informaci\u00f3 sobre Silla Tube\">Llegiu m\u00e9s<\/a><\/p>\n","protected":false},"featured_media":12972,"comment_status":"closed","ping_status":"open","template":"","meta":{"_acf_changed":false},"product_cat":[298,1139],"product_tag":[],"disenadores":[933],"marca":[1184],"class_list":{"0":"post-14309","1":"product","2":"type-product","3":"status-publish","4":"has-post-thumbnail","6":"product_cat-mobiliario","7":"product_cat-sillas","8":"disenadores-joe-colombo","9":"marca-capellini","10":"sales-flash-overlay","11":"woocommerce-text-align-center","12":"woocommerce-image-align-center","13":"do-quantity-buttons","14":"wc-has-gallery","16":"first","17":"instock","18":"product-type-simple"},"acf":[],"_links":{"self":[{"href":"https:\/\/enlineabarcelona.com\/ca\/wp-json\/wp\/v2\/product\/14309","targetHints":{"allow":["GET"]}}],"collection":[{"href":"https:\/\/enlineabarcelona.com\/ca\/wp-json\/wp\/v2\/product"}],"about":[{"href":"https:\/\/enlineabarcelona.com\/ca\/wp-json\/wp\/v2\/types\/product"}],"replies":[{"embeddable":true,"href":"https:\/\/enlineabarcelona.com\/ca\/wp-json\/wp\/v2\/comments?post=14309"}],"wp:featuredmedia":[{"embeddable":true,"href":"https:\/\/enlineabarcelona.com\/ca\/wp-json\/wp\/v2\/media\/12972"}],"wp:attachment":[{"href":"https:\/\/enlineabarcelona.com\/ca\/wp-json\/wp\/v2\/media?parent=14309"}],"wp:term":[{"taxonomy":"product_cat","embeddable":true,"href":"https:\/\/enlineabarcelona.com\/ca\/wp-json\/wp\/v2\/product_cat?post=14309"},{"taxonomy":"product_tag","embeddable":true,"href":"https:\/\/enlineabarcelona.com\/ca\/wp-json\/wp\/v2\/product_tag?post=14309"},{"taxonomy":"disenadores","embeddable":true,"href":"https:\/\/enlineabarcelona.com\/ca\/wp-json\/wp\/v2\/disenadores?post=14309"},{"taxonomy":"marca","embeddable":true,"href":"https:\/\/enlineabarcelona.com\/ca\/wp-json\/wp\/v2\/marca?post=14309"}],"curies":[{"name":"wp","href":"https:\/\/api.w.org\/{rel}","templated":true}]}}