{"id":14310,"date":"2025-10-27T11:21:01","date_gmt":"2025-10-27T11:21:01","guid":{"rendered":"https:\/\/enlineabarcelona.com\/producto\/silla-baia\/"},"modified":"2025-10-27T11:21:07","modified_gmt":"2025-10-27T11:21:07","slug":"silla-baia","status":"publish","type":"product","link":"https:\/\/enlineabarcelona.com\/ca\/producto\/silla-baia\/","title":{"rendered":"Silla Baia"},"content":{"rendered":"\n<p>La Silla Baia presenta una construcci\u00f3n extremadamente avanzada que requiere una amplia gama de t\u00e9cnicas y un alto nivel de artesan\u00eda.<\/p>\n\n\n\n<p>El armaz\u00f3n est\u00e1 disponible en acero cromado o con recubrimiento de polvo y se construye mediante una compleja t\u00e9cnica de soldadura. Consta de un armaz\u00f3n de asiento de acero plano y tubos de acero delgados y curvados con un peque\u00f1o redondeo al final de cada pata. La corta distancia entre las patas delanteras deja espacio y visibilidad a las traseras, creando simetr\u00eda y resaltando el fino equilibrio entre las l\u00edneas verticales de los finos tubos de acero y los llamativos elementos horizontales.<\/p>\n\n\n\n<p>El respaldo en forma de C est\u00e1 disponible en versi\u00f3n tapizada o en madera maciza. El respaldo de madera maciza se fabrica utilizando una tecnolog\u00eda especial de curvado al vapor y posteriormente se lija a mano. El respaldo tapizado se cose a mano y est\u00e1 disponible en una amplia gama de telas y pieles. El asiento, acolchado y mullido, ofrece un excelente confort y est\u00e1 disponible tanto en piel como en tela.<\/p>\n\n\n\n<p>Las diversas caracter\u00edsticas de cada componente est\u00e1n perfectamente equilibradas en el dise\u00f1o y confieren a la silla una elegante ligereza y una expresi\u00f3n verdaderamente \u00fanica.<\/p>\n\n\n\n<p><\/p>\n","protected":false},"excerpt":{"rendered":"<p>La Silla Baia presenta una construcci\u00f3n extremadamente avanzada que requiere una amplia gama de t\u00e9cnicas y un alto nivel de artesan\u00eda. El armaz\u00f3n est\u00e1 disponible en acero cromado o con recubrimiento de polvo y se construye mediante una compleja t\u00e9cnica de soldadura. Consta de un armaz\u00f3n de asiento de acero plano y tubos de acero &#8230; <a title=\"Silla Baia\" class=\"read-more\" href=\"https:\/\/enlineabarcelona.com\/ca\/producto\/silla-baia\/\" aria-label=\"M\u00e9s informaci\u00f3 sobre Silla Baia\">Llegiu m\u00e9s<\/a><\/p>\n","protected":false},"featured_media":12994,"comment_status":"closed","ping_status":"open","template":"","meta":{"_acf_changed":false},"product_cat":[298,1139],"product_tag":[],"disenadores":[853],"marca":[1263],"class_list":{"0":"post-14310","1":"product","2":"type-product","3":"status-publish","4":"has-post-thumbnail","6":"product_cat-mobiliario","7":"product_cat-sillas","8":"disenadores-kensaku-oshiro","9":"marca-dk3","10":"sales-flash-overlay","11":"woocommerce-text-align-center","12":"woocommerce-image-align-center","13":"do-quantity-buttons","14":"wc-has-gallery","16":"first","17":"instock","18":"product-type-simple"},"acf":[],"_links":{"self":[{"href":"https:\/\/enlineabarcelona.com\/ca\/wp-json\/wp\/v2\/product\/14310","targetHints":{"allow":["GET"]}}],"collection":[{"href":"https:\/\/enlineabarcelona.com\/ca\/wp-json\/wp\/v2\/product"}],"about":[{"href":"https:\/\/enlineabarcelona.com\/ca\/wp-json\/wp\/v2\/types\/product"}],"replies":[{"embeddable":true,"href":"https:\/\/enlineabarcelona.com\/ca\/wp-json\/wp\/v2\/comments?post=14310"}],"wp:featuredmedia":[{"embeddable":true,"href":"https:\/\/enlineabarcelona.com\/ca\/wp-json\/wp\/v2\/media\/12994"}],"wp:attachment":[{"href":"https:\/\/enlineabarcelona.com\/ca\/wp-json\/wp\/v2\/media?parent=14310"}],"wp:term":[{"taxonomy":"product_cat","embeddable":true,"href":"https:\/\/enlineabarcelona.com\/ca\/wp-json\/wp\/v2\/product_cat?post=14310"},{"taxonomy":"product_tag","embeddable":true,"href":"https:\/\/enlineabarcelona.com\/ca\/wp-json\/wp\/v2\/product_tag?post=14310"},{"taxonomy":"disenadores","embeddable":true,"href":"https:\/\/enlineabarcelona.com\/ca\/wp-json\/wp\/v2\/disenadores?post=14310"},{"taxonomy":"marca","embeddable":true,"href":"https:\/\/enlineabarcelona.com\/ca\/wp-json\/wp\/v2\/marca?post=14310"}],"curies":[{"name":"wp","href":"https:\/\/api.w.org\/{rel}","templated":true}]}}