{"id":14311,"date":"2025-10-27T11:21:01","date_gmt":"2025-10-27T11:21:01","guid":{"rendered":"https:\/\/enlineabarcelona.com\/producto\/mesa-jeppe-utzon-2\/"},"modified":"2025-10-27T11:21:08","modified_gmt":"2025-10-27T11:21:08","slug":"mesa-jeppe-utzon-2","status":"publish","type":"product","link":"https:\/\/enlineabarcelona.com\/ca\/producto\/mesa-jeppe-utzon-2\/","title":{"rendered":"Mesa Jeppe Utzon #2"},"content":{"rendered":"\n<p>Jeppe Utzon Table #2 es una exclusiva mesa de madera maciza, creada para dk3 por el dise\u00f1ador y arquitecto dan\u00e9s Jeppe Utzon. La mesa tiene una expresi\u00f3n caracter\u00edstica con claras referencias a la interpretaci\u00f3n danesa tradicional del estilo Shaker. Se ha creado centr\u00e1ndose en un dise\u00f1o sencillo y funcional, respetando la materia prima y con el objetivo de utilizar la madera de la forma m\u00e1s \u00f3ptima posible.<\/p>\n\n\n\n<p>La estructura natural de la madera se une maravillosamente con las singulares uniones de carpinter\u00eda. Un ejemplo es el uso de cu\u00f1as de madera en la construcci\u00f3n de las patas. Adem\u00e1s de garantizar la estabilidad de la construcci\u00f3n, las cu\u00f1as ocupan un lugar central en el dise\u00f1o visual de la mesa, en lugar de quedar ocultas.<\/p>\n\n\n\n<p>Jeppe Utzon Table #2 es la sucesora de Jeppe Utzon #1, que fue lanzada por dk3 y Jeppe Utzon en 2015. Al igual que las generaciones anteriores de su familia, Jeppe Utzon ha adquirido reconocimiento internacional como arquitecto, y tanto Jeppe Utzon #1 como #2 representan la categor\u00eda \u00abmesas dise\u00f1adas por arquitectos\u00bb de la manera m\u00e1s distinguida.<\/p>\n\n\n\n<p><\/p>\n","protected":false},"excerpt":{"rendered":"<p>Jeppe Utzon Table #2 es una exclusiva mesa de madera maciza, creada para dk3 por el dise\u00f1ador y arquitecto dan\u00e9s Jeppe Utzon. La mesa tiene una expresi\u00f3n caracter\u00edstica con claras referencias a la interpretaci\u00f3n danesa tradicional del estilo Shaker. Se ha creado centr\u00e1ndose en un dise\u00f1o sencillo y funcional, respetando la materia prima y con &#8230; <a title=\"Mesa Jeppe Utzon #2\" class=\"read-more\" href=\"https:\/\/enlineabarcelona.com\/ca\/producto\/mesa-jeppe-utzon-2\/\" aria-label=\"M\u00e9s informaci\u00f3 sobre Mesa Jeppe Utzon #2\">Llegiu m\u00e9s<\/a><\/p>\n","protected":false},"featured_media":13010,"comment_status":"closed","ping_status":"open","template":"","meta":{"_acf_changed":false},"product_cat":[289,298],"product_tag":[],"disenadores":[867],"marca":[1263],"class_list":{"0":"post-14311","1":"product","2":"type-product","3":"status-publish","4":"has-post-thumbnail","6":"product_cat-mesas","7":"product_cat-mobiliario","8":"disenadores-jeppe-utzon","9":"marca-dk3","10":"sales-flash-overlay","11":"woocommerce-text-align-center","12":"woocommerce-image-align-center","13":"do-quantity-buttons","14":"wc-has-gallery","16":"first","17":"instock","18":"product-type-simple"},"acf":[],"_links":{"self":[{"href":"https:\/\/enlineabarcelona.com\/ca\/wp-json\/wp\/v2\/product\/14311","targetHints":{"allow":["GET"]}}],"collection":[{"href":"https:\/\/enlineabarcelona.com\/ca\/wp-json\/wp\/v2\/product"}],"about":[{"href":"https:\/\/enlineabarcelona.com\/ca\/wp-json\/wp\/v2\/types\/product"}],"replies":[{"embeddable":true,"href":"https:\/\/enlineabarcelona.com\/ca\/wp-json\/wp\/v2\/comments?post=14311"}],"wp:featuredmedia":[{"embeddable":true,"href":"https:\/\/enlineabarcelona.com\/ca\/wp-json\/wp\/v2\/media\/13010"}],"wp:attachment":[{"href":"https:\/\/enlineabarcelona.com\/ca\/wp-json\/wp\/v2\/media?parent=14311"}],"wp:term":[{"taxonomy":"product_cat","embeddable":true,"href":"https:\/\/enlineabarcelona.com\/ca\/wp-json\/wp\/v2\/product_cat?post=14311"},{"taxonomy":"product_tag","embeddable":true,"href":"https:\/\/enlineabarcelona.com\/ca\/wp-json\/wp\/v2\/product_tag?post=14311"},{"taxonomy":"disenadores","embeddable":true,"href":"https:\/\/enlineabarcelona.com\/ca\/wp-json\/wp\/v2\/disenadores?post=14311"},{"taxonomy":"marca","embeddable":true,"href":"https:\/\/enlineabarcelona.com\/ca\/wp-json\/wp\/v2\/marca?post=14311"}],"curies":[{"name":"wp","href":"https:\/\/api.w.org\/{rel}","templated":true}]}}