{"id":14312,"date":"2025-10-27T11:21:01","date_gmt":"2025-10-27T11:21:01","guid":{"rendered":"https:\/\/enlineabarcelona.com\/producto\/silla-pia\/"},"modified":"2025-10-27T11:21:08","modified_gmt":"2025-10-27T11:21:08","slug":"silla-pia","status":"publish","type":"product","link":"https:\/\/enlineabarcelona.com\/ca\/producto\/silla-pia\/","title":{"rendered":"Silla Pia"},"content":{"rendered":"\n<p>Las delgadas patas de madera maciza de forma c\u00f3nica dan una expresi\u00f3n visual ligera, que se acent\u00faa a\u00fan m\u00e1s con dos finos detalles: el redondeado lijado a mano en la parte superior de las patas traseras, y las patas delanteras unidas con los dedos. El asiento es de cuerda de papel tejida a mano, y el respaldo est\u00e1 moldeado, lo que proporciona una comodidad de asiento \u00f3ptima. Se tardan dos horas en tejer a mano el asiento, por lo que la fabricaci\u00f3n de la silla es un proceso laborioso que requiere paciencia y gran precisi\u00f3n.<\/p>\n","protected":false},"excerpt":{"rendered":"<p>Las delgadas patas de madera maciza de forma c\u00f3nica dan una expresi\u00f3n visual ligera, que se acent\u00faa a\u00fan m\u00e1s con dos finos detalles: el redondeado lijado a mano en la parte superior de las patas traseras, y las patas delanteras unidas con los dedos. El asiento es de cuerda de papel tejida a mano, y &#8230; <a title=\"Silla Pia\" class=\"read-more\" href=\"https:\/\/enlineabarcelona.com\/ca\/producto\/silla-pia\/\" aria-label=\"M\u00e9s informaci\u00f3 sobre Silla Pia\">Llegiu m\u00e9s<\/a><\/p>\n","protected":false},"featured_media":13026,"comment_status":"closed","ping_status":"open","template":"","meta":{"_acf_changed":false},"product_cat":[298,1139],"product_tag":[],"disenadores":[1264],"marca":[1263],"class_list":{"0":"post-14312","1":"product","2":"type-product","3":"status-publish","4":"has-post-thumbnail","6":"product_cat-mobiliario","7":"product_cat-sillas","8":"disenadores-poul-cadovius","9":"marca-dk3","10":"sales-flash-overlay","11":"woocommerce-text-align-center","12":"woocommerce-image-align-center","13":"do-quantity-buttons","14":"wc-has-gallery","16":"first","17":"instock","18":"product-type-simple"},"acf":[],"_links":{"self":[{"href":"https:\/\/enlineabarcelona.com\/ca\/wp-json\/wp\/v2\/product\/14312","targetHints":{"allow":["GET"]}}],"collection":[{"href":"https:\/\/enlineabarcelona.com\/ca\/wp-json\/wp\/v2\/product"}],"about":[{"href":"https:\/\/enlineabarcelona.com\/ca\/wp-json\/wp\/v2\/types\/product"}],"replies":[{"embeddable":true,"href":"https:\/\/enlineabarcelona.com\/ca\/wp-json\/wp\/v2\/comments?post=14312"}],"wp:featuredmedia":[{"embeddable":true,"href":"https:\/\/enlineabarcelona.com\/ca\/wp-json\/wp\/v2\/media\/13026"}],"wp:attachment":[{"href":"https:\/\/enlineabarcelona.com\/ca\/wp-json\/wp\/v2\/media?parent=14312"}],"wp:term":[{"taxonomy":"product_cat","embeddable":true,"href":"https:\/\/enlineabarcelona.com\/ca\/wp-json\/wp\/v2\/product_cat?post=14312"},{"taxonomy":"product_tag","embeddable":true,"href":"https:\/\/enlineabarcelona.com\/ca\/wp-json\/wp\/v2\/product_tag?post=14312"},{"taxonomy":"disenadores","embeddable":true,"href":"https:\/\/enlineabarcelona.com\/ca\/wp-json\/wp\/v2\/disenadores?post=14312"},{"taxonomy":"marca","embeddable":true,"href":"https:\/\/enlineabarcelona.com\/ca\/wp-json\/wp\/v2\/marca?post=14312"}],"curies":[{"name":"wp","href":"https:\/\/api.w.org\/{rel}","templated":true}]}}