{"id":14313,"date":"2025-10-27T11:21:01","date_gmt":"2025-10-27T11:21:01","guid":{"rendered":"https:\/\/enlineabarcelona.com\/producto\/sistema-de-estanterias-royal-system\/"},"modified":"2025-10-27T11:21:09","modified_gmt":"2025-10-27T11:21:09","slug":"sistema-de-estanterias-royal-system","status":"publish","type":"product","link":"https:\/\/enlineabarcelona.com\/ca\/producto\/sistema-de-estanterias-royal-system\/","title":{"rendered":"Sistema de estanter\u00edas Royal System\u00ae"},"content":{"rendered":"\n<p>Royal System\u00ae se presenta en varios tipos de madera y consta de ra\u00edles murales, estantes con colgadores de lat\u00f3n o acero inoxidable y varios armarios. Algunos de los armarios est\u00e1n hechos con un frente de chapa de madera tejida a mano, y los armarios con puertas correderas est\u00e1n disponibles en madera, cristal transparente o cristal ondulado. El mueble de almacenamiento LP ofrece un elegante almacenamiento de tocadiscos y discos LP, y el peque\u00f1o y elegante escritorio con caj\u00f3n incorporado invita a un tranquilo momento de escritura o lectura.<\/p>\n\n\n\n<p>El sistema puede personalizarse en m\u00faltiples combinaciones individuales, ya sea como estanter\u00eda cl\u00e1sica, escritorio moderno o biblioteca con armarios y cajones. Ya en los a\u00f1os sesenta, Royal System\u00ae era conocido por su dise\u00f1o vers\u00e1til y se le conoc\u00eda como el sistema de estanter\u00edas con \u00abhasta 16 millones de opciones de combinaci\u00f3n\u00bb. Con su dise\u00f1o flexible que ahorra espacio, este cl\u00e1sico atemporal ofrece numerosas posibilidades para una expresi\u00f3n personal y moderna.<\/p>\n\n\n\n<p>En los a\u00f1os cincuenta y sesenta, Royal System\u00ae se fabricaba en las propias f\u00e1bricas de Poul Cadovius en Dinamarca, y tambi\u00e9n se produc\u00eda bajo licencia en m\u00e1s de treinta pa\u00edses. Este sistema de estanter\u00edas sigue consider\u00e1ndose uno de los mayores \u00e9xitos de la historia del mueble dan\u00e9s, por lo que dk3 pudo relanzar el ic\u00f3nico sistema en 2010 con orgullo y modestia a la vez.<\/p>\n\n\n\n<p><\/p>\n","protected":false},"excerpt":{"rendered":"<p>Royal System\u00ae se presenta en varios tipos de madera y consta de ra\u00edles murales, estantes con colgadores de lat\u00f3n o acero inoxidable y varios armarios. Algunos de los armarios est\u00e1n hechos con un frente de chapa de madera tejida a mano, y los armarios con puertas correderas est\u00e1n disponibles en madera, cristal transparente o cristal &#8230; <a title=\"Sistema de estanter\u00edas Royal System\u00ae\" class=\"read-more\" href=\"https:\/\/enlineabarcelona.com\/ca\/producto\/sistema-de-estanterias-royal-system\/\" aria-label=\"M\u00e9s informaci\u00f3 sobre Sistema de estanter\u00edas Royal System\u00ae\">Llegiu m\u00e9s<\/a><\/p>\n","protected":false},"featured_media":13045,"comment_status":"closed","ping_status":"open","template":"","meta":{"_acf_changed":false},"product_cat":[291,298],"product_tag":[],"disenadores":[1264],"marca":[1263],"class_list":{"0":"post-14313","1":"product","2":"type-product","3":"status-publish","4":"has-post-thumbnail","6":"product_cat-estanterias","7":"product_cat-mobiliario","8":"disenadores-poul-cadovius","9":"marca-dk3","10":"sales-flash-overlay","11":"woocommerce-text-align-center","12":"woocommerce-image-align-center","13":"do-quantity-buttons","14":"wc-has-gallery","16":"first","17":"instock","18":"product-type-simple"},"acf":[],"_links":{"self":[{"href":"https:\/\/enlineabarcelona.com\/ca\/wp-json\/wp\/v2\/product\/14313","targetHints":{"allow":["GET"]}}],"collection":[{"href":"https:\/\/enlineabarcelona.com\/ca\/wp-json\/wp\/v2\/product"}],"about":[{"href":"https:\/\/enlineabarcelona.com\/ca\/wp-json\/wp\/v2\/types\/product"}],"replies":[{"embeddable":true,"href":"https:\/\/enlineabarcelona.com\/ca\/wp-json\/wp\/v2\/comments?post=14313"}],"wp:featuredmedia":[{"embeddable":true,"href":"https:\/\/enlineabarcelona.com\/ca\/wp-json\/wp\/v2\/media\/13045"}],"wp:attachment":[{"href":"https:\/\/enlineabarcelona.com\/ca\/wp-json\/wp\/v2\/media?parent=14313"}],"wp:term":[{"taxonomy":"product_cat","embeddable":true,"href":"https:\/\/enlineabarcelona.com\/ca\/wp-json\/wp\/v2\/product_cat?post=14313"},{"taxonomy":"product_tag","embeddable":true,"href":"https:\/\/enlineabarcelona.com\/ca\/wp-json\/wp\/v2\/product_tag?post=14313"},{"taxonomy":"disenadores","embeddable":true,"href":"https:\/\/enlineabarcelona.com\/ca\/wp-json\/wp\/v2\/disenadores?post=14313"},{"taxonomy":"marca","embeddable":true,"href":"https:\/\/enlineabarcelona.com\/ca\/wp-json\/wp\/v2\/marca?post=14313"}],"curies":[{"name":"wp","href":"https:\/\/api.w.org\/{rel}","templated":true}]}}