{"id":14314,"date":"2025-10-27T11:21:01","date_gmt":"2025-10-27T11:21:01","guid":{"rendered":"https:\/\/enlineabarcelona.com\/producto\/silla-z\/"},"modified":"2025-10-27T11:21:10","modified_gmt":"2025-10-27T11:21:10","slug":"silla-z","status":"publish","type":"product","link":"https:\/\/enlineabarcelona.com\/ca\/producto\/silla-z\/","title":{"rendered":"Silla Z"},"content":{"rendered":"\n<p>La Silla Z se lanz\u00f3 originalmente en 1957, y se fabricaba en la M\u00f8belsnedkeri de Christian Jensen, fundada por el abuelo de Poul Thorsbjerg Jensen. En 2025, dk3 relanza el ic\u00f3nico dise\u00f1o y, al igual que el original, la silla se sigue fabricando en Dinamarca.<\/p>\n\n\n\n<p>Con su dise\u00f1o cl\u00e1sico y atemporal, la Silla Z no solo encarna los principios de dise\u00f1o de su \u00e9po  ca, sino que sigue despertando admiraci\u00f3n hoy en d\u00eda.<\/p>\n\n\n\n<p><\/p>\n","protected":false},"excerpt":{"rendered":"<p>La Silla Z se lanz\u00f3 originalmente en 1957, y se fabricaba en la M\u00f8belsnedkeri de Christian Jensen, fundada por el abuelo de Poul Thorsbjerg Jensen. En 2025, dk3 relanza el ic\u00f3nico dise\u00f1o y, al igual que el original, la silla se sigue fabricando en Dinamarca. Con su dise\u00f1o cl\u00e1sico y atemporal, la Silla Z no &#8230; <a title=\"Silla Z\" class=\"read-more\" href=\"https:\/\/enlineabarcelona.com\/ca\/producto\/silla-z\/\" aria-label=\"M\u00e9s informaci\u00f3 sobre Silla Z\">Llegiu m\u00e9s<\/a><\/p>\n","protected":false},"featured_media":13064,"comment_status":"closed","ping_status":"open","template":"","meta":{"_acf_changed":false},"product_cat":[298,1139],"product_tag":[],"disenadores":[1265],"marca":[1263],"class_list":{"0":"post-14314","1":"product","2":"type-product","3":"status-publish","4":"has-post-thumbnail","6":"product_cat-mobiliario","7":"product_cat-sillas","8":"disenadores-poul-thorsbjerg-jensen","9":"marca-dk3","10":"sales-flash-overlay","11":"woocommerce-text-align-center","12":"woocommerce-image-align-center","13":"do-quantity-buttons","14":"wc-has-gallery","16":"first","17":"instock","18":"product-type-simple"},"acf":[],"_links":{"self":[{"href":"https:\/\/enlineabarcelona.com\/ca\/wp-json\/wp\/v2\/product\/14314","targetHints":{"allow":["GET"]}}],"collection":[{"href":"https:\/\/enlineabarcelona.com\/ca\/wp-json\/wp\/v2\/product"}],"about":[{"href":"https:\/\/enlineabarcelona.com\/ca\/wp-json\/wp\/v2\/types\/product"}],"replies":[{"embeddable":true,"href":"https:\/\/enlineabarcelona.com\/ca\/wp-json\/wp\/v2\/comments?post=14314"}],"wp:featuredmedia":[{"embeddable":true,"href":"https:\/\/enlineabarcelona.com\/ca\/wp-json\/wp\/v2\/media\/13064"}],"wp:attachment":[{"href":"https:\/\/enlineabarcelona.com\/ca\/wp-json\/wp\/v2\/media?parent=14314"}],"wp:term":[{"taxonomy":"product_cat","embeddable":true,"href":"https:\/\/enlineabarcelona.com\/ca\/wp-json\/wp\/v2\/product_cat?post=14314"},{"taxonomy":"product_tag","embeddable":true,"href":"https:\/\/enlineabarcelona.com\/ca\/wp-json\/wp\/v2\/product_tag?post=14314"},{"taxonomy":"disenadores","embeddable":true,"href":"https:\/\/enlineabarcelona.com\/ca\/wp-json\/wp\/v2\/disenadores?post=14314"},{"taxonomy":"marca","embeddable":true,"href":"https:\/\/enlineabarcelona.com\/ca\/wp-json\/wp\/v2\/marca?post=14314"}],"curies":[{"name":"wp","href":"https:\/\/api.w.org\/{rel}","templated":true}]}}