{"id":14315,"date":"2025-10-27T11:21:01","date_gmt":"2025-10-27T11:21:01","guid":{"rendered":"https:\/\/enlineabarcelona.com\/producto\/sillon-cask\/"},"modified":"2025-10-27T11:21:11","modified_gmt":"2025-10-27T11:21:11","slug":"sillon-cask","status":"publish","type":"product","link":"https:\/\/enlineabarcelona.com\/ca\/producto\/sillon-cask\/","title":{"rendered":"Sill\u00f3n Cask"},"content":{"rendered":"\n<p>Sill\u00f3n con estructura en rattan natural pelado y tintado de 34 mm de calibre. Respaldo fabricado en rattan natural pelado y tintado de 20 mm de calibre. Acabado con recubrimiento en tres fases (tinte, fondo y acabado) con filtros UV que lo hacen altamente resistente a la radiaci\u00f3n solar. Los acabados utilizados son en base al agua. Posibilidad de personalizaci\u00f3n mediante una amplia variedad de tejidos t\u00e9cnicos de altas prestaciones de uso. Tacos protectores reversibles de pl\u00e1stico-fieltro.<\/p>\n\n\n\n<p><\/p>\n","protected":false},"excerpt":{"rendered":"<p>Sill\u00f3n con estructura en rattan natural pelado y tintado de 34 mm de calibre. Respaldo fabricado en rattan natural pelado y tintado de 20 mm de calibre. Acabado con recubrimiento en tres fases (tinte, fondo y acabado) con filtros UV que lo hacen altamente resistente a la radiaci\u00f3n solar. Los acabados utilizados son en base &#8230; <a title=\"Sill\u00f3n Cask\" class=\"read-more\" href=\"https:\/\/enlineabarcelona.com\/ca\/producto\/sillon-cask\/\" aria-label=\"M\u00e9s informaci\u00f3 sobre Sill\u00f3n Cask\">Llegiu m\u00e9s<\/a><\/p>\n","protected":false},"featured_media":13083,"comment_status":"closed","ping_status":"open","template":"","meta":{"_acf_changed":false},"product_cat":[1145,298],"product_tag":[],"disenadores":[848],"marca":[1266],"class_list":{"0":"post-14315","1":"product","2":"type-product","3":"status-publish","4":"has-post-thumbnail","6":"product_cat-butacas","7":"product_cat-mobiliario","8":"disenadores-norm-architects","9":"marca-expormim","10":"sales-flash-overlay","11":"woocommerce-text-align-center","12":"woocommerce-image-align-center","13":"do-quantity-buttons","14":"wc-has-gallery","16":"first","17":"instock","18":"product-type-simple"},"acf":[],"_links":{"self":[{"href":"https:\/\/enlineabarcelona.com\/ca\/wp-json\/wp\/v2\/product\/14315","targetHints":{"allow":["GET"]}}],"collection":[{"href":"https:\/\/enlineabarcelona.com\/ca\/wp-json\/wp\/v2\/product"}],"about":[{"href":"https:\/\/enlineabarcelona.com\/ca\/wp-json\/wp\/v2\/types\/product"}],"replies":[{"embeddable":true,"href":"https:\/\/enlineabarcelona.com\/ca\/wp-json\/wp\/v2\/comments?post=14315"}],"wp:featuredmedia":[{"embeddable":true,"href":"https:\/\/enlineabarcelona.com\/ca\/wp-json\/wp\/v2\/media\/13083"}],"wp:attachment":[{"href":"https:\/\/enlineabarcelona.com\/ca\/wp-json\/wp\/v2\/media?parent=14315"}],"wp:term":[{"taxonomy":"product_cat","embeddable":true,"href":"https:\/\/enlineabarcelona.com\/ca\/wp-json\/wp\/v2\/product_cat?post=14315"},{"taxonomy":"product_tag","embeddable":true,"href":"https:\/\/enlineabarcelona.com\/ca\/wp-json\/wp\/v2\/product_tag?post=14315"},{"taxonomy":"disenadores","embeddable":true,"href":"https:\/\/enlineabarcelona.com\/ca\/wp-json\/wp\/v2\/disenadores?post=14315"},{"taxonomy":"marca","embeddable":true,"href":"https:\/\/enlineabarcelona.com\/ca\/wp-json\/wp\/v2\/marca?post=14315"}],"curies":[{"name":"wp","href":"https:\/\/api.w.org\/{rel}","templated":true}]}}