{"id":14322,"date":"2025-10-27T11:21:15","date_gmt":"2025-10-27T11:21:15","guid":{"rendered":"https:\/\/enlineabarcelona.com\/producto\/mesa-hexagonal-talo-indoor\/"},"modified":"2025-10-27T11:21:16","modified_gmt":"2025-10-27T11:21:16","slug":"mesa-hexagonal-talo-indoor","status":"publish","type":"product","link":"https:\/\/enlineabarcelona.com\/ca\/producto\/mesa-hexagonal-talo-indoor\/","title":{"rendered":"Mesa hexagonal Talo indoor"},"content":{"rendered":"\n<p>Tapa y estructura fabricada en madera maciza de roble europeo de 21 mm de secci\u00f3n. La colecci\u00f3n tambi\u00e9n est\u00e1 disponible en versi\u00f3n lacada (MDF) y en tablero contrachapado de roble europeo.<\/p>\n","protected":false},"excerpt":{"rendered":"<p>Tapa y estructura fabricada en madera maciza de roble europeo de 21 mm de secci\u00f3n. La colecci\u00f3n tambi\u00e9n est\u00e1 disponible en versi\u00f3n lacada (MDF) y en tablero contrachapado de roble europeo.<\/p>\n","protected":false},"featured_media":13159,"comment_status":"closed","ping_status":"open","template":"","meta":{"_acf_changed":false},"product_cat":[289,298],"product_tag":[],"disenadores":[825],"marca":[1266],"class_list":{"0":"post-14322","1":"product","2":"type-product","3":"status-publish","4":"has-post-thumbnail","6":"product_cat-mesas","7":"product_cat-mobiliario","8":"disenadores-altherr-desile-park","9":"marca-expormim","10":"sales-flash-overlay","11":"woocommerce-text-align-center","12":"woocommerce-image-align-center","13":"do-quantity-buttons","14":"wc-has-gallery","16":"first","17":"instock","18":"product-type-simple"},"acf":[],"_links":{"self":[{"href":"https:\/\/enlineabarcelona.com\/ca\/wp-json\/wp\/v2\/product\/14322","targetHints":{"allow":["GET"]}}],"collection":[{"href":"https:\/\/enlineabarcelona.com\/ca\/wp-json\/wp\/v2\/product"}],"about":[{"href":"https:\/\/enlineabarcelona.com\/ca\/wp-json\/wp\/v2\/types\/product"}],"replies":[{"embeddable":true,"href":"https:\/\/enlineabarcelona.com\/ca\/wp-json\/wp\/v2\/comments?post=14322"}],"wp:featuredmedia":[{"embeddable":true,"href":"https:\/\/enlineabarcelona.com\/ca\/wp-json\/wp\/v2\/media\/13159"}],"wp:attachment":[{"href":"https:\/\/enlineabarcelona.com\/ca\/wp-json\/wp\/v2\/media?parent=14322"}],"wp:term":[{"taxonomy":"product_cat","embeddable":true,"href":"https:\/\/enlineabarcelona.com\/ca\/wp-json\/wp\/v2\/product_cat?post=14322"},{"taxonomy":"product_tag","embeddable":true,"href":"https:\/\/enlineabarcelona.com\/ca\/wp-json\/wp\/v2\/product_tag?post=14322"},{"taxonomy":"disenadores","embeddable":true,"href":"https:\/\/enlineabarcelona.com\/ca\/wp-json\/wp\/v2\/disenadores?post=14322"},{"taxonomy":"marca","embeddable":true,"href":"https:\/\/enlineabarcelona.com\/ca\/wp-json\/wp\/v2\/marca?post=14322"}],"curies":[{"name":"wp","href":"https:\/\/api.w.org\/{rel}","templated":true}]}}