{"id":14324,"date":"2025-10-27T11:21:15","date_gmt":"2025-10-27T11:21:15","guid":{"rendered":"https:\/\/enlineabarcelona.com\/producto\/sofa-slow\/"},"modified":"2025-10-27T11:21:17","modified_gmt":"2025-10-27T11:21:17","slug":"sofa-slow","status":"publish","type":"product","link":"https:\/\/enlineabarcelona.com\/ca\/producto\/sofa-slow\/","title":{"rendered":"Sof\u00e1 Slow"},"content":{"rendered":"\n<p>Con su est\u00e9tica distintiva, el sof\u00e1 m\u00e1s peque\u00f1o de Vitra tiene capacidad para acomodar con total confort a dos personas y, al mismo tiempo, se integra a la perfecci\u00f3n en interiores modernos o da un toque contempor\u00e1neo a entornos cl\u00e1sicos.<\/p>\n","protected":false},"excerpt":{"rendered":"<p>Con su est\u00e9tica distintiva, el sof\u00e1 m\u00e1s peque\u00f1o de Vitra tiene capacidad para acomodar con total confort a dos personas y, al mismo tiempo, se integra a la perfecci\u00f3n en interiores modernos o da un toque contempor\u00e1neo a entornos cl\u00e1sicos.<\/p>\n","protected":false},"featured_media":13179,"comment_status":"closed","ping_status":"open","template":"","meta":{"_acf_changed":false},"product_cat":[298,1147],"product_tag":[],"disenadores":[1267],"marca":[26],"class_list":{"0":"post-14324","1":"product","2":"type-product","3":"status-publish","4":"has-post-thumbnail","6":"product_cat-mobiliario","7":"product_cat-sofas","8":"disenadores-erwan-bouroullecronan-bouroullec","9":"marca-vitra","10":"sales-flash-overlay","11":"woocommerce-text-align-center","12":"woocommerce-image-align-center","13":"do-quantity-buttons","14":"wc-has-gallery","16":"first","17":"instock","18":"product-type-simple"},"acf":[],"_links":{"self":[{"href":"https:\/\/enlineabarcelona.com\/ca\/wp-json\/wp\/v2\/product\/14324","targetHints":{"allow":["GET"]}}],"collection":[{"href":"https:\/\/enlineabarcelona.com\/ca\/wp-json\/wp\/v2\/product"}],"about":[{"href":"https:\/\/enlineabarcelona.com\/ca\/wp-json\/wp\/v2\/types\/product"}],"replies":[{"embeddable":true,"href":"https:\/\/enlineabarcelona.com\/ca\/wp-json\/wp\/v2\/comments?post=14324"}],"wp:featuredmedia":[{"embeddable":true,"href":"https:\/\/enlineabarcelona.com\/ca\/wp-json\/wp\/v2\/media\/13179"}],"wp:attachment":[{"href":"https:\/\/enlineabarcelona.com\/ca\/wp-json\/wp\/v2\/media?parent=14324"}],"wp:term":[{"taxonomy":"product_cat","embeddable":true,"href":"https:\/\/enlineabarcelona.com\/ca\/wp-json\/wp\/v2\/product_cat?post=14324"},{"taxonomy":"product_tag","embeddable":true,"href":"https:\/\/enlineabarcelona.com\/ca\/wp-json\/wp\/v2\/product_tag?post=14324"},{"taxonomy":"disenadores","embeddable":true,"href":"https:\/\/enlineabarcelona.com\/ca\/wp-json\/wp\/v2\/disenadores?post=14324"},{"taxonomy":"marca","embeddable":true,"href":"https:\/\/enlineabarcelona.com\/ca\/wp-json\/wp\/v2\/marca?post=14324"}],"curies":[{"name":"wp","href":"https:\/\/api.w.org\/{rel}","templated":true}]}}