{"id":15026,"date":"2025-10-27T11:12:10","date_gmt":"2025-10-27T11:12:10","guid":{"rendered":"https:\/\/enlineabarcelona.com\/producto\/softshell\/"},"modified":"2025-12-18T09:57:41","modified_gmt":"2025-12-18T09:57:41","slug":"softshell","status":"publish","type":"product","link":"https:\/\/enlineabarcelona.com\/ca\/producto\/softshell\/","title":{"rendered":"SOFTSHELL"},"content":{"rendered":"<p>Cadira de gran comoditat gr\u00e0cies a les seves l\u00e0mines flexibles, ocultes en el suport, que s&#8217;adapten a cada persona. Trobem la versi\u00f3 sense bra\u00e7os i la versi\u00f3 amb bra\u00e7os. La seva est\u00e8tica moderna, gr\u00e0cies a la seva estructura de poliamida, fan de la cadira softshell una cadira molt vers\u00e0til, aclimatable a tots els ambients.<\/p>\n","protected":false},"excerpt":{"rendered":"<p>Cadira de gran comoditat gr\u00e0cies a les seves l\u00e0mines flexibles, ocultes en el suport, que s&#8217;adapten a cada persona. Trobem la versi\u00f3 sense bra\u00e7os i la versi\u00f3 amb bra\u00e7os. La seva est\u00e8tica moderna, gr\u00e0cies a la seva estructura de poliamida, fan de la cadira softshell una cadira molt vers\u00e0til, aclimatable a tots els ambients.<\/p>\n","protected":false},"featured_media":4079,"comment_status":"closed","ping_status":"open","template":"","meta":{"_acf_changed":false},"product_cat":[1271,1134],"product_tag":[],"disenadores":[1272],"marca":[1311],"class_list":{"0":"post-15026","1":"product","2":"type-product","3":"status-publish","4":"has-post-thumbnail","6":"product_cat-cadires","7":"product_cat-mobiliari","8":"disenadores-ronan-erwan-bouroullecronan-erwan-bouroullec","9":"marca-vitra","10":"sales-flash-overlay","11":"woocommerce-text-align-center","12":"woocommerce-image-align-center","13":"do-quantity-buttons","14":"wc-has-gallery","16":"first","17":"instock","18":"purchasable","19":"product-type-simple"},"acf":[],"_links":{"self":[{"href":"https:\/\/enlineabarcelona.com\/ca\/wp-json\/wp\/v2\/product\/15026","targetHints":{"allow":["GET"]}}],"collection":[{"href":"https:\/\/enlineabarcelona.com\/ca\/wp-json\/wp\/v2\/product"}],"about":[{"href":"https:\/\/enlineabarcelona.com\/ca\/wp-json\/wp\/v2\/types\/product"}],"replies":[{"embeddable":true,"href":"https:\/\/enlineabarcelona.com\/ca\/wp-json\/wp\/v2\/comments?post=15026"}],"wp:featuredmedia":[{"embeddable":true,"href":"https:\/\/enlineabarcelona.com\/ca\/wp-json\/wp\/v2\/media\/4079"}],"wp:attachment":[{"href":"https:\/\/enlineabarcelona.com\/ca\/wp-json\/wp\/v2\/media?parent=15026"}],"wp:term":[{"taxonomy":"product_cat","embeddable":true,"href":"https:\/\/enlineabarcelona.com\/ca\/wp-json\/wp\/v2\/product_cat?post=15026"},{"taxonomy":"product_tag","embeddable":true,"href":"https:\/\/enlineabarcelona.com\/ca\/wp-json\/wp\/v2\/product_tag?post=15026"},{"taxonomy":"disenadores","embeddable":true,"href":"https:\/\/enlineabarcelona.com\/ca\/wp-json\/wp\/v2\/disenadores?post=15026"},{"taxonomy":"marca","embeddable":true,"href":"https:\/\/enlineabarcelona.com\/ca\/wp-json\/wp\/v2\/marca?post=15026"}],"curies":[{"name":"wp","href":"https:\/\/api.w.org\/{rel}","templated":true}]}}