{"id":15030,"date":"2025-10-27T11:12:10","date_gmt":"2025-10-27T11:12:10","guid":{"rendered":"https:\/\/enlineabarcelona.com\/producto\/silver\/"},"modified":"2025-10-27T17:18:13","modified_gmt":"2025-10-27T17:18:13","slug":"silver","status":"publish","type":"product","link":"https:\/\/enlineabarcelona.com\/ca\/producto\/silver\/","title":{"rendered":"SILVER"},"content":{"rendered":"\n<p>Inspir\u00e1ndose en las proporciones de la cl\u00e1sica Thonet, Vico Magistretti dise\u00f1\u00f3 una moderna silla de oficina en polipropileno y aluminio. C\u00f3moda, ligera y duradera. Silver puede desempe\u00f1ar diferentes papeles: muchas alrededor de una mesa son perfectas sillas de comedor; individualmente o en parejas, asumen el papel de silla de oficina, gracias a su dise\u00f1o aerodin\u00e1mico. Vers\u00e1til y transformadora, se adapta a los entornos m\u00e1s dispares. M\u00e1s que una silla, es un sistema de asientos compuesto por versiones con y sin reposabrazos apilables (hasta seis piezas); sillas giratorias con ruedas; taburetes; asientos para vigas y accesorios.<\/p>\n","protected":false},"excerpt":{"rendered":"<p>Inspir\u00e1ndose en las proporciones de la cl\u00e1sica Thonet, Vico Magistretti dise\u00f1\u00f3 una moderna silla de oficina en polipropileno y aluminio. C\u00f3moda, ligera y duradera. Silver puede desempe\u00f1ar diferentes papeles: muchas alrededor de una mesa son perfectas sillas de comedor; individualmente o en parejas, asumen el papel de silla de oficina, gracias a su dise\u00f1o aerodin\u00e1mico. &#8230; <a title=\"SILVER\" class=\"read-more\" href=\"https:\/\/enlineabarcelona.com\/ca\/producto\/silver\/\" aria-label=\"M\u00e9s informaci\u00f3 sobre SILVER\">Llegiu m\u00e9s<\/a><\/p>\n","protected":false},"featured_media":4176,"comment_status":"closed","ping_status":"open","template":"","meta":{"_acf_changed":false},"product_cat":[1271,1134],"product_tag":[],"disenadores":[1280],"marca":[],"class_list":{"0":"post-15030","1":"product","2":"type-product","3":"status-publish","4":"has-post-thumbnail","6":"product_cat-cadires","7":"product_cat-mobiliari","8":"disenadores-vico-magistrettivico-magistretti","9":"sales-flash-overlay","10":"woocommerce-text-align-center","11":"woocommerce-image-align-center","12":"do-quantity-buttons","13":"wc-has-gallery","15":"first","16":"instock","17":"purchasable","18":"product-type-simple"},"acf":[],"_links":{"self":[{"href":"https:\/\/enlineabarcelona.com\/ca\/wp-json\/wp\/v2\/product\/15030","targetHints":{"allow":["GET"]}}],"collection":[{"href":"https:\/\/enlineabarcelona.com\/ca\/wp-json\/wp\/v2\/product"}],"about":[{"href":"https:\/\/enlineabarcelona.com\/ca\/wp-json\/wp\/v2\/types\/product"}],"replies":[{"embeddable":true,"href":"https:\/\/enlineabarcelona.com\/ca\/wp-json\/wp\/v2\/comments?post=15030"}],"wp:featuredmedia":[{"embeddable":true,"href":"https:\/\/enlineabarcelona.com\/ca\/wp-json\/wp\/v2\/media\/4176"}],"wp:attachment":[{"href":"https:\/\/enlineabarcelona.com\/ca\/wp-json\/wp\/v2\/media?parent=15030"}],"wp:term":[{"taxonomy":"product_cat","embeddable":true,"href":"https:\/\/enlineabarcelona.com\/ca\/wp-json\/wp\/v2\/product_cat?post=15030"},{"taxonomy":"product_tag","embeddable":true,"href":"https:\/\/enlineabarcelona.com\/ca\/wp-json\/wp\/v2\/product_tag?post=15030"},{"taxonomy":"disenadores","embeddable":true,"href":"https:\/\/enlineabarcelona.com\/ca\/wp-json\/wp\/v2\/disenadores?post=15030"},{"taxonomy":"marca","embeddable":true,"href":"https:\/\/enlineabarcelona.com\/ca\/wp-json\/wp\/v2\/marca?post=15030"}],"curies":[{"name":"wp","href":"https:\/\/api.w.org\/{rel}","templated":true}]}}