{"id":15034,"date":"2025-10-27T11:12:10","date_gmt":"2025-10-27T11:12:10","guid":{"rendered":"https:\/\/enlineabarcelona.com\/producto\/pp68\/"},"modified":"2026-01-26T16:02:42","modified_gmt":"2026-01-26T16:02:42","slug":"pp68","status":"publish","type":"product","link":"https:\/\/enlineabarcelona.com\/ca\/producto\/pp68\/","title":{"rendered":"PP68"},"content":{"rendered":"<p>Cadira c\u00f2moda, pr\u00e0ctica, resistent i duradora. Dissenyada per a estar c\u00f2mode en diverses posicions. Els seus reposabra\u00e7os curts permeten asseure&#8217;s d&#8217;una manera f\u00e0cil. Estructura de fusta massissa i seient trenat.<\/p>\n","protected":false},"excerpt":{"rendered":"<p>Cadira c\u00f2moda, pr\u00e0ctica, resistent i duradora. Dissenyada per a estar c\u00f2mode en diverses posicions. Els seus reposabra\u00e7os curts permeten asseure&#8217;s d&#8217;una manera f\u00e0cil. Estructura de fusta massissa i seient trenat.<\/p>\n","protected":false},"featured_media":4252,"comment_status":"closed","ping_status":"open","template":"","meta":{"_acf_changed":false},"product_cat":[1268,1134],"product_tag":[],"disenadores":[1954],"marca":[1287],"class_list":{"0":"post-15034","1":"product","2":"type-product","3":"status-publish","4":"has-post-thumbnail","6":"product_cat-cadiresoutlet","7":"product_cat-mobiliari","8":"disenadores-hans-j-wegner","9":"marca-pp-moblerpp-mobler","10":"sales-flash-overlay","11":"woocommerce-text-align-center","12":"woocommerce-image-align-center","13":"do-quantity-buttons","14":"wc-has-gallery","16":"first","17":"instock","18":"purchasable","19":"product-type-simple"},"acf":[],"_links":{"self":[{"href":"https:\/\/enlineabarcelona.com\/ca\/wp-json\/wp\/v2\/product\/15034","targetHints":{"allow":["GET"]}}],"collection":[{"href":"https:\/\/enlineabarcelona.com\/ca\/wp-json\/wp\/v2\/product"}],"about":[{"href":"https:\/\/enlineabarcelona.com\/ca\/wp-json\/wp\/v2\/types\/product"}],"replies":[{"embeddable":true,"href":"https:\/\/enlineabarcelona.com\/ca\/wp-json\/wp\/v2\/comments?post=15034"}],"wp:featuredmedia":[{"embeddable":true,"href":"https:\/\/enlineabarcelona.com\/ca\/wp-json\/wp\/v2\/media\/4252"}],"wp:attachment":[{"href":"https:\/\/enlineabarcelona.com\/ca\/wp-json\/wp\/v2\/media?parent=15034"}],"wp:term":[{"taxonomy":"product_cat","embeddable":true,"href":"https:\/\/enlineabarcelona.com\/ca\/wp-json\/wp\/v2\/product_cat?post=15034"},{"taxonomy":"product_tag","embeddable":true,"href":"https:\/\/enlineabarcelona.com\/ca\/wp-json\/wp\/v2\/product_tag?post=15034"},{"taxonomy":"disenadores","embeddable":true,"href":"https:\/\/enlineabarcelona.com\/ca\/wp-json\/wp\/v2\/disenadores?post=15034"},{"taxonomy":"marca","embeddable":true,"href":"https:\/\/enlineabarcelona.com\/ca\/wp-json\/wp\/v2\/marca?post=15034"}],"curies":[{"name":"wp","href":"https:\/\/api.w.org\/{rel}","templated":true}]}}