{"id":15035,"date":"2025-10-27T11:12:10","date_gmt":"2025-10-27T11:12:10","guid":{"rendered":"https:\/\/enlineabarcelona.com\/producto\/husk\/"},"modified":"2026-02-16T12:24:02","modified_gmt":"2026-02-16T12:24:02","slug":"husk","status":"publish","type":"product","link":"https:\/\/enlineabarcelona.com\/ca\/producto\/husk\/","title":{"rendered":"HUSK"},"content":{"rendered":"<p>Cadira amb bra\u00e7os, eco-sostenible gr\u00e0cies a la seva estructura de Hirek, material pl\u00e0stic fet de pol\u00edmers reciclats i reciclables. Entapissat embuatat caracter\u00edstic de capitonat.<\/p>\n","protected":false},"excerpt":{"rendered":"<p>Cadira amb bra\u00e7os, eco-sostenible gr\u00e0cies a la seva estructura de Hirek, material pl\u00e0stic fet de pol\u00edmers reciclats i reciclables. Entapissat embuatat caracter\u00edstic de capitonat.<\/p>\n","protected":false},"featured_media":4277,"comment_status":"closed","ping_status":"open","template":"","meta":{"_acf_changed":false},"product_cat":[1271,1134],"product_tag":[],"disenadores":[1288],"marca":[1422],"class_list":{"0":"post-15035","1":"product","2":"type-product","3":"status-publish","4":"has-post-thumbnail","6":"product_cat-cadires","7":"product_cat-mobiliari","8":"disenadores-patricia-urquiolapatricia-urquiola","9":"marca-bb-italia","10":"sales-flash-overlay","11":"woocommerce-text-align-center","12":"woocommerce-image-align-center","13":"do-quantity-buttons","14":"wc-has-gallery","16":"first","17":"instock","18":"purchasable","19":"product-type-simple"},"acf":[],"_links":{"self":[{"href":"https:\/\/enlineabarcelona.com\/ca\/wp-json\/wp\/v2\/product\/15035","targetHints":{"allow":["GET"]}}],"collection":[{"href":"https:\/\/enlineabarcelona.com\/ca\/wp-json\/wp\/v2\/product"}],"about":[{"href":"https:\/\/enlineabarcelona.com\/ca\/wp-json\/wp\/v2\/types\/product"}],"replies":[{"embeddable":true,"href":"https:\/\/enlineabarcelona.com\/ca\/wp-json\/wp\/v2\/comments?post=15035"}],"wp:featuredmedia":[{"embeddable":true,"href":"https:\/\/enlineabarcelona.com\/ca\/wp-json\/wp\/v2\/media\/4277"}],"wp:attachment":[{"href":"https:\/\/enlineabarcelona.com\/ca\/wp-json\/wp\/v2\/media?parent=15035"}],"wp:term":[{"taxonomy":"product_cat","embeddable":true,"href":"https:\/\/enlineabarcelona.com\/ca\/wp-json\/wp\/v2\/product_cat?post=15035"},{"taxonomy":"product_tag","embeddable":true,"href":"https:\/\/enlineabarcelona.com\/ca\/wp-json\/wp\/v2\/product_tag?post=15035"},{"taxonomy":"disenadores","embeddable":true,"href":"https:\/\/enlineabarcelona.com\/ca\/wp-json\/wp\/v2\/disenadores?post=15035"},{"taxonomy":"marca","embeddable":true,"href":"https:\/\/enlineabarcelona.com\/ca\/wp-json\/wp\/v2\/marca?post=15035"}],"curies":[{"name":"wp","href":"https:\/\/api.w.org\/{rel}","templated":true}]}}